{"id":7586,"date":"2023-08-02T14:46:15","date_gmt":"2023-08-02T13:46:15","guid":{"rendered":"https:\/\/erlebnis-parkplatz.net\/?page_id=7586"},"modified":"2024-07-05T14:37:28","modified_gmt":"2024-07-05T13:37:28","slug":"woerterwald","status":"publish","type":"page","link":"https:\/\/erlebnis-parkplatz.net\/?page_id=7586","title":{"rendered":"W\u00f6rterwald"},"content":{"rendered":"\n<p>Worte haben Wert. Ob ich etwas sage und wie ich es sage, ob ich jemand erw\u00e4hne oder nur miterw\u00e4hne &#8211; das gestaltet die Welt. <\/p>\n\n\n\n<p>In dem Sinn m\u00f6chte ich hier einige meiner Gedichte &amp; Kurzprosa teilen:<\/p>\n\n\n\n<h2 class=\"wp-block-heading\">unwegsam farbig<\/h2>\n\n\n\n<p><em>un-sicher<\/em><\/p>\n\n\n\n<p><em>un-gewissem<\/em><\/p>\n\n\n\n<p><em>vertrauen<\/em><\/p>\n\n\n\n<p><\/p>\n\n\n\n<p><em>un-sichtbares<\/em><\/p>\n\n\n\n<p><em>ersp\u00fcren<\/em><\/p>\n\n\n\n<p><\/p>\n\n\n\n<p><em>un-wegsames<\/em><\/p>\n\n\n\n<p><em>ertasten<\/em><\/p>\n\n\n\n<p><\/p>\n\n\n\n<p><em>grenzenlos schwarzes<\/em><\/p>\n\n\n\n<p><em>be-farb-tupfen<\/em><\/p>\n\n\n\n<p><\/p>\n\n\n\n<p><em>un-wegsam farbig<\/em><\/p>\n\n\n\n<p><em>unterwegs<\/em><\/p>\n\n\n\n<p><\/p>\n\n\n\n<h2 class=\"wp-block-heading\">Grenzen setzen &#8211; ausgrenzen<\/h2>\n\n\n\n<p><strong>Ich ziehe eine Grenze<\/strong><\/p>\n\n\n\n<p>d.h. <em><strong>ich<\/strong><\/em> setze mich auseinander<br>mit mir<br>mit anderen&nbsp;<em>Menschen<\/em><br>\u00fcberlege mir welchen Raum <em>ich<\/em> brauche<br>wieso<br>und <em><strong>\u00fcbernehme<\/strong><\/em>die <em><strong>Verantwortung<\/strong><\/em>daf\u00fcr \u2013 <em><strong>f\u00fcr mich<\/strong><\/em><br>und<br><em><strong>liebevoll<\/strong><\/em><br>aber <em><strong>klar<\/strong><\/em><br>und <em><strong>entschlossen<\/strong><\/em><br><em><strong>ziehe ich eine Grenze<\/strong><\/em><\/p>\n\n\n\n<p><strong>Ich grenze aus<br><\/strong>Ich sage: Du hast hier keinen Platz<br>So wer wie <em>Du<\/em>.<br>Du spinnst ja.<br><em><strong>Was willst Du hier \u00fcberhaupt?<\/strong><\/em><br>Darf ich das entscheiden?<br>Ich denke nicht.<\/p>\n\n\n\n<p>Und darum versuche ich nicht auszugrenzen.<br>Sondern Grenzen zu setzen.<\/p>\n\n\n\n<p><strong>Wenn ich Grenzen setze<\/strong><br><strong>dann schaffe ich Reibungsfl\u00e4chen<\/strong><br>an Reibungsfl\u00e4chen entsteht W\u00e4rme<br>im Idealfall: <strong>Herzensw\u00e4rme<\/strong>.<br>Denn bevor ich mich abgegrenzt habe, habe ich mich zugewendet \u2013<br>meinen Bed\u00fcrfnissen, meinem Herz. Ich lade alle ein, mir dabei zu helfen.<\/p>\n","protected":false},"excerpt":{"rendered":"<p>Worte haben Wert. Ob ich etwas sage und wie ich es sage, ob ich jemand erw\u00e4hne oder nur miterw\u00e4hne &#8211; das gestaltet die Welt. In dem Sinn m\u00f6chte ich hier einige meiner Gedichte &amp; Kurzprosa teilen: unwegsam farbig un-sicher un-gewissem vertrauen un-sichtbares ersp\u00fcren un-wegsames ertasten grenzenlos schwarzes be-farb-tupfen un-wegsam farbig unterwegs Grenzen setzen &#8211; ausgrenzen&hellip; <a class=\"more-link\" href=\"https:\/\/erlebnis-parkplatz.net\/?page_id=7586\"><span class=\"screen-reader-text\">W\u00f6rterwald<\/span> weiterlesen<\/a><\/p>\n","protected":false},"author":2,"featured_media":0,"parent":1429,"menu_order":0,"comment_status":"closed","ping_status":"closed","template":"","meta":{"footnotes":""},"class_list":["post-7586","page","type-page","status-publish","hentry","entry"],"_links":{"self":[{"href":"https:\/\/erlebnis-parkplatz.net\/index.php?rest_route=\/wp\/v2\/pages\/7586","targetHints":{"allow":["GET"]}}],"collection":[{"href":"https:\/\/erlebnis-parkplatz.net\/index.php?rest_route=\/wp\/v2\/pages"}],"about":[{"href":"https:\/\/erlebnis-parkplatz.net\/index.php?rest_route=\/wp\/v2\/types\/page"}],"author":[{"embeddable":true,"href":"https:\/\/erlebnis-parkplatz.net\/index.php?rest_route=\/wp\/v2\/users\/2"}],"replies":[{"embeddable":true,"href":"https:\/\/erlebnis-parkplatz.net\/index.php?rest_route=%2Fwp%2Fv2%2Fcomments&post=7586"}],"version-history":[{"count":3,"href":"https:\/\/erlebnis-parkplatz.net\/index.php?rest_route=\/wp\/v2\/pages\/7586\/revisions"}],"predecessor-version":[{"id":7592,"href":"https:\/\/erlebnis-parkplatz.net\/index.php?rest_route=\/wp\/v2\/pages\/7586\/revisions\/7592"}],"up":[{"embeddable":true,"href":"https:\/\/erlebnis-parkplatz.net\/index.php?rest_route=\/wp\/v2\/pages\/1429"}],"wp:attachment":[{"href":"https:\/\/erlebnis-parkplatz.net\/index.php?rest_route=%2Fwp%2Fv2%2Fmedia&parent=7586"}],"curies":[{"name":"wp","href":"https:\/\/api.w.org\/{rel}","templated":true}]}}