{"id":7128,"date":"2023-07-09T14:58:22","date_gmt":"2023-07-09T13:58:22","guid":{"rendered":"https:\/\/erlebnis-parkplatz.net\/?page_id=7128"},"modified":"2024-07-05T13:03:57","modified_gmt":"2024-07-05T12:03:57","slug":"platz-sparen-ideen-fuer-den-unterricht","status":"publish","type":"page","link":"https:\/\/erlebnis-parkplatz.net\/?page_id=7128","title":{"rendered":"Platz &#8222;sparen&#8220;: Ideen f\u00fcr den Unterricht"},"content":{"rendered":"\n<p class=\"has-drop-cap\"><strong>Wir Erwachsene kriegen das mit dem Bodensparen \u00fcberhaupt nicht toll hin. Das zeigen in Haag &#8211; u.a. aber nicht nur &#8211; die nach wie vor existenten Gr\u00fcng\u00fcrtel-Bebauungspl\u00e4ne. Zeit also, mal Kinder &amp; Jugendliche \u00fcberlegen zu lassen, wie sie das machen w\u00fcrden. Daf\u00fcr wurden ganz spannende Unterrichtsvorschl\u00e4ge f\u00fcr verschiedene Schulstufen entwickelt<\/strong> &#8211; <strong>die sich auch hervorragend f\u00fcr Haager Schulen eignen. <\/strong><\/p>\n\n\n\n<p>Ganz spannend find ich die online verf\u00fcgbaren Unterrichtsmaterialien der deutschen Ministeriums f\u00fcr Umwelt- und Naturschutz. Sie umfassen Hintergrundinformationen (Arbeitsmaterialien) und konkrete Beschreibungen von Unterrichtsprojekten (inkl. Arbeitsbl\u00e4tter, Ziele &amp; Kompetenzen) &#8211; k\u00f6nnen also direkt um- bzw. eingesetzt werden, auch in Haag am Hausruck. Bleibt also nur noch folgendes Problem zu l\u00f6sen: Welches der spannenden Projekte passt f\u00fcr meine Klasse? Daf\u00fcr gibt es hier eine Entscheidungshilfe.<\/p>\n\n\n\n<p>Der Unterrichtsvorschlag <a rel=\"noreferrer noopener\" href=\"\/\/www.umwelt-im-unterricht.de\/unterrichtsvorschlaege\/mehr-haeuser-mehr-strassen-weniger-natur-wie-koennen-wir-den-verbrauch-von-flaeche-reduzieren\/\" target=\"_blank\"><strong>&#8222;Mehr H\u00e4user, mehr Stra\u00dfen, weniger Natur \u2013 Wie k\u00f6nnen wir den Verbrauch von Fl\u00e4che reduzieren?<\/strong>&#8222;, <\/a>f\u00fcr die <strong>Mittelschule\/Sekundarstufe <\/strong>ist in Haag von gro\u00dfer Aktualit\u00e4t. Die Sch\u00fcler*innen untersuchen bei einer kurzen Exkursion f\u00fcr welche verschiedenen Zwecke Fl\u00e4chen genutzt werden. Sie vergleichen zwei verschiedene Zug\u00e4nge: <\/p>\n\n\n\n<ul class=\"wp-block-list\">\n<li><em>Neuausweisung von Baugrund <\/em>(wie es in Haag\/H. vor Kurzem im Ortsteil Sonnfeld umgesetzt wurde, wo der Ort &#8211; f\u00fcr viel Steuergeld &#8211; in Gr\u00fcnland hineinwuchs) oder <\/li>\n\n\n\n<li>die <em>sogenannte Nachverdichtung<\/em> (z.B. Umwandlung eines Einfamilienhauses in ein Mehrfamilienhaus bzw. Haus mit mehreren Wohnungen oder die Bebauung der zahlreichen in &#8222;Baul\u00fccken&#8220; in Haag, d.h. gewidmetes und bereits erschlossenes Bauland bebauen, das in bereits bestehenden Wohngebieten liegt). <\/li>\n<\/ul>\n\n\n\n<p>Die Ergebnisse werden dann von den Sch\u00fcler*innen in Form von (digitalen) Lernplakaten dargestellt. So etwas w\u00e4re hochspannend &#8211; k\u00f6nnte man z.B. im Gemeindeamt ausstellen und\/oder auf die Gemeinde-Website stellen oder in der Gemeindezeitung vorstellen. <\/p>\n\n\n\n<p>Beim Projekt <strong><a rel=\"noreferrer noopener\" href=\"https:\/\/www.umwelt-im-unterricht.de\/unterrichtsvorschlaege\/alles-braucht-platz\/\" target=\"_blank\">&#8222;Alles braucht Platz&#8220;<\/a><\/strong> kommen die <strong>Volksch\u00fcler:innen<\/strong> zum Zug. Sie vergleichen, f\u00fcr welche verschiedenen Zwecke Fl\u00e4chen genutzt werden und wie sich der Fl\u00e4chenverbrauch im Laufe der Jahre ver\u00e4ndert hat. Daraus entsteht dann ein Lernplakat \u00fcber die Folgen des Fl\u00e4chenverbrauchs f\u00fcr Menschen und Umwelt. Die Sch\u00fcler*innen stellen als Abschluss ihre Ergebnisse in einem Gespr\u00e4chskreis vor und entwickeln Ideen, um den Verbrauch von Fl\u00e4che zu reduzieren. Auch diese Plakate w\u00fcrden sich hervorragend als Ausstellungsmaterial f\u00fcr eine Vorstellung in der Gemeindezeitung oder Ausstellung im Gemeindeamt eignen. Am Besten gleich mit F\u00fchrung f\u00fcr die Mitglieder des Gemeinderats und Interessierte aus der Bev\u00f6lkerung durch die Sch\u00fcler*innen. So w\u00fcrde gleich auch noch die Demokratie belebt und Teilhabe der Bev\u00f6lkerung schon f\u00fcr Kinder &amp; Jugendliche normalisiert. Es w\u00e4re eine \u00d6ffnung, die frischen Wind nach Haag bringen w\u00fcrde &#8211; und ein St\u00fcck mehr gleichwertiges Miteinander. <\/p>\n\n\n\n<p><strong>Quelle und zum Weiterlesen:<\/strong><\/p>\n\n\n\n<p><a rel=\"noreferrer noopener\" href=\"https:\/\/www.umwelt-im-unterricht.de\/wochenthemen\/flaechen-sparen-wofuer-brauchen-wir-platz\/\" target=\"_blank\">Umwelt im Unterricht: Aktuell<\/a><\/p>\n\n\n\n<p>Ver\u00f6ffentlicht am 22. November 2021, Aktualisierung  am 9. Juli 2023<\/p>\n","protected":false},"excerpt":{"rendered":"<p>Wir Erwachsene kriegen das mit dem Bodensparen \u00fcberhaupt nicht toll hin. Das zeigen in Haag &#8211; u.a. aber nicht nur &#8211; die nach wie vor existenten Gr\u00fcng\u00fcrtel-Bebauungspl\u00e4ne. Zeit also, mal Kinder &amp; Jugendliche \u00fcberlegen zu lassen, wie sie das machen w\u00fcrden. Daf\u00fcr wurden ganz spannende Unterrichtsvorschl\u00e4ge f\u00fcr verschiedene Schulstufen entwickelt &#8211; die sich auch hervorragend&hellip; <a class=\"more-link\" href=\"https:\/\/erlebnis-parkplatz.net\/?page_id=7128\"><span class=\"screen-reader-text\">Platz &#8222;sparen&#8220;: Ideen f\u00fcr den Unterricht<\/span> weiterlesen<\/a><\/p>\n","protected":false},"author":2,"featured_media":7129,"parent":6964,"menu_order":0,"comment_status":"closed","ping_status":"closed","template":"","meta":{"footnotes":""},"class_list":["post-7128","page","type-page","status-publish","has-post-thumbnail","hentry","entry"],"_links":{"self":[{"href":"https:\/\/erlebnis-parkplatz.net\/index.php?rest_route=\/wp\/v2\/pages\/7128","targetHints":{"allow":["GET"]}}],"collection":[{"href":"https:\/\/erlebnis-parkplatz.net\/index.php?rest_route=\/wp\/v2\/pages"}],"about":[{"href":"https:\/\/erlebnis-parkplatz.net\/index.php?rest_route=\/wp\/v2\/types\/page"}],"author":[{"embeddable":true,"href":"https:\/\/erlebnis-parkplatz.net\/index.php?rest_route=\/wp\/v2\/users\/2"}],"replies":[{"embeddable":true,"href":"https:\/\/erlebnis-parkplatz.net\/index.php?rest_route=%2Fwp%2Fv2%2Fcomments&post=7128"}],"version-history":[{"count":1,"href":"https:\/\/erlebnis-parkplatz.net\/index.php?rest_route=\/wp\/v2\/pages\/7128\/revisions"}],"predecessor-version":[{"id":7130,"href":"https:\/\/erlebnis-parkplatz.net\/index.php?rest_route=\/wp\/v2\/pages\/7128\/revisions\/7130"}],"up":[{"embeddable":true,"href":"https:\/\/erlebnis-parkplatz.net\/index.php?rest_route=\/wp\/v2\/pages\/6964"}],"wp:featuredmedia":[{"embeddable":true,"href":"https:\/\/erlebnis-parkplatz.net\/index.php?rest_route=\/wp\/v2\/media\/7129"}],"wp:attachment":[{"href":"https:\/\/erlebnis-parkplatz.net\/index.php?rest_route=%2Fwp%2Fv2%2Fmedia&parent=7128"}],"curies":[{"name":"wp","href":"https:\/\/api.w.org\/{rel}","templated":true}]}}