{"id":7068,"date":"2023-07-09T08:37:06","date_gmt":"2023-07-09T07:37:06","guid":{"rendered":"https:\/\/erlebnis-parkplatz.net\/?page_id=7068"},"modified":"2024-07-05T13:03:57","modified_gmt":"2024-07-05T12:03:57","slug":"munus-boden-fuer-gutes-leben","status":"publish","type":"page","link":"https:\/\/erlebnis-parkplatz.net\/?page_id=7068","title":{"rendered":"Munus &#8211; Boden f\u00fcr gutes Leben"},"content":{"rendered":"<p><iframe loading=\"lazy\" title=\"YouTube video player\" src=\"https:\/\/www.youtube.com\/embed\/KwsjbkE8KaE\" width=\"560\" height=\"315\" frameborder=\"0\" allowfullscreen=\"allowfullscreen\"><\/iframe><\/p>\n\n\n<p><strong>Munus \u2013 das hei\u00dft Geschenk, Aufgabe und Verpflichtung zugleich. Genau das ist ein Bauernhof<\/strong>. Und wenn ich so einen besitze oder Gr\u00fcnland besitze, das ich geerbt habe \u2013 diese B\u00f6den aber selber nicht mehr bewirtschafte oder zwar bewirtschafte, aber keine Kinder habe, die meine B\u00f6den sp\u00e4ter weiterbewirtschaften, dann <strong>kann ich mein Land in die Munus-Stiftung einbringen<\/strong>. So kann ich mich daf\u00fcr einsetzen, dass es in den H\u00e4nden von Menschen ist, die es in meinem Sinn bewirtschaften und <strong>Sorge dazu tragen, dass es Gr\u00fcnland bleibt<\/strong><\/p>\n\n\n\n<p>Die gemeinn\u00fctzige \u201c<a href=\"https:\/\/munus-stiftung.org\/\" target=\"_blank\" rel=\"noreferrer noopener\">Munus-Stiftung \u2013 Boden f\u00fcr gutes Leben<\/a>\u201d ist ein Werkzeug, mit dem Menschen Wirkungsmacht bekommen und unsere Lebensgrundlagen gesch\u00fctzt werden. Sie wird getragen von Menschen aus ganz unterschiedlichen Berufen. <\/p>\n\n\n\n<blockquote class=\"wp-block-quote is-layout-flow wp-block-quote-is-layout-flow\">\n<p>Die gemeinn\u00fctzige Munus Stiftung \u2013 Boden f\u00fcr gutes Leben ist eine Gemeinschaft von Menschen, die Eigentum oder Geld einem solidarischen, \u00f6kologischen und \/ oder emanzipatorischen Zweck widmen oder in diesem Sinne nutzen wollen.<\/p>\n\n\n\n<p><em>Die Munus Stiftung entstand durch den Wunsch einer Gruppe von Menschen kollektive Investitionen als Gemeingut abzusichern, sowie zweier Menschen Land zu stiften. Ziel war es Eigentum endg\u00fcltig und personenunabh\u00e4ngig f\u00fcr gemeinn\u00fctzige Zwecke sichern: F\u00fcr den Schutz und den Erhalt unserer nat\u00fcrlichen Lebensgrundlagen und f\u00fcr den Zugang aller Menschen zu den Mitteln eines guten Lebens. Denn beides ist bedroht.<\/em>&#8222;<\/p>\n<cite>Aus der <a href=\"https:\/\/munus-stiftung.org\/stiftung\/\" target=\"_blank\" rel=\"noreferrer noopener\">Website der Munus Stiftung<\/a><\/cite><\/blockquote>\n\n\n\n<p>Ich finde es toll, dass es solche Stiftungen gibt. <\/p>\n\n\n\n<p>Ver\u00f6ffentlicht am 8. August 2021<\/p>\n\n\n\n<p>Letzte \u00c4nderung: <\/p>\n\n\n<div class=\"wp-block-post-date__modified-date wp-block-post-date\"><time datetime=\"2024-07-05T13:03:57+01:00\">5. Juli 2024<\/time><\/div>","protected":false},"excerpt":{"rendered":"<p>Munus \u2013 das hei\u00dft Geschenk, Aufgabe und Verpflichtung zugleich. Genau das ist ein Bauernhof. Und wenn ich so einen besitze oder Gr\u00fcnland besitze, das ich geerbt habe \u2013 diese B\u00f6den aber selber nicht mehr bewirtschafte oder zwar bewirtschafte, aber keine Kinder habe, die meine B\u00f6den sp\u00e4ter weiterbewirtschaften, dann kann ich mein Land in die Munus-Stiftung&hellip; <a class=\"more-link\" href=\"https:\/\/erlebnis-parkplatz.net\/?page_id=7068\"><span class=\"screen-reader-text\">Munus &#8211; Boden f\u00fcr gutes Leben<\/span> weiterlesen<\/a><\/p>\n","protected":false},"author":2,"featured_media":7069,"parent":6964,"menu_order":0,"comment_status":"closed","ping_status":"closed","template":"","meta":{"footnotes":""},"class_list":["post-7068","page","type-page","status-publish","has-post-thumbnail","hentry","entry"],"_links":{"self":[{"href":"https:\/\/erlebnis-parkplatz.net\/index.php?rest_route=\/wp\/v2\/pages\/7068","targetHints":{"allow":["GET"]}}],"collection":[{"href":"https:\/\/erlebnis-parkplatz.net\/index.php?rest_route=\/wp\/v2\/pages"}],"about":[{"href":"https:\/\/erlebnis-parkplatz.net\/index.php?rest_route=\/wp\/v2\/types\/page"}],"author":[{"embeddable":true,"href":"https:\/\/erlebnis-parkplatz.net\/index.php?rest_route=\/wp\/v2\/users\/2"}],"replies":[{"embeddable":true,"href":"https:\/\/erlebnis-parkplatz.net\/index.php?rest_route=%2Fwp%2Fv2%2Fcomments&post=7068"}],"version-history":[{"count":2,"href":"https:\/\/erlebnis-parkplatz.net\/index.php?rest_route=\/wp\/v2\/pages\/7068\/revisions"}],"predecessor-version":[{"id":9074,"href":"https:\/\/erlebnis-parkplatz.net\/index.php?rest_route=\/wp\/v2\/pages\/7068\/revisions\/9074"}],"up":[{"embeddable":true,"href":"https:\/\/erlebnis-parkplatz.net\/index.php?rest_route=\/wp\/v2\/pages\/6964"}],"wp:featuredmedia":[{"embeddable":true,"href":"https:\/\/erlebnis-parkplatz.net\/index.php?rest_route=\/wp\/v2\/media\/7069"}],"wp:attachment":[{"href":"https:\/\/erlebnis-parkplatz.net\/index.php?rest_route=%2Fwp%2Fv2%2Fmedia&parent=7068"}],"curies":[{"name":"wp","href":"https:\/\/api.w.org\/{rel}","templated":true}]}}