{"id":7066,"date":"2023-07-11T17:08:31","date_gmt":"2023-07-11T16:08:31","guid":{"rendered":"https:\/\/erlebnis-parkplatz.net\/?page_id=7066"},"modified":"2024-07-05T13:03:57","modified_gmt":"2024-07-05T12:03:57","slug":"bodenschutz-in-haag-worte-taten","status":"publish","type":"page","link":"https:\/\/erlebnis-parkplatz.net\/?page_id=7066","title":{"rendered":"Bodenschutz in Haag: Worte &#038; Taten"},"content":{"rendered":"\n<h2 class=\"wp-block-heading\">Worte<\/h2>\n\n\n\n<p class=\"has-drop-cap\"><strong>Die vier Fraktionen, die in Haag am Hausruck im Gemeinderat sitzen<\/strong><strong> antreten, wurden von der Klima-Allianz Ober\u00f6sterreich vor der Wahl im September 2021 zu Ihrer Haltung zum Bodenschutz befragt<\/strong>.<\/p>\n\n\n\n<p><strong>Auf die Frage, ob sie in ihrer Gemeinde Ma\u00dfnahmen setzen wollen, um den Fl\u00e4chenverbrauch und die Bodenversiegelung zu verringern, antworteten die Haager Parteien wie folgt:<\/strong><\/p>\n\n\n\n<figure class=\"wp-block-image size-large\"><img decoding=\"async\" src=\"https:\/\/ausliebezuhaag.at\/wp-content\/uploads\/2021\/08\/Screenshot-2021-08-11-at-14-16-24-Oesterreich-wird-klimaneutral_Parteien-1024x53.jpg\" alt=\"\" class=\"wp-image-370\"\/><\/figure>\n\n\n\n<figure class=\"wp-block-image size-large\"><img decoding=\"async\" src=\"https:\/\/ausliebezuhaag.at\/wp-content\/uploads\/2021\/08\/Screenshot-2021-08-11-at-13-59-48-Oesterreich-wird-klimaneutral_9-Reduktion-Bodenverbrauch-1024x114.png\" alt=\"\" class=\"wp-image-372\"\/><\/figure>\n\n\n\n<p><strong>\u00d6VP<\/strong><mark style=\"background-color:rgba(0, 0, 0, 0);color:#e612e6\" class=\"has-inline-color\"> <\/mark>und <strong><mark style=\"background-color:rgba(0, 0, 0, 0);color:#07a300\" class=\"has-inline-color\">Gr\u00fcne<\/mark><\/strong> gaben an, sie wollen den Fl\u00e4chenverbrauch und die Versiegelung in Haag verringern, durch Ma\u00dfnahmen wie<\/p>\n\n\n\n<ul class=\"wp-block-list\">\n<li>die Begr\u00fcnung versiegelter Fl\u00e4chen, <\/li>\n\n\n\n<li>die Erhaltung und Schaffung von Gr\u00fcnb\u00e4umen sowie <\/li>\n\n\n\n<li>die Erhaltung oder das au\u00dfer Nutzung stellen oder unter Naturschutz stellen von Teilen des Gemeindegebietes.<\/li>\n<\/ul>\n\n\n\n<p><strong><mark style=\"background-color:rgba(0, 0, 0, 0);color:#f00808\" class=\"has-inline-color\">SP\u00d6<\/mark><\/strong> und <strong><mark style=\"background-color:rgba(0, 0, 0, 0);color:#090fd9\" class=\"has-inline-color\">FP\u00d6<\/mark><\/strong> haben die Umfrage nicht beantwortet.<\/p>\n\n\n\n<h2 class=\"wp-block-heading\">Taten<\/h2>\n\n\n\n<p><strong>\u00d6VP<\/strong> und <strong><mark style=\"background-color:rgba(0, 0, 0, 0);color:#5db77d\" class=\"has-inline-color\">Gr\u00fcne<\/mark><\/strong> stellen nach der Wahl im Herbst 2021 zusammen die absolute Mehrheit im Gemeinderat. Einer vollumf\u00e4nglichen Umsetzung der vor der Wahl versprochenen Worte steht also theoretisch nichts im Weg. In der Praxis sieht die Situation wie folgt aus: <\/p>\n\n\n\n<figure class=\"wp-block-table\"><table><tbody><tr><td><strong><mark>Ma\u00dfnahmen, die den Bodenverbrauch erh\u00f6hen<\/mark><\/strong><\/td><td><strong><mark>Stand 11.7.2023<\/mark><\/strong><\/td><\/tr><tr><td><strong>Umwidmungen, durch die zus\u00e4tzlich Boden verbraucht \/ versiegelt wird.<\/strong><\/td><td>Die \u00d6VP-Fraktion stimmt &#8211; entgegen ihrem Versprechen, den Bodenverbrauch zu reduzieren &#8211; in der Regel f\u00fcr (u.a.) Gr\u00fcnlandumwidmungen, die bewirken, dass sich der Ort in noch verbleibendes Gr\u00fcnland ausdehnt. Dies bei gleichzeitig zahlreichen gewidmeten Baulandfl\u00e4chen innerhalb der Haager Siedlungsgrenzen und Leerst\u00e4nden\/Unternutzung von Geb\u00e4uden innerhalb der Siedlungsgrenzen. <br>Gr\u00fcne Gemeinderatsmitglieder stimmen oft gegen Widmungen, die zu zus\u00e4tzlicher Bodenversiegelung f\u00fchren, aber nicht geschlossen. <br>Eine genauere Analyse des Abstimmungsverhaltens der einzelnen Fraktionen ist in Bearbeitung. <\/td><\/tr><tr><td><strong>Ablehnung der B\u00fcrger:innen-Initiative &#8222;Gewerbepark oder Lebensraum&#8220;<\/strong><\/td><td>Die Initiative forderte eine \u00dcberarbeitung des \u00f6rtlichen Entwicklungskonzeptes \u00d6EK mit einem Stopp von  Umwidmungen zu Gewerbebaufl\u00e4chen und Mischbaufl\u00e4chen vom 1.000 m\u00b2 und dar\u00fcber bis zur Rechtskraft des neuen \u00d6EK.  <br>Es wurde von allen Gemeinderatsmitgliedern der \u00d6VP, SP\u00d6 und FP\u00d6 abgelehnt, die Fraktion der Gr\u00fcnen stimmte (geschlossen) daf\u00fcr. <\/td><\/tr><\/tbody><\/table><figcaption class=\"wp-element-caption\">\u00dcbersicht \u00fcber <strong>Taten des Haager Gemeinderats<\/strong> nach der Gemeinderatswahl 2021, die den <strong>Bodenverbrauch<\/strong> <strong>erh\u00f6hen<\/strong>.<\/figcaption><\/figure>\n\n\n\n<div class=\"wp-block-group\"><div class=\"wp-block-group__inner-container is-layout-constrained wp-block-group-is-layout-constrained\">\n<figure class=\"wp-block-table\"><table><tbody><tr><td><strong><mark style=\"background-color:#faef0c\" class=\"has-inline-color has-black-color\">Versprochene Ma\u00dfnahmen zur Reduzierung des Bodenverbrauchs<\/mark><\/strong><\/td><td><strong><mark style=\"background-color:#f7fd05\" class=\"has-inline-color has-black-color\">Umsetzung (Stand 11.7.2023)<\/mark><\/strong><\/td><\/tr><tr><td><strong>Begr\u00fcnung versiegelter Fl\u00e4chen<\/strong><\/td><td><strong>Keine entsprechende Ma\u00dfnahme<\/strong> durch den Gemeinderat (keine Begr\u00fcnung versiegelter \u00f6ffentlicher Fl\u00e4chen, keine F\u00f6rderung der Entsiegelung von versiegelten Fl\u00e4chen im Privatbesitz)<\/td><\/tr><tr><td><strong>Erhaltung und Schaffung von Gr\u00fcnb\u00e4umen<\/strong><\/td><td><strong>Erhaltung<\/strong> der bestehenden B\u00e4ume.<br><br><strong>Neupflanzung<\/strong> von B\u00e4umen am Kirchen- und Festplatz sowie am Freibad-Parkplatz.<\/td><\/tr><tr><td><strong>Erhaltung oder das au\u00dfer Nutzung stellen oder unter Naturschutz stellen von Teilen des Gemeindegebietes<\/strong>.<\/td><td><strong>Keine Ma\u00dfnahme <\/strong>zum au\u00dfer Nutzung stellen oder unter Naturschutz stellen von Fl\u00e4chen im Gemeindegebiet durch den Gemeinderat. <br><br>Anmerkung: Eine Ma\u00dfnahme zum au\u00dfer Nutzung stellen einer Fl\u00e4che im Gemeindegebiet erfolgte durch (meine) Privatinitiative, am (ehemaligen) <a rel=\"noreferrer noopener\" href=\"https:\/\/erlebnis-parkplatz.net\/?p=6820\" target=\"_blank\">Parkplatz Luisenh\u00f6h<\/a><a rel=\"noreferrer noopener\" href=\"https:\/\/erlebnis-parkplatz.net\/?page_id=5598\" target=\"_blank\">e<\/a><\/td><\/tr><tr><td><strong>Sonstige Ma\u00dfnahmen zur Reduktion des Bodenverbrauchs \/ Versiegelung<\/strong><\/td><td>Ernennung von <strong>Fahrradbeauftragten<\/strong>  &#8211; mehr Fahrradverkehr = deutlich reduzierter Fl\u00e4chenverbrauch: ein Autostellplatz = ca. 10 m<sup>2<\/sup>, ein Fahrradstellplatz = ca. 1,3 m<sup>2<\/sup>. Bei einer konsequenten F\u00f6rderung des Radverkehrs in Haag k\u00f6nnten also Autoparkpl\u00e4tze r\u00fcckgebaut werden. <br><br>Errichtung von (neuen) Auto-Parkpl\u00e4tzen mit <strong>Rasengittersteinen statt Asphalt<\/strong> (Friedhof, Busterminal).<br><br>Geplante <strong>\u00dcberarbeitung der \u00f6rtlichen Entwicklungsgebietes \u00d6EK<\/strong>. Diese \u00dcberarbeitung bietet die M\u00f6glichkeit, die Ortsentwicklung, die im derzeitigen \u00d6EK vorgesehen ist, anzupassen und in Einklang mit einer zeitgem\u00e4\u00dfen Ortsentwicklung zu bringen (im derzeitigen \u00d6EK sind ein betr\u00e4chtlicher, zukunftsgef\u00e4hrdender Bodenverbrauch \/ Versiegelung geplant). Eine \u00dcberarbeitung ist also eine Chance f\u00fcr einen zeitgem\u00e4\u00dfen Bodenschutz &#8211; f\u00fcr uns alle, die Umwelt und die, die nach uns kommen. <br><br>Derzeit wird von der LEADER-Region &#8222;Mostlandl Hausruck&#8220; in Zusammenarbeit mit dem o\u00f6. Regionalmanagement ein <strong>Projekt f\u00fcr<\/strong> <strong>Leerstandserhebung und Nachnutzung von Leerst\u00e4nden<\/strong> forciert, die Gemeinde Haag ist federf\u00fchrend beteiligt. Eine Beschlussfassung f\u00fcr die Konzepterstellung ist f\u00fcr die Gemeinderats-Sitzung im September 2023 geplant.<br><br>Erarbeitung von Zahlengrundlagen f\u00fcr ein <strong>\u00f6rtliches<\/strong> <strong>Bodenverbrauchsziel f\u00fcr Haag\/H. <\/strong>durch die Gr\u00fcne Fraktion im Gemeinderat (siehe Seite 9 des &#8222;Gr\u00fcnschnabel 03\/2023&#8220;). Dies auf Grundlage des offiziellen Bodenverbrauchsziels der \u00f6sterreichischen Regierung. Es existiert also nun eine Grundlage f\u00fcr die Verabschiedung eines entsprechenden \u00f6rtlichen Bodenverbrauchsziels durch den Gemeinderat.<\/td><\/tr><\/tbody><\/table><figcaption class=\"wp-element-caption\">\u00dcbersicht \u00fcber <strong>Taten des Haager Gemeinderats<\/strong> nach der Gemeinderatswahl 2021, die den <strong>Bodenverbrauch<\/strong> <strong>reduzieren<\/strong>.<\/figcaption><\/figure>\n<\/div><\/div>\n\n\n\n<p>Erstver\u00f6ffentlichung 15. August 2021, \u00dcberarbeitung: 11. Juli 2023<\/p>\n\n\n\n<p>Quellen: <\/p>\n\n\n\n<p> <a rel=\"noreferrer noopener\" href=\"https:\/\/www.klimawahlen.at\/Umfrage.aspx?ID={19693776-a9e1-44d1-812e-42ac547aea25}&amp;GemeindeID=40809&amp;FragebogenDetailID=1&amp;KategorieID=1&amp;ParteiCode=0\" target=\"_blank\">https:\/\/www.klimawahlen.at\/Umfrage.aspx?ID={19693776-a9e1-44d1-812e-42ac547aea25}&amp;GemeindeID=40809&amp;FragebogenDetailID=1&amp;KategorieID=1&amp;ParteiCode=0,<\/a> abgerufen am 11.08.2021<\/p>\n\n\n\n<p>Anfragen die Gemeindeverwaltung von Haag\/H. vom 9. &amp; 10. Juli 2023. <\/p>\n\n\n\n<p>Fl\u00e4chenbedarf Autostellplatz: <a href=\"https:\/\/www.radfahren.de\/story\/platz-rad-flaechenverbrauch-pkw\/\" target=\"_blank\" rel=\"noreferrer noopener\">&#8222;Mehr Platz f\u00fcrs Rad&#8220;<\/a>, Erstver\u00f6ffentlichung 26. Juli 2021<\/p>\n\n\n\n<p>Fl\u00e4chenbedarf Fahrradstellplatz: Land K\u00e4rnten<a rel=\"noreferrer noopener\" href=\"https:\/\/www.klimaaktiv.at\/dam\/jcr:01a70337-f7ee-4503-9e5c-30ff48bb0051\/Leitfaden_Fahrradparken_Web_2015-05-27-1.pdf\" target=\"_blank\">, Leitfaden Fahrradparken<\/a>, Neuauflage 2015<\/p>\n\n\n\n<p><a rel=\"noreferrer noopener\" href=\"https:\/\/erlebnis-parkplatz.net\/wp-content\/uploads\/2023\/07\/2023-03-Gruenschnabel-3_2023.pdf\" target=\"_blank\">Gr\u00fcnschnabel 03\/2023<\/a>, Die Gr\u00fcnen Haag am Hausruck.<\/p>\n","protected":false},"excerpt":{"rendered":"<p>Worte Die vier Fraktionen, die in Haag am Hausruck im Gemeinderat sitzen antreten, wurden von der Klima-Allianz Ober\u00f6sterreich vor der Wahl im September 2021 zu Ihrer Haltung zum Bodenschutz befragt. Auf die Frage, ob sie in ihrer Gemeinde Ma\u00dfnahmen setzen wollen, um den Fl\u00e4chenverbrauch und die Bodenversiegelung zu verringern, antworteten die Haager Parteien wie folgt:&hellip; <a class=\"more-link\" href=\"https:\/\/erlebnis-parkplatz.net\/?page_id=7066\"><span class=\"screen-reader-text\">Bodenschutz in Haag: Worte &#038; Taten<\/span> weiterlesen<\/a><\/p>\n","protected":false},"author":2,"featured_media":7135,"parent":6964,"menu_order":0,"comment_status":"closed","ping_status":"closed","template":"","meta":{"footnotes":""},"class_list":["post-7066","page","type-page","status-publish","has-post-thumbnail","hentry","entry"],"_links":{"self":[{"href":"https:\/\/erlebnis-parkplatz.net\/index.php?rest_route=\/wp\/v2\/pages\/7066","targetHints":{"allow":["GET"]}}],"collection":[{"href":"https:\/\/erlebnis-parkplatz.net\/index.php?rest_route=\/wp\/v2\/pages"}],"about":[{"href":"https:\/\/erlebnis-parkplatz.net\/index.php?rest_route=\/wp\/v2\/types\/page"}],"author":[{"embeddable":true,"href":"https:\/\/erlebnis-parkplatz.net\/index.php?rest_route=\/wp\/v2\/users\/2"}],"replies":[{"embeddable":true,"href":"https:\/\/erlebnis-parkplatz.net\/index.php?rest_route=%2Fwp%2Fv2%2Fcomments&post=7066"}],"version-history":[{"count":17,"href":"https:\/\/erlebnis-parkplatz.net\/index.php?rest_route=\/wp\/v2\/pages\/7066\/revisions"}],"predecessor-version":[{"id":7181,"href":"https:\/\/erlebnis-parkplatz.net\/index.php?rest_route=\/wp\/v2\/pages\/7066\/revisions\/7181"}],"up":[{"embeddable":true,"href":"https:\/\/erlebnis-parkplatz.net\/index.php?rest_route=\/wp\/v2\/pages\/6964"}],"wp:featuredmedia":[{"embeddable":true,"href":"https:\/\/erlebnis-parkplatz.net\/index.php?rest_route=\/wp\/v2\/media\/7135"}],"wp:attachment":[{"href":"https:\/\/erlebnis-parkplatz.net\/index.php?rest_route=%2Fwp%2Fv2%2Fmedia&parent=7066"}],"curies":[{"name":"wp","href":"https:\/\/api.w.org\/{rel}","templated":true}]}}