{"id":7055,"date":"2023-07-08T23:02:50","date_gmt":"2023-07-08T22:02:50","guid":{"rendered":"https:\/\/erlebnis-parkplatz.net\/?page_id=7055"},"modified":"2024-07-05T13:03:57","modified_gmt":"2024-07-05T12:03:57","slug":"biomin-die-doppelte-befangenheit","status":"publish","type":"page","link":"https:\/\/erlebnis-parkplatz.net\/?page_id=7055","title":{"rendered":"Biomin &#038; die doppelte Befangenheit"},"content":{"rendered":"\n<p><strong>Die Ansiedlung der Firma Biomin wurde am 17.11.2017 eingeleitet \u2013 nach einem Antrag der Grundbesitzer*innen vom 5.11.2017 auf Umwidmung des betreffenden Grundst\u00fcckes von \u201cGr\u00fcnland\u201d in \u201cBetriebsbaugebiet\u201d. Diese Antrag wurde u.a. vom Haager B\u00fcrgermeister unterzeichnet \u2013 damaliger Teilbesitzer dieses Grundst\u00fcckes. Dieser war somit f\u00fcr diese Umwidmung befangen \u2013 und zwar doppelt<\/strong>.<\/p>\n\n\n\n<p>Der Grundbesitzer war sowohl B\u00fcrgermeister (der die Interessen der Bev\u00f6lkerung vertritt), als auch Privatperson (die ihre eigenen Interessen vertritt) \u2013 und stand vor der Aufgabe beiden Interessen gerecht zu werden. Mit den privaten Interessen meine ich dabei nicht nur die finanziellen (eine Umwidmung von Gr\u00fcnland in Betriebsbaugebiet f\u00fchrt zu einer Wertsteigerung der betroffenen Grundst\u00fccke), sondern insbesondere auch die ideellen (eine Umwidmung f\u00fchrt zu Verlust von Natur und anderen Werten, die f\u00fcr die betroffene Person vielleicht sehr wichtig sind).<\/p>\n\n\n\n<p>Es stellt sich nun die Frage: Ist es Grundbesitzer*innen im Falle einer Entscheidung, die f\u00fcr die Bev\u00f6lkerung so weitreichende Folgen hat wie die Ansiedlung von Biomin (Aufschlie\u00dfungskosten in der H\u00f6he von 100.000en Euro, Ortsbildver\u00e4nderung, Ank\u00fcndigung von 30 Arbeitspl\u00e4tzen etc.) m\u00f6glich, diese beide Interessen wirklich so zu vertreten, dass nachher sowohl der B\u00fcrgermeister der Bev\u00f6lkerung als auch die Privatperson sich selbst gerecht geworden ist? Dies noch dazu unter den erschwerenden Umst\u00e4nden, dass im Fall einer Erweiterung des Betriebsbaugebiets auf die andere Seite der Umfahrung wieder Grundbesitz des B\u00fcrgermeisters betroffen ist, er also auch bzgl. dieser Erweiterung befangen ist. Ich glaube nicht, das das geht. Ich glaube, dass w\u00e4hrend der Amtszeit von B\u00fcrgermeister:innen deren privater Grundbesitz f\u00fcr Umwidmungen Tabu sein sollte.<\/p>\n\n\n\n<p>Ver\u00f6ffentlichung am 28. August 2021<\/p>\n","protected":false},"excerpt":{"rendered":"<p>Die Ansiedlung der Firma Biomin wurde am 17.11.2017 eingeleitet \u2013 nach einem Antrag der Grundbesitzer*innen vom 5.11.2017 auf Umwidmung des betreffenden Grundst\u00fcckes von \u201cGr\u00fcnland\u201d in \u201cBetriebsbaugebiet\u201d. Diese Antrag wurde u.a. vom Haager B\u00fcrgermeister unterzeichnet \u2013 damaliger Teilbesitzer dieses Grundst\u00fcckes. Dieser war somit f\u00fcr diese Umwidmung befangen \u2013 und zwar doppelt. Der Grundbesitzer war sowohl B\u00fcrgermeister&hellip; <a class=\"more-link\" href=\"https:\/\/erlebnis-parkplatz.net\/?page_id=7055\"><span class=\"screen-reader-text\">Biomin &#038; die doppelte Befangenheit<\/span> weiterlesen<\/a><\/p>\n","protected":false},"author":2,"featured_media":6969,"parent":6964,"menu_order":0,"comment_status":"closed","ping_status":"closed","template":"","meta":{"footnotes":""},"class_list":["post-7055","page","type-page","status-publish","has-post-thumbnail","hentry","entry"],"_links":{"self":[{"href":"https:\/\/erlebnis-parkplatz.net\/index.php?rest_route=\/wp\/v2\/pages\/7055","targetHints":{"allow":["GET"]}}],"collection":[{"href":"https:\/\/erlebnis-parkplatz.net\/index.php?rest_route=\/wp\/v2\/pages"}],"about":[{"href":"https:\/\/erlebnis-parkplatz.net\/index.php?rest_route=\/wp\/v2\/types\/page"}],"author":[{"embeddable":true,"href":"https:\/\/erlebnis-parkplatz.net\/index.php?rest_route=\/wp\/v2\/users\/2"}],"replies":[{"embeddable":true,"href":"https:\/\/erlebnis-parkplatz.net\/index.php?rest_route=%2Fwp%2Fv2%2Fcomments&post=7055"}],"version-history":[{"count":1,"href":"https:\/\/erlebnis-parkplatz.net\/index.php?rest_route=\/wp\/v2\/pages\/7055\/revisions"}],"predecessor-version":[{"id":7056,"href":"https:\/\/erlebnis-parkplatz.net\/index.php?rest_route=\/wp\/v2\/pages\/7055\/revisions\/7056"}],"up":[{"embeddable":true,"href":"https:\/\/erlebnis-parkplatz.net\/index.php?rest_route=\/wp\/v2\/pages\/6964"}],"wp:featuredmedia":[{"embeddable":true,"href":"https:\/\/erlebnis-parkplatz.net\/index.php?rest_route=\/wp\/v2\/media\/6969"}],"wp:attachment":[{"href":"https:\/\/erlebnis-parkplatz.net\/index.php?rest_route=%2Fwp%2Fv2%2Fmedia&parent=7055"}],"curies":[{"name":"wp","href":"https:\/\/api.w.org\/{rel}","templated":true}]}}