{"id":7051,"date":"2023-07-09T07:25:11","date_gmt":"2023-07-09T06:25:11","guid":{"rendered":"https:\/\/erlebnis-parkplatz.net\/?page_id=7051"},"modified":"2024-07-05T13:06:02","modified_gmt":"2024-07-05T12:06:02","slug":"klima-und-energiemodell-haag","status":"publish","type":"page","link":"https:\/\/erlebnis-parkplatz.net\/?page_id=7051","title":{"rendered":"Klima- und Energiemodell Haag?"},"content":{"rendered":"\n<p class=\"has-drop-cap\"><strong>Haag am Hausruck ist Teil der Energie- und Modellregion &#8222;Mostlandl Hausruck&#8220; und diese hat aus Sicht des Bodenschutzes ganz zu recht u.a. die Ziele &#8222;Aus Alt mach Neu&#8220; (Nutzung Industriebrachen statt Firmen auf der gr\u00fcnen Wiese), &#8222;Klimaschutz durch Lebensmittel aus und f\u00fcr die Region&#8220; (Schutz landwirtschaftlicher B\u00f6den vor Versiegelung) und &#8222;Biodiversit\u00e4t im Boden&#8220; (B\u00f6den aufwerten statt versiegeln). Die Umwidmung von derzeit landwirtschaftlichen Fl\u00e4chen in Haag am Hausruck f\u00fcr Betriebsansiedlungen oder f\u00fcr neues privates Bauland ausserhalb der Siedlungsgrenzen &#8211;  bei gleichzeitigen Leerst\u00e4nden und nicht genutztem, bereits gewidmetem Bauland innerhalb der Siedlungsgrenzen widerspricht all diesen drei Zielen. <\/strong><\/p>\n\n\n\n<p class=\"has-drop-cap\">Das wirft die Fragen auf: Ist es uns ernst mit diesen Bodenschutz-Zielen? Falls ja: Warum gibt es keinen einzigen Indikator, mit dem das Erreichen dieser Ziele gemessen wird? Wie z.B.: Es werden pro Jahr X Industriebrachen in der Modellregion Mostlandl Hausruck neu genutzt.  Wie sollen wir korrigierend eingreifen, wenn wir nicht wissen, wo wir stehen?<\/p>\n\n\n\n<figure class=\"wp-block-image size-large\"><img decoding=\"async\" src=\"https:\/\/ausliebezuhaag.at\/wp-content\/uploads\/2021\/08\/Screenshot-2021-08-27-at-12-38-03-Mostlandl-Hausruck-Klima-und-Energie-Modellregionen-Indikatoren-1024x353.png\" alt=\"\" class=\"wp-image-532\"\/><figcaption class=\"wp-element-caption\">Indikatoren f\u00fcr das Erreichen der Ziele der Energie- und Klimaregion Mostlandl Hausruck: Indikatoren f\u00fcr den Bodenschutz fehlen v\u00f6llig.<\/figcaption><\/figure>\n\n\n\n<p>Modellregionen sind wichtig &#8211; und die dazugeh\u00f6rigen Ziele f\u00fcr die Mitgliedsgemeinden auch. Wenn deren Bodenschutzziele aber mehr sein sollen als sch\u00f6ne Worte auf Papier, dann m\u00fcssen sie auch umgesetzt werden. Der Gemeinderat von Haag am Hausruck hat es in der Hand, genau das zu tun, mit Ma\u00dfnahmen wie z.B.:<\/p>\n\n\n\n<ul class=\"wp-block-list\">\n<li> des Festlegen eines verbindlichen j\u00e4hrlichen Fl\u00e4chenverbrauchsziels f\u00fcr Haag, im Einklang mit dem Regierungsziel von 2,5 ha\/Tag &#8211; statt einfach auf Wunsch umzuwidmen. In anderen Worten: Ein Zukunftsplan.<\/li>\n\n\n\n<li>baldiges Vorlegen einer Aufstellung aller gewerblichen Leerst\u00e4nde in Haag (&#8222;Nutzung Industriebrachen statt Firmengr\u00fcndungen auf der gr\u00fcnen Wiese&#8220;)<\/li>\n\n\n\n<li>Insektenfreundliches Bepflanzen &amp; M\u00e4hen der \u00f6ffentlichen Gr\u00fcnfl\u00e4chen in Haag, z.B. Pflanzen mit viel Pollen &amp; Nektar f\u00fcr Wildbienen, M\u00e4hzeitpunkt, der sicherstellt, dass Wildblumen absamen k\u00f6nnen &#8211; Wiese statt Rasen (&#8222;B\u00f6den aufwerten statt versiegeln&#8220;).<\/li>\n\n\n\n<li> Stopp der Neuwidmung von Bauland auf wertvollen landwirtschaftlichen B\u00f6den au\u00dferhalb der Siedlungsgrenzen, so lange innerhalb der Siedlungsgrenzen noch bereits gewidmetes, unbebautes Bauland vorliegt (&#8222;Schutz landwirtschaftlicher B\u00f6den vor Versiegelung&#8220;).<\/li>\n<\/ul>\n\n\n\n<p>Erstver\u00f6ffentlichung am 27.08.2021, aktualisiert am 09.07.2023<\/p>\n\n\n\n<p>Quelle der Abbildungen: https:\/\/www.klimaundenergiemodellregionen.at\/modellregionen\/liste-der-regionen\/getregion\/428, abgerufen am 27.08.2021<\/p>\n","protected":false},"excerpt":{"rendered":"<p>Haag am Hausruck ist Teil der Energie- und Modellregion &#8222;Mostlandl Hausruck&#8220; und diese hat aus Sicht des Bodenschutzes ganz zu recht u.a. die Ziele &#8222;Aus Alt mach Neu&#8220; (Nutzung Industriebrachen statt Firmen auf der gr\u00fcnen Wiese), &#8222;Klimaschutz durch Lebensmittel aus und f\u00fcr die Region&#8220; (Schutz landwirtschaftlicher B\u00f6den vor Versiegelung) und &#8222;Biodiversit\u00e4t im Boden&#8220; (B\u00f6den aufwerten&hellip; <a class=\"more-link\" href=\"https:\/\/erlebnis-parkplatz.net\/?page_id=7051\"><span class=\"screen-reader-text\">Klima- und Energiemodell Haag?<\/span> weiterlesen<\/a><\/p>\n","protected":false},"author":2,"featured_media":7053,"parent":6936,"menu_order":0,"comment_status":"closed","ping_status":"closed","template":"","meta":{"footnotes":""},"class_list":["post-7051","page","type-page","status-publish","has-post-thumbnail","hentry","entry"],"_links":{"self":[{"href":"https:\/\/erlebnis-parkplatz.net\/index.php?rest_route=\/wp\/v2\/pages\/7051","targetHints":{"allow":["GET"]}}],"collection":[{"href":"https:\/\/erlebnis-parkplatz.net\/index.php?rest_route=\/wp\/v2\/pages"}],"about":[{"href":"https:\/\/erlebnis-parkplatz.net\/index.php?rest_route=\/wp\/v2\/types\/page"}],"author":[{"embeddable":true,"href":"https:\/\/erlebnis-parkplatz.net\/index.php?rest_route=\/wp\/v2\/users\/2"}],"replies":[{"embeddable":true,"href":"https:\/\/erlebnis-parkplatz.net\/index.php?rest_route=%2Fwp%2Fv2%2Fcomments&post=7051"}],"version-history":[{"count":4,"href":"https:\/\/erlebnis-parkplatz.net\/index.php?rest_route=\/wp\/v2\/pages\/7051\/revisions"}],"predecessor-version":[{"id":7065,"href":"https:\/\/erlebnis-parkplatz.net\/index.php?rest_route=\/wp\/v2\/pages\/7051\/revisions\/7065"}],"up":[{"embeddable":true,"href":"https:\/\/erlebnis-parkplatz.net\/index.php?rest_route=\/wp\/v2\/pages\/6936"}],"wp:featuredmedia":[{"embeddable":true,"href":"https:\/\/erlebnis-parkplatz.net\/index.php?rest_route=\/wp\/v2\/media\/7053"}],"wp:attachment":[{"href":"https:\/\/erlebnis-parkplatz.net\/index.php?rest_route=%2Fwp%2Fv2%2Fmedia&parent=7051"}],"curies":[{"name":"wp","href":"https:\/\/api.w.org\/{rel}","templated":true}]}}