{"id":7038,"date":"2023-07-08T12:49:23","date_gmt":"2023-07-08T11:49:23","guid":{"rendered":"https:\/\/erlebnis-parkplatz.net\/?page_id=7038"},"modified":"2024-07-05T14:35:58","modified_gmt":"2024-07-05T13:35:58","slug":"abstimmungs-buechlein-das-waere-was-fuer-haag","status":"publish","type":"page","link":"https:\/\/erlebnis-parkplatz.net\/?page_id=7038","title":{"rendered":"&#8222;Abstimmungs-B\u00fcchlein&#8220;: Was f\u00fcr Haag"},"content":{"rendered":"\n<p class=\"has-drop-cap\"><strong>Im Rahmen unserer Petition zur Rettung des Gr\u00fcng\u00fcrtels von Haag kam die Frage auf: Wie kann man ausgewogen informieren? Hierzu lohnt sich ein Blick in die Schweiz, wo die Bev\u00f6lkerung mehrmals pro Jahr \u00fcber verschiedene Themen abstimmt und die Regierung sie vor jeder Wahl \u00fcber diese Themen mittels &#8222;Abstimmungsb\u00fcchlein&#8220; informiert. In diesem werden sowohl die Argumente der Bef\u00fcrworter*innen als auch die der Gegner*innen eines Anliegens aufgef\u00fchrt und die Bev\u00f6lkerung kann sich so ein ausgewogenes Grundbild machen.<\/strong> <\/p>\n\n\n\n<p>Ich finde: Ein &#8222;B\u00fcchlein&#8220;, das allen erm\u00f6glicht, ohne genaue Hintergrundkenntnisse einen informativen \u00dcberblick \u00fcber verschiedene Seiten eines Themas zu bekommen, ist eine super Idee. Und wenn das Nachbarland da jahrzehntelange Erfahrung hat, lohnt es sich, da mal genauer reinzuschauen &#8211; um da f\u00fcr Haag am Hausruck das eine oder andere abzukupfern. In dem Sinn gibt es hier jetzt anhand der am 21. Juni 2021 stattgefunden Abstimmung \u00fcber die Schweizer <a rel=\"noreferrer noopener\" href=\"https:\/\/de.wikipedia.org\/wiki\/Volksinitiative_(Schweiz)\" target=\"_blank\">Volksinitiative<\/a> f\u00fcr ein Verbot synthetischer Pestizide einen \u00dcberblick dar\u00fcber, wie so ein <a rel=\"noreferrer noopener\" href=\"https:\/\/de.wikipedia.org\/wiki\/Abstimmungsb%C3%BCchlein\" target=\"_blank\">Abstimmungsb\u00fcchlein<\/a> in der Schweiz aufgebaut ist. <\/p>\n\n\n\n<p>Das Thema, \u00fcber das in einer <a rel=\"noreferrer noopener\" href=\"https:\/\/de.wikipedia.org\/wiki\/Volksinitiative_(Schweiz)\" target=\"_blank\">Volksinitiative<\/a> abgestimmt wird, wird folgenderma\u00dfen vorgestellt: <\/p>\n\n\n\n<figure class=\"wp-block-image size-full\"><img loading=\"lazy\" decoding=\"async\" width=\"623\" height=\"167\" src=\"https:\/\/erlebnis-parkplatz.net\/wp-content\/uploads\/2023\/07\/grafik-2.png\" alt=\"\" class=\"wp-image-7040\" srcset=\"https:\/\/erlebnis-parkplatz.net\/wp-content\/uploads\/2023\/07\/grafik-2.png 623w, https:\/\/erlebnis-parkplatz.net\/wp-content\/uploads\/2023\/07\/grafik-2-300x80.png 300w\" sizes=\"auto, (max-width: 623px) 100vw, 623px\" \/><\/figure>\n\n\n\n<p>Im Kapitel &#8222;In K\u00fcrze&#8220; wird auf zwei Seiten das wichtigste erkl\u00e4rt &#8211; mit einer Zusammenfassung der unterschiedlichen Sichtweisen.<\/p>\n\n\n\n<figure class=\"wp-block-image size-full\"><img loading=\"lazy\" decoding=\"async\" width=\"423\" height=\"209\" src=\"https:\/\/erlebnis-parkplatz.net\/wp-content\/uploads\/2023\/07\/grafik-9.png\" alt=\"\" class=\"wp-image-7041\" srcset=\"https:\/\/erlebnis-parkplatz.net\/wp-content\/uploads\/2023\/07\/grafik-9.png 423w, https:\/\/erlebnis-parkplatz.net\/wp-content\/uploads\/2023\/07\/grafik-9-300x148.png 300w\" sizes=\"auto, (max-width: 423px) 100vw, 423px\" \/><\/figure>\n\n\n\n<p>Es wird zuerst erkl\u00e4rt, was das Problem ist (Ausgangslage) und welche L\u00f6sung daf\u00fcr vorgeschlagen wird (Vorlage). <\/p>\n\n\n\n<figure class=\"wp-block-image size-full\"><img decoding=\"async\" src=\"https:\/\/ausliebezuhaag.at\/wp-content\/uploads\/2021\/09\/grafik-5.png\" alt=\"\" class=\"wp-image-971\"\/><\/figure>\n\n\n\n<p>Dann wird die Abstimmungsfrage im Wortlaut vorgestellt<\/p>\n\n\n\n<figure class=\"wp-block-image size-full\"><img loading=\"lazy\" decoding=\"async\" width=\"609\" height=\"103\" src=\"https:\/\/erlebnis-parkplatz.net\/wp-content\/uploads\/2023\/07\/grafik-6.png\" alt=\"\" class=\"wp-image-7042\" srcset=\"https:\/\/erlebnis-parkplatz.net\/wp-content\/uploads\/2023\/07\/grafik-6.png 609w, https:\/\/erlebnis-parkplatz.net\/wp-content\/uploads\/2023\/07\/grafik-6-300x51.png 300w\" sizes=\"auto, (max-width: 609px) 100vw, 609px\" \/><\/figure>\n\n\n\n<p>und anschlie\u00dfend kurz erkl\u00e4rt, was die Regierung empfiehlt zu stimmen und was die Gruppe empfiehlt, die das Anliegen (durch Sammlung von ausreichend Unterschriften) zur Abstimmung gebracht hat &#8211; wobei jeweils auch deren weiterf\u00fchrende Websites angef\u00fchrt werden:<\/p>\n\n\n\n<figure class=\"wp-block-image size-full\"><img loading=\"lazy\" decoding=\"async\" width=\"643\" height=\"482\" src=\"https:\/\/erlebnis-parkplatz.net\/wp-content\/uploads\/2023\/07\/grafik-4.png\" alt=\"\" class=\"wp-image-7043\" srcset=\"https:\/\/erlebnis-parkplatz.net\/wp-content\/uploads\/2023\/07\/grafik-4.png 643w, https:\/\/erlebnis-parkplatz.net\/wp-content\/uploads\/2023\/07\/grafik-4-300x225.png 300w\" sizes=\"auto, (max-width: 643px) 100vw, 643px\" \/><\/figure>\n\n\n\n<p>und auch dar\u00fcber informiert, wie die politischen Gremien abgestimmt haben:<\/p>\n\n\n\n<figure class=\"wp-block-image size-full\"><img loading=\"lazy\" decoding=\"async\" width=\"478\" height=\"163\" src=\"https:\/\/erlebnis-parkplatz.net\/wp-content\/uploads\/2023\/07\/grafik-7.png\" alt=\"\" class=\"wp-image-7044\" srcset=\"https:\/\/erlebnis-parkplatz.net\/wp-content\/uploads\/2023\/07\/grafik-7.png 478w, https:\/\/erlebnis-parkplatz.net\/wp-content\/uploads\/2023\/07\/grafik-7-300x102.png 300w\" sizes=\"auto, (max-width: 478px) 100vw, 478px\" \/><\/figure>\n\n\n\n<p>Anders gesagt: Die Leser*innen k\u00f6nnen sich sich \u00fcber alle Abstimmungs-Themen kurz &amp; b\u00fcndig informieren und dabei werden erst noch verschiedene Sichten abgedeckt. Und dann weiter hinten gibt es dann Details, z.B. Definitionen und auch Argumente &#8211; auch hier wieder von beiden Seiten. Abschlie\u00dfend wird noch der Detailtext vorgestellt, \u00fcber den abgestimmt wird (also der Text, der zum Gesetz wird, wenn eine Mehrheit mit Ja abstimmt). <\/p>\n\n\n\n<figure class=\"wp-block-image size-full\"><img loading=\"lazy\" decoding=\"async\" width=\"424\" height=\"459\" src=\"https:\/\/erlebnis-parkplatz.net\/wp-content\/uploads\/2023\/07\/grafik-10.png\" alt=\"\" class=\"wp-image-7045\" srcset=\"https:\/\/erlebnis-parkplatz.net\/wp-content\/uploads\/2023\/07\/grafik-10.png 424w, https:\/\/erlebnis-parkplatz.net\/wp-content\/uploads\/2023\/07\/grafik-10-277x300.png 277w\" sizes=\"auto, (max-width: 424px) 100vw, 424px\" \/><\/figure>\n\n\n\n<figure class=\"wp-block-image size-full\"><img loading=\"lazy\" decoding=\"async\" width=\"338\" height=\"297\" src=\"https:\/\/erlebnis-parkplatz.net\/wp-content\/uploads\/2023\/07\/grafik-11.png\" alt=\"\" class=\"wp-image-7046\" srcset=\"https:\/\/erlebnis-parkplatz.net\/wp-content\/uploads\/2023\/07\/grafik-11.png 338w, https:\/\/erlebnis-parkplatz.net\/wp-content\/uploads\/2023\/07\/grafik-11-300x264.png 300w\" sizes=\"auto, (max-width: 338px) 100vw, 338px\" \/><\/figure>\n\n\n\n<p>Alles in Allem: Hier wird wirklich so informiert, dass alle auf ihre Kosten kommen: Diejenigen, die nur einen kurzen \u00dcberblick brauchen, genauso wie diejenigen, die in die Tiefe gehen wollen. Es bietet ein super Modell f\u00fcr eine ausgewogene Information der Bev\u00f6lkerung &#8211; und ist ein wichtiger Schritt, um diese besser in politische Entscheidungen einzubinden. Ich f\u00e4nde es super, wenn eine solche Art der Information &#8211; bei der die politisch Verantwortlichen die Informationen aller Seiten zusammentragen und ver\u00f6ffentlichen &#8211; auch au\u00dferhalb der Schweiz (z.B. in Haag am Hausruck) mehr Verbreitung f\u00e4nde. <\/p>\n\n\n\n<p>Ver\u00f6ffentlicht am 14.09.2021<\/p>\n\n\n\n<p>Quellen und zum Weiterlesen:<br><a rel=\"noreferrer noopener\" href=\"https:\/\/www.bk.admin.ch\/bk\/de\/home\/dokumentation\/entstehung-abstimmungsbuechlein.html\" target=\"_blank\">Entstehung des Abstimmungsb\u00fcchleins<\/a>, Website der Schweizerischen Eidgenossenschaft, abgerufen am 14.09.2021<br><a rel=\"noreferrer noopener\" href=\"https:\/\/de.wikipedia.org\/wiki\/Abstimmungsb%C3%BCchlein\" target=\"_blank\">Abstimmungsb\u00fcchlein<\/a>, Wiki<\/p>\n","protected":false},"excerpt":{"rendered":"<p>Im Rahmen unserer Petition zur Rettung des Gr\u00fcng\u00fcrtels von Haag kam die Frage auf: Wie kann man ausgewogen informieren? Hierzu lohnt sich ein Blick in die Schweiz, wo die Bev\u00f6lkerung mehrmals pro Jahr \u00fcber verschiedene Themen abstimmt und die Regierung sie vor jeder Wahl \u00fcber diese Themen mittels &#8222;Abstimmungsb\u00fcchlein&#8220; informiert. In diesem werden sowohl die&hellip; <a class=\"more-link\" href=\"https:\/\/erlebnis-parkplatz.net\/?page_id=7038\"><span class=\"screen-reader-text\">&#8222;Abstimmungs-B\u00fcchlein&#8220;: Was f\u00fcr Haag<\/span> weiterlesen<\/a><\/p>\n","protected":false},"author":2,"featured_media":7039,"parent":2188,"menu_order":0,"comment_status":"closed","ping_status":"closed","template":"","meta":{"footnotes":""},"class_list":["post-7038","page","type-page","status-publish","has-post-thumbnail","hentry","entry"],"_links":{"self":[{"href":"https:\/\/erlebnis-parkplatz.net\/index.php?rest_route=\/wp\/v2\/pages\/7038","targetHints":{"allow":["GET"]}}],"collection":[{"href":"https:\/\/erlebnis-parkplatz.net\/index.php?rest_route=\/wp\/v2\/pages"}],"about":[{"href":"https:\/\/erlebnis-parkplatz.net\/index.php?rest_route=\/wp\/v2\/types\/page"}],"author":[{"embeddable":true,"href":"https:\/\/erlebnis-parkplatz.net\/index.php?rest_route=\/wp\/v2\/users\/2"}],"replies":[{"embeddable":true,"href":"https:\/\/erlebnis-parkplatz.net\/index.php?rest_route=%2Fwp%2Fv2%2Fcomments&post=7038"}],"version-history":[{"count":3,"href":"https:\/\/erlebnis-parkplatz.net\/index.php?rest_route=\/wp\/v2\/pages\/7038\/revisions"}],"predecessor-version":[{"id":8608,"href":"https:\/\/erlebnis-parkplatz.net\/index.php?rest_route=\/wp\/v2\/pages\/7038\/revisions\/8608"}],"up":[{"embeddable":true,"href":"https:\/\/erlebnis-parkplatz.net\/index.php?rest_route=\/wp\/v2\/pages\/2188"}],"wp:featuredmedia":[{"embeddable":true,"href":"https:\/\/erlebnis-parkplatz.net\/index.php?rest_route=\/wp\/v2\/media\/7039"}],"wp:attachment":[{"href":"https:\/\/erlebnis-parkplatz.net\/index.php?rest_route=%2Fwp%2Fv2%2Fmedia&parent=7038"}],"curies":[{"name":"wp","href":"https:\/\/api.w.org\/{rel}","templated":true}]}}