{"id":7024,"date":"2023-07-08T11:21:56","date_gmt":"2023-07-08T10:21:56","guid":{"rendered":"https:\/\/erlebnis-parkplatz.net\/?page_id=7024"},"modified":"2024-07-05T13:06:02","modified_gmt":"2024-07-05T12:06:02","slug":"die-gesamte-wahrheit","status":"publish","type":"page","link":"https:\/\/erlebnis-parkplatz.net\/?page_id=7024","title":{"rendered":"Die gesamte Wahrheit?"},"content":{"rendered":"\n<p><strong>Die gesamte Wahrheit gibt es f\u00fcr mich nicht. Weder auf dieser Website noch auf den Kan\u00e4len derjenigen, die die Welt anders sehen. Das ist auch gut so. Denn so haben wir alle die Freiheit, dass wir uns mithilfe von Informationen aus verschiedenen Quellen, auf Grundlage unserer pers\u00f6nlichen Werte und im Austausch mit unseren Mitmenschen eine eigene Meinung bilden. In diesem Sinn gibt es hier einen \u00dcberblick dar\u00fcber, wie vor unserer Unterschriftensammlung von Seiten der Gemeinde \u00fcber die im Haager Gr\u00fcng\u00fcrtel geplanten Betriebsansiedlungen informiert wurde.<\/strong><\/p>\n\n\n\n<p>+++ Wir danken f\u00fcr die Meldung von Fehlern in der Auflistung und Einreichen von zus\u00e4tzlichen Informationen, und aktualisieren diesen Beitrag bis zur Gemeinderatssitzung vom 16.9.2021 laufend entsprechend +++<\/p>\n\n\n\n<p><strong>F\u00fcr die Gemeinderatssitzung vom 28.01.2021 \u2013 an der der Einleitungsbeschluss f\u00fcr Betriebsansiedlungen im Gr\u00fcng\u00fcrtel gefasst wurde \u2013 ist auf der Online-Amtstafel keine Kundmachung geschaltet <\/strong>\u2013 dies im Gegensatz zu den Gemeinderatssitzungen vorher und nachher. Die Tagesordnung dieser Sitzung war entweder gar nie geschaltet oder wurde sp\u00e4ter gel\u00f6scht. Es war also entweder gar nie oder nur kurzfristig m\u00f6glich, auf diesem Weg von den geplanten Betriebsansiedlungen im Gr\u00fcng\u00fcrtel zu erfahren.<\/p>\n\n\n\n<figure class=\"wp-block-image size-full\"><a href=\"https:\/\/erlebnis-parkplatz.net\/wp-content\/uploads\/2023\/07\/image-12.png\"><img loading=\"lazy\" decoding=\"async\" width=\"910\" height=\"588\" src=\"https:\/\/erlebnis-parkplatz.net\/wp-content\/uploads\/2023\/07\/image-12.png\" alt=\"\" class=\"wp-image-7026\" srcset=\"https:\/\/erlebnis-parkplatz.net\/wp-content\/uploads\/2023\/07\/image-12.png 910w, https:\/\/erlebnis-parkplatz.net\/wp-content\/uploads\/2023\/07\/image-12-300x194.png 300w, https:\/\/erlebnis-parkplatz.net\/wp-content\/uploads\/2023\/07\/image-12-768x496.png 768w\" sizes=\"auto, (max-width: 910px) 100vw, 910px\" \/><\/a><figcaption class=\"wp-element-caption\">Im Gegensatz zu den Tagesordnungen der Gemeinderats-Sitzungen vorher und nachher ist die Tagesordnung der Sitzung vom 28.1. auf der Online-Amtstafel der Marktgemeinde Haag\/H. nicht geschaltet.<\/figcaption><\/figure>\n\n\n\n<p><strong>Ob eine Ank\u00fcndigung des Einleitungsbeschlusses per Papieraushang auf der Amtstafel erfolgte, wurde von uns damals nicht \u00fcberpr\u00fcft und k\u00f6nnen wir nicht mit Sicherheit behaupten. Falls ein solcher Aushang erfolgte, so gegen wir davon aus, dass nur eine Grundst\u00fccksnummer und deren Katastralgemeinde genannt wurde (keine namentliche Nennung der \u00d6rtlichkeit)<\/strong>:<br><em>\u201cFl\u00e4chenwidmungsplan-\u00c4nderung und \u00c4nderung des \u00f6rtlichen Entwicklungskonzeptes f\u00fcr Grundst\u00fcck 631\/2, KG Obernhaag \u2013 Einleitungsbeschluss\u201d<\/em>. (auf die Tagesordnung gesetzte <strong>Widmungs\u00e4nderung EINES Grundst\u00fccks<\/strong> gem\u00e4\u00df Wortlaut des Tagesordnungspunktes im von der Sitzung vom 28.1.erstellten Protokoll \u2013 siehe unten).<\/p>\n\n\n\n<p>Insgesamt ist gem\u00e4\u00df der uns vorliegenden Informationen also unklar, ob die Sitzung vom 28.1.2021 \u00f6ffentlich angek\u00fcndigt wurde (auf der physischen Amtstafel und\/oder online).<\/p>\n\n\n\n<p><strong>Am 8. Februar wurde auf der Facebookseite der Marktgemeinde Haag \u00fcber einen Beschluss an der Gemeinderatssitzung vom 28.1. berichtet, der DREI Grundst\u00fccke umfasste<\/strong> <strong>\u2013 wieder nur mit Nennung der Grundst\u00fccknummern, ohne Lagebeschreibung<\/strong>.<\/p>\n\n\n\n<figure class=\"wp-block-image size-full\"><a href=\"https:\/\/erlebnis-parkplatz.net\/wp-content\/uploads\/2023\/07\/image-3.png\"><img loading=\"lazy\" decoding=\"async\" width=\"448\" height=\"127\" src=\"https:\/\/erlebnis-parkplatz.net\/wp-content\/uploads\/2023\/07\/image-3.png\" alt=\"\" class=\"wp-image-7027\" srcset=\"https:\/\/erlebnis-parkplatz.net\/wp-content\/uploads\/2023\/07\/image-3.png 448w, https:\/\/erlebnis-parkplatz.net\/wp-content\/uploads\/2023\/07\/image-3-300x85.png 300w\" sizes=\"auto, (max-width: 448px) 100vw, 448px\" \/><\/a><figcaption class=\"wp-element-caption\">Information zu geplanten Betriebsansiedlungen auf dem Gr\u00fcng\u00fcrtel von Haag auf der Facebookseite der Marktgemeinde Haag, Post vom 8.2.2021. Auf der offziellen Website der Gemeinde wurde diese Information nicht geschaltet.<\/figcaption><\/figure>\n\n\n\n<p><strong>Die Gemeindezeitung vom M\u00e4rz 2021 enthielt keine Informationen \u00fcber die Gemeinderatssitzung vom 28.01.2021. und auch keine sonstigen Informationen \u00fcber die Einleitung von Betriebsansiedlungen im Gr\u00fcng\u00fcrtel.<\/strong><\/p>\n\n\n\n<p><strong>12.5.2021: Ver\u00f6ffentlichung einer Kundmachung bzgl. Planauflage f\u00fcr die geplanten Betriebsansiedlungen auf dem Gr\u00fcng\u00fcrtel, die weder eine Grundst\u00fccksnummer noch eine namentliche Bezeichnung enthielt.<\/strong><br>Die Ver\u00f6ffentlichung erfolgte auf der Online-Amtstafel und auf der physischen Amtstafel im Gemeindeamt.<\/p>\n\n\n\n<figure class=\"wp-block-image size-full\"><a href=\"https:\/\/erlebnis-parkplatz.net\/wp-content\/uploads\/2023\/07\/image-14.png\"><img loading=\"lazy\" decoding=\"async\" width=\"903\" height=\"80\" src=\"https:\/\/erlebnis-parkplatz.net\/wp-content\/uploads\/2023\/07\/image-14.png\" alt=\"\" class=\"wp-image-7028\" srcset=\"https:\/\/erlebnis-parkplatz.net\/wp-content\/uploads\/2023\/07\/image-14.png 903w, https:\/\/erlebnis-parkplatz.net\/wp-content\/uploads\/2023\/07\/image-14-300x27.png 300w, https:\/\/erlebnis-parkplatz.net\/wp-content\/uploads\/2023\/07\/image-14-768x68.png 768w\" sizes=\"auto, (max-width: 903px) 100vw, 903px\" \/><\/a><\/figure>\n\n\n\n<figure class=\"wp-block-image size-large\"><a href=\"https:\/\/erlebnis-parkplatz.net\/wp-content\/uploads\/2023\/07\/image-4.png\"><img loading=\"lazy\" decoding=\"async\" width=\"708\" height=\"1024\" src=\"https:\/\/erlebnis-parkplatz.net\/wp-content\/uploads\/2023\/07\/image-4-708x1024.png\" alt=\"\" class=\"wp-image-7029\" srcset=\"https:\/\/erlebnis-parkplatz.net\/wp-content\/uploads\/2023\/07\/image-4-708x1024.png 708w, https:\/\/erlebnis-parkplatz.net\/wp-content\/uploads\/2023\/07\/image-4-207x300.png 207w, https:\/\/erlebnis-parkplatz.net\/wp-content\/uploads\/2023\/07\/image-4-768x1111.png 768w, https:\/\/erlebnis-parkplatz.net\/wp-content\/uploads\/2023\/07\/image-4-1062x1536.png 1062w, https:\/\/erlebnis-parkplatz.net\/wp-content\/uploads\/2023\/07\/image-4.png 1221w\" sizes=\"auto, (max-width: 708px) 100vw, 708px\" \/><\/a><\/figure>\n\n\n\n<p><strong>Das Protokoll der Gemeinderatssitzung vom 28.1.2021 wurde vom Gemeindeamt fast 5 Monate sp\u00e4ter, am 17.6.2021, 1 Tag vor dem Ablauf der Frist f\u00fcr Einwendungen gegen die geplanten Betri<\/strong><strong>ebsan<\/strong><strong>siedlungen, zur Verf\u00fcgung gestellt:<\/strong><br>Das Protokoll wurde am 10.05.2021 das erste Mal angefordert und am 17.6.2021 in Form einer Papierkopie zur Verf\u00fcgung gestellt. Es ist bis heute nicht auf der Website der Gemeinde ver\u00f6ffentlicht (gem\u00e4\u00df Information des Landes O\u00d6 vom 28.06.2021 w\u00e4re ein Schalten der Protokolle auf der Website der Gemeinde erlaubt, dies erfordert lediglich einen Beschluss des Gemeinderates \u2013 den der Gemeinderat von Haag am Hausruck bis heute nicht gefasst hat).<\/p>\n\n\n\n<p><strong>Das am 17.6.2021 herausgegebene Protokoll der Gemeinderatssitzung vom 28.01.2021 enth\u00e4lt keine Information \u00fcber die Art der anzusiedelnden Firma.<\/strong><br>Es enth\u00e4lt auch kein Aufschlie\u00dfungskonzept und keine Informationen \u00fcber die zu erwartenden Kosten. Es wird darin zuerst angef\u00fchrt, dass ein Grundst\u00fcck in Mischgebiet umgewidmet werden soll, dann angef\u00fchrt, dass von der Umwidmung eventuell auch zwei weitere Grundst\u00fccke betroffen sind und dann berichtet, dass ein Antrag gestellt wurde, das Widmungsverfahren einzuleiten und dieser Antrag angenommen wird. Was genau gem\u00e4\u00df diesem Antrag gewidmet werden soll, geht aus dem Protokoll nicht hervor.<\/p>\n\n\n\n<figure class=\"wp-block-image size-full\"><a href=\"https:\/\/erlebnis-parkplatz.net\/wp-content\/uploads\/2023\/07\/image-5.png\"><img loading=\"lazy\" decoding=\"async\" width=\"411\" height=\"104\" src=\"https:\/\/erlebnis-parkplatz.net\/wp-content\/uploads\/2023\/07\/image-5.png\" alt=\"\" class=\"wp-image-7030\" srcset=\"https:\/\/erlebnis-parkplatz.net\/wp-content\/uploads\/2023\/07\/image-5.png 411w, https:\/\/erlebnis-parkplatz.net\/wp-content\/uploads\/2023\/07\/image-5-300x76.png 300w\" sizes=\"auto, (max-width: 411px) 100vw, 411px\" \/><\/a><\/figure>\n\n\n\n<figure class=\"wp-block-image size-full\"><a href=\"https:\/\/erlebnis-parkplatz.net\/wp-content\/uploads\/2023\/07\/image-10.png\"><img loading=\"lazy\" decoding=\"async\" width=\"388\" height=\"570\" src=\"https:\/\/erlebnis-parkplatz.net\/wp-content\/uploads\/2023\/07\/image-10.png\" alt=\"\" class=\"wp-image-7031\" srcset=\"https:\/\/erlebnis-parkplatz.net\/wp-content\/uploads\/2023\/07\/image-10.png 388w, https:\/\/erlebnis-parkplatz.net\/wp-content\/uploads\/2023\/07\/image-10-204x300.png 204w\" sizes=\"auto, (max-width: 388px) 100vw, 388px\" \/><\/a><\/figure>\n\n\n\n<figure class=\"wp-block-image size-full\"><a href=\"https:\/\/erlebnis-parkplatz.net\/wp-content\/uploads\/2023\/07\/image-8.png\"><img loading=\"lazy\" decoding=\"async\" width=\"401\" height=\"385\" src=\"https:\/\/erlebnis-parkplatz.net\/wp-content\/uploads\/2023\/07\/image-8.png\" alt=\"\" class=\"wp-image-7032\" srcset=\"https:\/\/erlebnis-parkplatz.net\/wp-content\/uploads\/2023\/07\/image-8.png 401w, https:\/\/erlebnis-parkplatz.net\/wp-content\/uploads\/2023\/07\/image-8-300x288.png 300w\" sizes=\"auto, (max-width: 401px) 100vw, 401px\" \/><\/a><\/figure>\n\n\n\n<p><strong>Die Information \u00fcber die Befangenheit des B\u00fcrgermeisters erfolgt indirekt<\/strong><br>Die Ank\u00fcndigung der Planauflage vom 12.5.2021 wurde vom Vizeb\u00fcrgermeisters unterzeichnet und es ist unten ein Vermerk angebracht, dass dieses Schreiben u.a. direkt an den Haager B\u00fcrgermeister geht. Aus dieser Kombination kann geschlossen werden, dass der Haager B\u00fcrgermeister in dieser Angelegenheit einer der Grundbesitzer und somit befangen ist. Direkt wurde diese Information in keiner der offiziellen Informationen der Gemeinde erw\u00e4hnt. Auch nicht im Gemeinderatssitzungsprotokoll vom 28.1.<\/p>\n\n\n\n<p><strong>\u00dcber Art des Betriebes, dessen Ansiedlung geplant ist, wurde auf den offiziellen Medien der Gemeinde nicht informiert.<\/strong><br>Diese Information findet sich in <a rel=\"noreferrer noopener\" href=\"https:\/\/ausliebezuhaag.at\/?p=307\" target=\"_blank\">einem Kommentar des B\u00fcrgermeisters auf der Facebook-Seite \u201cMeine Idee f\u00fcr Haag\u201d, vom 2.5.2021<\/a> , in dem er sich auf einen Sportartikelh\u00e4ndler bezieht und von einer <a href=\"https:\/\/erlebnis-parkplatz.net\/wp-content\/uploads\/2023\/07\/2021-05-02-Konrad-Binder-zu-Sportoutlet-auf-Meine-Idee-fuer-Haag.png\" target=\"_blank\" rel=\"noreferrer noopener\">perfekten Lage<\/a> schreibt.<\/p>\n\n\n\n<p>Ver\u00f6ffentlicht am 28. August 2021<\/p>\n\n\n\n<p>Anmerkung vom 8. Juli 2023: <\/p>\n\n\n\n<ul class=\"wp-block-list\">\n<li>Es wurde bis heute kein Fehler in diesem Artikel gemeldet. <\/li>\n\n\n\n<li>Diese Informationspolitik war einer der Hauptgr\u00fcnde f\u00fcr den Start der <a href=\"https:\/\/erlebnis-parkplatz.net\/?page_id=6876\" target=\"_blank\" rel=\"noreferrer noopener\">B\u00fcrger:innen-Initiative &#8222;Offene T\u00fcren: Transparenzpaket Gemeinderatssitzungen&#8220;.<\/a><\/li>\n<\/ul>\n\n\n\n<p><strong>Quelle Abbildungen:<\/strong><\/p>\n\n\n\n<p>Abbildung Zitat zu Beginn des Artikels:<br>https:\/\/de-de.facebook.com\/photo\/?fbid=10165822778640078&amp;set=ecnf.734165077, abgerufen am 27.08.2021<br><br>Abbildung fehlende Kundmachung der Gemeinderatssitzung vom 28.1. auf der Online-Amtstafel: <a href=\"https:\/\/www.haag-hausruck.at\/system\/web\/amtstafel.aspx?page=1&amp;cmd=showarchiv&amp;menuonr=226816194\">Bildsc<\/a><a rel=\"noreferrer noopener\" href=\"https:\/\/www.haag-hausruck.at\/system\/web\/amtstafel.aspx?page=1&amp;cmd=showarchiv&amp;menuonr=226816194\" target=\"_blank\">h<\/a><a href=\"https:\/\/www.haag-hausruck.at\/system\/web\/amtstafel.aspx?page=1&amp;cmd=showarchiv&amp;menuonr=226816194\">irmfoto des Archivs der Online-Amtstafel auf der Website der Marktgemeinde Haag<\/a>, abgerufen am 07.09.2021.<\/p>\n\n\n\n<p>Abbildung Kundmachung Planauflage: <a rel=\"noreferrer noopener\" href=\"https:\/\/www.haag-hausruck.at\/system\/web\/amtstafel.aspx?page=1&amp;cmd=showarchiv&amp;menuonr=226816194\" target=\"_blank\">Archiv Online-Amtstafel der Marktgemeinde Haag\/H.,<\/a> abgerufen am 08.09.2021<\/p>\n\n\n\n<p>Abbildung Protokoll 28.1.: Protokoll der Gemeinderatssitzung vom 28.01.2021, <a rel=\"noreferrer noopener\" href=\"https:\/\/ausliebezuhaag.at\/wp-content\/uploads\/2021\/08\/2021-01-28-Protokoll-Gemeinderatssitzung-Beschluss-Einleitung-Umwidmung-Gruenguertel-Kopie.pdf\" target=\"_blank\">Tagesordnungspunkt 9: Fl\u00e4chenwidmungsplan-\u00c4nderung und \u00c4nderung des \u00f6rtlichen Entwicklungskonzeptes f\u00fcr Grundst\u00fcck 631\/2, KG Obernhaag \u2013 Einleitungsbeschluss<\/a>, S 45-47.<\/p>\n\n\n\n<p><strong>Quelle Informationen:<\/strong><\/p>\n\n\n\n<p>Beantwortung einer Anfrage zu Thema Ver\u00f6ffentlichung von Gemeinderatssitzungen durch das Land Ober\u00f6sterreich, per Mail vom 28.6.2021<\/p>\n","protected":false},"excerpt":{"rendered":"<p>Die gesamte Wahrheit gibt es f\u00fcr mich nicht. Weder auf dieser Website noch auf den Kan\u00e4len derjenigen, die die Welt anders sehen. Das ist auch gut so. Denn so haben wir alle die Freiheit, dass wir uns mithilfe von Informationen aus verschiedenen Quellen, auf Grundlage unserer pers\u00f6nlichen Werte und im Austausch mit unseren Mitmenschen eine&hellip; <a class=\"more-link\" href=\"https:\/\/erlebnis-parkplatz.net\/?page_id=7024\"><span class=\"screen-reader-text\">Die gesamte Wahrheit?<\/span> weiterlesen<\/a><\/p>\n","protected":false},"author":2,"featured_media":7033,"parent":6876,"menu_order":0,"comment_status":"closed","ping_status":"closed","template":"","meta":{"footnotes":""},"class_list":["post-7024","page","type-page","status-publish","has-post-thumbnail","hentry","entry"],"_links":{"self":[{"href":"https:\/\/erlebnis-parkplatz.net\/index.php?rest_route=\/wp\/v2\/pages\/7024","targetHints":{"allow":["GET"]}}],"collection":[{"href":"https:\/\/erlebnis-parkplatz.net\/index.php?rest_route=\/wp\/v2\/pages"}],"about":[{"href":"https:\/\/erlebnis-parkplatz.net\/index.php?rest_route=\/wp\/v2\/types\/page"}],"author":[{"embeddable":true,"href":"https:\/\/erlebnis-parkplatz.net\/index.php?rest_route=\/wp\/v2\/users\/2"}],"replies":[{"embeddable":true,"href":"https:\/\/erlebnis-parkplatz.net\/index.php?rest_route=%2Fwp%2Fv2%2Fcomments&post=7024"}],"version-history":[{"count":2,"href":"https:\/\/erlebnis-parkplatz.net\/index.php?rest_route=\/wp\/v2\/pages\/7024\/revisions"}],"predecessor-version":[{"id":7037,"href":"https:\/\/erlebnis-parkplatz.net\/index.php?rest_route=\/wp\/v2\/pages\/7024\/revisions\/7037"}],"up":[{"embeddable":true,"href":"https:\/\/erlebnis-parkplatz.net\/index.php?rest_route=\/wp\/v2\/pages\/6876"}],"wp:featuredmedia":[{"embeddable":true,"href":"https:\/\/erlebnis-parkplatz.net\/index.php?rest_route=\/wp\/v2\/media\/7033"}],"wp:attachment":[{"href":"https:\/\/erlebnis-parkplatz.net\/index.php?rest_route=%2Fwp%2Fv2%2Fmedia&parent=7024"}],"curies":[{"name":"wp","href":"https:\/\/api.w.org\/{rel}","templated":true}]}}