{"id":7015,"date":"2023-07-08T10:19:16","date_gmt":"2023-07-08T09:19:16","guid":{"rendered":"https:\/\/erlebnis-parkplatz.net\/?page_id=7015"},"modified":"2024-07-05T13:03:57","modified_gmt":"2024-07-05T12:03:57","slug":"steiermark-ade","status":"publish","type":"page","link":"https:\/\/erlebnis-parkplatz.net\/?page_id=7015","title":{"rendered":"Steiermark &#8211; ade?"},"content":{"rendered":"\n<p><strong>1951 betrug die landwirtschaftlich genutzte Fl\u00e4che in \u00d6sterreich 4,08 Mio. ha \u2013 2016 nur noch 2,67 Mio. ha. Das ist ein R\u00fcckgang von 1,41 Mio. ha bzw. 14.090 km<sup>2<\/sup>. Wir haben also seit 1951 bereits mehr als ganz Ober\u00f6sterreich (11.718 km<sup>2<\/sup>) an landwirtschaftlicher Nutzfl\u00e4che verloren und wenn wir so weitermachen, dann ist es demn\u00e4chst die ganze Steiermark (16.251 km<sup>2<\/sup>). Es ist also h\u00f6chste Zeit f\u00fcr eine Aufwertung und einen wirklichen Schutz der landwirtschaftlichen Nutzfl\u00e4chen \u2013 jener Fl\u00e4chen, die unsere Lebensmittel produzieren.<\/strong><\/p>\n\n\n\n<p>Der Bodenpreis von Gr\u00fcnland ist in \u00d6sterreich durchschnittlich 26x niedriger als der Preis von Bauland. Bei Betriebsbaugebiet ist der Unterschied etwas geringer, aber das Grundproblem bleibt: Wenn Gr\u00fcnland in Mischbaugebiet, Betriebsbaugebiet oder Bauland umgewidmet wird, ist es auf einmal viel mehr wert. Es gibt einen sehr hohen finanziellen Anreiz f\u00fcr die Umwidmung von Gr\u00fcnland in Bauland.<\/p>\n\n\n\n<p>Konkret bewirken die dzt. Bodenpreise Folgendes: Es braucht enorm hohe ideelle Werte, damit Grundbesitzer*innen, die nicht selber Landwirtschaft betreiben sagen: Ich verpachte diese Wiese\/diese Acker weiter einem Bauern oder eine B\u00e4uerin, anstatt das Grunds\u00fcck gewinnbringend f\u00fcr eine Bebauung zu verkaufen.<\/p>\n\n\n\n<p>Auch f\u00fcr B\u00e4uerinnen und Bauern, die ihr Land noch selber bewirtschaften, stehen vor einem Problem: Die Landwirtschaft steht unter zunehmendem finanziellen Druck (sinkende Produktpreise, steigende Betriebskosten) und die Ertr\u00e4ge, die eine bewirtschaftete Fl\u00e4che abwirft stehen \u2013 von der Arbeit, die diese Bewirtschaftung erfordert ganz abgesehen \u2013 in keinem Verh\u00e4ltnis zum Gewinn, den der Verkauf von Gr\u00fcnland f\u00fcr eine Bebauung abwirft. Auch B\u00e4uerinnen und Bauern sind also ideell stark gefordert, wenn jemand an sie bzgl. einer Umwidmung ihrer Grundst\u00fccke herantritt.<\/p>\n\n\n\n<p>Der finanzielle Druck f\u00fcr eine Umwidmung landwirtschaftlich genutzter Fl\u00e4chen ist insgesamt enorm. Wir stufen als Gesellschaft landwirtschaftliche Nutzfl\u00e4chen als bedeutend weniger wertvoll ein als bebaute Fl\u00e4chen. Dabei sind es diese Fl\u00e4chen, die unsere Lebensmittel produzieren \u2013 die Grundlage unseres Lebens.<\/p>\n\n\n\n<p>Ich finde: Es ist Zeit, dass wir unsere landwirtschaftlichen Nutzfl\u00e4chen mehr sch\u00e4tzen (lernen). Die ungleichen Bodenpreise k\u00f6nnen wir damit zwar wom\u00f6glich nicht unmittelbar beeinflussen. Wenn wir aber landwirtschaftliche Nutzfl\u00e4chen wirklich sch\u00e4tzen lernen und wirklich sch\u00fctzen wollen, dann werden wir anfangen anders zu denken. Wir werden nicht mehr sagen: Auf welchem Gr\u00fcnland k\u00f6nnten wir in unserem Ort einen neuen Betrieb bauen? Sondern wir werden sagen: Wie k\u00f6nnen wir Bestehendes nutzen, um eine neue Dienstleistung \/ eine neue Produktion zu erm\u00f6glichen? Wo ist es am Sinnvollsten, dass eine gewisse Nutzung erfolgt (z.B.: Muss ein Lager wirklich in unserem Ort stehen, wenn in anderen Ort leer stehende Geb\u00e4ude der erforderlichen Gr\u00f6\u00dfe verf\u00fcgbar sind)? Wie k\u00f6nnen wir als Gemeinde ein Konzept erarbeiten, dass die Nutzung unserer leerstehenden Geb\u00e4ude m\u00f6glich macht?<\/p>\n\n\n\n<p>Wenn wir landwirtschaftlich genutzte Fl\u00e4chen (wieder) mehr sch\u00e4tzen lernen, dann gewinnen wir alle. Wir sichern die Produktionsfl\u00e4chen f\u00fcr unsere Lebensmittel \u2013 und erh\u00f6hen gleichzeitig die Anreize f\u00fcr die Nutzung bereits verf\u00fcgbarer Geb\u00e4ude, die sonst leer stehen w\u00fcrden.<\/p>\n\n\n\n<p>Informationen zur Ausstellung &#8222;Boden f\u00fcr alle&#8220; und eine Bestellm\u00f6glichkeit des Ausstellungskatalogs (sehr empfehlenswert!) gibt es <a rel=\"noreferrer noopener\" href=\"https:\/\/www.azw.at\/de\/termin\/boden-fuer-alle\/\" target=\"_blank\">hier<\/a>. <\/p>\n","protected":false},"excerpt":{"rendered":"<p>1951 betrug die landwirtschaftlich genutzte Fl\u00e4che in \u00d6sterreich 4,08 Mio. ha \u2013 2016 nur noch 2,67 Mio. ha. Das ist ein R\u00fcckgang von 1,41 Mio. ha bzw. 14.090 km2. Wir haben also seit 1951 bereits mehr als ganz Ober\u00f6sterreich (11.718 km2) an landwirtschaftlicher Nutzfl\u00e4che verloren und wenn wir so weitermachen, dann ist es demn\u00e4chst die&hellip; <a class=\"more-link\" href=\"https:\/\/erlebnis-parkplatz.net\/?page_id=7015\"><span class=\"screen-reader-text\">Steiermark &#8211; ade?<\/span> weiterlesen<\/a><\/p>\n","protected":false},"author":2,"featured_media":7017,"parent":6964,"menu_order":0,"comment_status":"closed","ping_status":"closed","template":"","meta":{"footnotes":""},"class_list":["post-7015","page","type-page","status-publish","has-post-thumbnail","hentry","entry"],"_links":{"self":[{"href":"https:\/\/erlebnis-parkplatz.net\/index.php?rest_route=\/wp\/v2\/pages\/7015","targetHints":{"allow":["GET"]}}],"collection":[{"href":"https:\/\/erlebnis-parkplatz.net\/index.php?rest_route=\/wp\/v2\/pages"}],"about":[{"href":"https:\/\/erlebnis-parkplatz.net\/index.php?rest_route=\/wp\/v2\/types\/page"}],"author":[{"embeddable":true,"href":"https:\/\/erlebnis-parkplatz.net\/index.php?rest_route=\/wp\/v2\/users\/2"}],"replies":[{"embeddable":true,"href":"https:\/\/erlebnis-parkplatz.net\/index.php?rest_route=%2Fwp%2Fv2%2Fcomments&post=7015"}],"version-history":[{"count":1,"href":"https:\/\/erlebnis-parkplatz.net\/index.php?rest_route=\/wp\/v2\/pages\/7015\/revisions"}],"predecessor-version":[{"id":7020,"href":"https:\/\/erlebnis-parkplatz.net\/index.php?rest_route=\/wp\/v2\/pages\/7015\/revisions\/7020"}],"up":[{"embeddable":true,"href":"https:\/\/erlebnis-parkplatz.net\/index.php?rest_route=\/wp\/v2\/pages\/6964"}],"wp:featuredmedia":[{"embeddable":true,"href":"https:\/\/erlebnis-parkplatz.net\/index.php?rest_route=\/wp\/v2\/media\/7017"}],"wp:attachment":[{"href":"https:\/\/erlebnis-parkplatz.net\/index.php?rest_route=%2Fwp%2Fv2%2Fmedia&parent=7015"}],"curies":[{"name":"wp","href":"https:\/\/api.w.org\/{rel}","templated":true}]}}