{"id":7004,"date":"2023-07-08T09:54:26","date_gmt":"2023-07-08T08:54:26","guid":{"rendered":"https:\/\/erlebnis-parkplatz.net\/?page_id=7004"},"modified":"2024-07-05T13:03:57","modified_gmt":"2024-07-05T12:03:57","slug":"niedernhaag-steinpoint-umfahrung","status":"publish","type":"page","link":"https:\/\/erlebnis-parkplatz.net\/?page_id=7004","title":{"rendered":"Niedernhaag = Steinpoint = Umfahrung?"},"content":{"rendered":"\n<p><strong>Ende 2017 wurde im Haager Gemeinderat die Ansiedlung einer Firma zwischen Umfahrung und Autobahn eingeleitet und das entsprechende Projekt zuerst &#8222;Betriebsbaugebiet Steinpoint-Niedernhaag&#8220;, dann &#8222;Betriebsbaugebiet Niedernhaag&#8220; und schlie\u00dflich &#8222;Betriebsbaugebiet Umfahrung&#8220; genannt. Das wirft die Frage auf: Wo ist denn nun genau ein Betriebsbaugebiet geplant &#8211; und wie gro\u00df soll es schlussendlich wer <\/strong><\/p>\n\n\n\n<p>Bei der Einleitung der Betriebsansiedlung der Firma Biomin am 16.11.2017 wurde dem Gemeinderat die geplante Ansiedlung von mittelfristig zwei Betrieben pr\u00e4sentiert. Das Ganze wurde im Protokoll der darauf folgenden Gemeinderatssitzung vom 14.12.2017 dann <em>&#8222;Betriebsbaugebiet Niedernhaag-Steinpoint&#8220;<\/em> genannt. Dieser Name weist auf Pl\u00e4ne f\u00fcr Betriebsansiedlungen hin, die sich auf die Seite zwischen Umfahrung und Autobahn beschr\u00e4nken (sowohl Niedernhaag als auch Steinpoint liegen auf dieser Seite der Umfahrung). Die Erw\u00e4hnung von Steinpoint im Projektnahmen wirft dabei die Frage auf, ob &#8211; ohne dies explizit zu erw\u00e4hnen &#8211; von den Namensgebenden des Projektes f\u00fcr die Zukunft weitere Betriebsansiedlungen Richtung Steinpoint ins Auge gefasst wurden (und werden). <\/p>\n\n\n\n<p>An der Gemeinderatssitzung vom 14.06.2018 wurde dann unter T<em>agesordnungspunkt 4 ein Finanzierungsplan f\u00fcr den au\u00dferordentlichen Haushalt das Projekt &#8222;Betriebsbaugebiet Niedernhaag&#8220; <\/em>angef\u00fchrt, gefolgt vom Tagesordnungspunkt 5 <em>&#8222;Wassserleitungsbau `Betriebsbaugebiet Niedernhaag-Steinpoint` : Grundsatzbeschluss Ringleitung&#8220;<\/em>. <\/p>\n\n\n\n<p>Im Protokoll vom 13.12.2018 hie\u00df das Projekt dann &#8211; ohne Angabe von Gr\u00fcnden f\u00fcr die Umbenennung &#8211; auf einmal &#8222;Betriebsbaugebiet Umfahrung&#8220; &#8211; ein Name der auf Betriebsansiedlungen beiderseits der Umfahrung hinweist. Es behielt dann diesen Namen.<\/p>\n\n\n\n<p>Es bleibt offen, in welcher Gr\u00f6\u00dfe die Gemeindeverantwortlichen dieses Betriebsbaugebiet &#8222;Niedernhaag-Steinpoint-Umfahrung&#8220; geplant haben. Im derzeitigen \u00f6rtlichen Entwicklungskonzept \u00d6EK sind jedenfalls an der Umfahrung gro\u00dfz\u00fcgige Betriebsbaugebiete vorgesehen, die wertvolle landwirtschaftliche Fl\u00e4chen zerst\u00f6ren und das Ortsbild (noch weiter) grundlegend ver\u00e4ndern w\u00fcrden. Dies betrifft akut v.a. die Ortschaften <a href=\"https:\/\/erlebnis-parkplatz.net\/?page_id=6904\" target=\"_blank\" rel=\"noreferrer noopener\">Pramwald, Reischau und Steinpoint<\/a>.<\/p>\n\n\n\n<p>Erstver\u00f6ffentlichung: 19.09.2021, \u00dcberarbeitung: 08.08.2023<\/p>\n","protected":false},"excerpt":{"rendered":"<p>Ende 2017 wurde im Haager Gemeinderat die Ansiedlung einer Firma zwischen Umfahrung und Autobahn eingeleitet und das entsprechende Projekt zuerst &#8222;Betriebsbaugebiet Steinpoint-Niedernhaag&#8220;, dann &#8222;Betriebsbaugebiet Niedernhaag&#8220; und schlie\u00dflich &#8222;Betriebsbaugebiet Umfahrung&#8220; genannt. Das wirft die Frage auf: Wo ist denn nun genau ein Betriebsbaugebiet geplant &#8211; und wie gro\u00df soll es schlussendlich wer Bei der Einleitung der&hellip; <a class=\"more-link\" href=\"https:\/\/erlebnis-parkplatz.net\/?page_id=7004\"><span class=\"screen-reader-text\">Niedernhaag = Steinpoint = Umfahrung?<\/span> weiterlesen<\/a><\/p>\n","protected":false},"author":2,"featured_media":6912,"parent":6964,"menu_order":0,"comment_status":"closed","ping_status":"closed","template":"","meta":{"footnotes":""},"class_list":["post-7004","page","type-page","status-publish","has-post-thumbnail","hentry","entry"],"_links":{"self":[{"href":"https:\/\/erlebnis-parkplatz.net\/index.php?rest_route=\/wp\/v2\/pages\/7004","targetHints":{"allow":["GET"]}}],"collection":[{"href":"https:\/\/erlebnis-parkplatz.net\/index.php?rest_route=\/wp\/v2\/pages"}],"about":[{"href":"https:\/\/erlebnis-parkplatz.net\/index.php?rest_route=\/wp\/v2\/types\/page"}],"author":[{"embeddable":true,"href":"https:\/\/erlebnis-parkplatz.net\/index.php?rest_route=\/wp\/v2\/users\/2"}],"replies":[{"embeddable":true,"href":"https:\/\/erlebnis-parkplatz.net\/index.php?rest_route=%2Fwp%2Fv2%2Fcomments&post=7004"}],"version-history":[{"count":2,"href":"https:\/\/erlebnis-parkplatz.net\/index.php?rest_route=\/wp\/v2\/pages\/7004\/revisions"}],"predecessor-version":[{"id":7007,"href":"https:\/\/erlebnis-parkplatz.net\/index.php?rest_route=\/wp\/v2\/pages\/7004\/revisions\/7007"}],"up":[{"embeddable":true,"href":"https:\/\/erlebnis-parkplatz.net\/index.php?rest_route=\/wp\/v2\/pages\/6964"}],"wp:featuredmedia":[{"embeddable":true,"href":"https:\/\/erlebnis-parkplatz.net\/index.php?rest_route=\/wp\/v2\/media\/6912"}],"wp:attachment":[{"href":"https:\/\/erlebnis-parkplatz.net\/index.php?rest_route=%2Fwp%2Fv2%2Fmedia&parent=7004"}],"curies":[{"name":"wp","href":"https:\/\/api.w.org\/{rel}","templated":true}]}}