{"id":6976,"date":"2023-07-07T21:08:37","date_gmt":"2023-07-07T20:08:37","guid":{"rendered":"https:\/\/erlebnis-parkplatz.net\/?page_id=6976"},"modified":"2024-07-05T13:06:02","modified_gmt":"2024-07-05T12:06:02","slug":"die-koepfe-hinter-der-haager-ortsentwicklung","status":"publish","type":"page","link":"https:\/\/erlebnis-parkplatz.net\/?page_id=6976","title":{"rendered":"Die K\u00f6pfe hinter der Haager Orts-entwicklung"},"content":{"rendered":"\n<p>(Stand: 21.09.2023)<\/p>\n\n\n\n<p><strong>Am 8.11.2021 wurde der derzeitige Gemeinderat von Haag am Hausruck angelobt &#8211; und damit auch der &#8222;Entwicklungsausschuss f\u00fcr \u00f6rtliche Raumplanung, Ortsentwicklung und Allgemeine Umweltfragen&#8220;. Das ist der Ausschuss, der die Vorentscheidungen dar\u00fcber trifft, wie Haag in Zukunft aussieht. Umso wichtiger ist es, die K\u00f6pfe dieses Ausschusses zu kennen.<\/strong><\/p>\n\n\n\n<p>Der Haager Ortsentwicklungsausschuss hat 5 Mitglieder: 3 \u00d6VP, 1 SP\u00d6 und 1 Gr\u00fcne. Die \u00d6VP hat im Ortsentwicklungsausschuss die absolute Mehrheit, obwohl sie bei den Gemeinderatswahlen am 26.09.2021 diese absolute Mehrheit im Gesamt-Gemeinderat verloren hat. Zur\u00fcckzuf\u00fchren ist dies auf das ober\u00f6sterreichische Wahlrecht. Die \u00d6VP stellt &#8211; wie auch im Bau- und Tourismusausschuss &#8211; den Obmann. Dieser hat das Recht auf Berichterstattung an den Gemeinderatssitzungen. Also Achtung: Nur weil an einer Gemeinderatssitzung h\u00e4ufig ein \u00d6VP-Mitglied aus Aussch\u00fcssen berichtet, hei\u00dft das nicht, dass die \u00d6VP aktiver ist als die anderen Parteien. Sie wird nur einfach von der o\u00f6. Wahlrecht bevorzugt.  <\/p>\n\n\n\n<p><strong>Ausschuss und Bodenschutz<\/strong><\/p>\n\n\n\n<p>Der neuen Entwicklungsausschuss hat &#8211; im Gegensatz zum Ausschuss vor der Wahl &#8211; ein Mitglied einer Partei, dass den Bodenschutz als Wahlmotto \u00f6ffentlich unterst\u00fctzt hat: Thomas Waldenberger von den Gr\u00fcnen. Sein Wahlmotto war: <em>&#8222;Die Gr\u00fcnen stehen f\u00fcr sorgsamen Umgang mit unseren Ressourcen. Das betrifft viele Bereiche wie Raumordnung, regionale Produkte, Mobilit\u00e4t, Wertstoffe. Wir ben\u00f6tigen eine Vision f\u00fcr unseren Ort. Gemeinsam k\u00f6nnen wir die Zukunft gestalten.&#8220;<\/em> Die anderen Mitglieder haben den Bodenschutz in ihren Wahlmottos nicht erw\u00e4hnt (siehe unten). <\/p>\n\n\n\n<p><strong>Wechsel in der \u00d6VP<\/strong><\/p>\n\n\n\n<p>Von der Wahl 2021 bis zum September 2023 war Michael Moosmayr im Entwicklungsausschuss. Seit seinem R\u00fccktritt aus dem Gemeinderat ist das dritte \u00d6VP-Mitglied im Entwicklungsausschuss Thomas Rabengruber<\/p>\n\n\n\n<p><\/p>\n\n\n\n<p><strong>Die genaue &#8211; rein m\u00e4nnliche &#8211; Zusammensetzung sieht so aus:<\/strong><\/p>\n\n\n\n<p><strong><mark style=\"background-color:rgba(0, 0, 0, 0);color:#0614e2\" class=\"has-inline-color\">Obmann<\/mark><mark style=\"background-color:rgba(0, 0, 0, 0);color:#000aa3\" class=\"has-inline-color\">:<\/mark> <\/strong><br><strong>Alexander Heftberger, \u00d6VP<\/strong><br><em>Landwirt<\/em><br><em>vor Wahl 2021 Ersatzmitglied Entwicklungsausschus<\/em>s<br><em>Wahl-Motto: &#8222;Willst du was bewegen, musst du dich bewegen&#8220;.<\/em><br><br><strong><mark style=\"background-color:rgba(0, 0, 0, 0);color:#0614e2\" class=\"has-inline-color\">Stv. Obmann: <\/mark><\/strong><br><strong>Peter Dallinger, \u00d6VP<em> <\/em><\/strong><br><em>Landwirt<\/em><br><em>bereits bisher stv. Obmann, <\/em><br><em>Wahl-Motto: &#8222;Nicht Worte ver\u00e4ndern die Welt, sondern Taten. Ver\u00e4nderung beginnt bei jedem selbst.&#8220;<\/em><br><br><strong><mark style=\"background-color:rgba(0, 0, 0, 0);color:#0614e2\" class=\"has-inline-color\">Mitglieder: <\/mark><\/strong><br><strong><mark style=\"background-color:rgba(0, 0, 0, 0)\" class=\"has-inline-color has-black-color\">Thomas Rabengruber, \u00d6VP<\/mark><\/strong><br>(Nachfolger von Michael Moosmayr)<br>Instandhalter <br>seit September 2023 neu im Ausschuss<br><em>Wahl-Motto: &#8222;Anpacken. Weil sudern am Wirtshaustisch ver\u00e4ndert nix.&#8220;<br><\/em><br><strong><mark style=\"background-color:rgba(0, 0, 0, 0);color:#dc0303\" class=\"has-inline-color\">Sebastian Hummer, SP\u00d6<\/mark><\/strong><br><em>Lehrabschluss Maler &amp; Anstreicher, Au\u00dfendienstmitarbeiter<\/em><br><em>neu im Gemeinderat &amp; Ausschuss, <\/em><br><em>Wahl-Motto: &#8222;Gemeinsam unser sch\u00f6nes Haag in die Zukunft f\u00fchren&#8220;<\/em>.<\/p>\n\n\n\n<p><mark style=\"background-color:rgba(0, 0, 0, 0);color:#1ea300\" class=\"has-inline-color\"><strong>Thomas Waldenberger, Gr\u00fcne<\/strong><\/mark><br><em>Bildhauer &amp; Betreiber der Haager Kunst- und Kulturst\u00e4tte M\u00fclikoasahof<\/em><br><em>neu im Ausschuss<\/em>.<br><em>Wahl-Motto<\/em>:<\/p>\n\n\n\n<figure class=\"wp-block-image size-full\"><a href=\"https:\/\/erlebnis-parkplatz.net\/wp-content\/uploads\/2023\/11\/grafik-1.png\"><img loading=\"lazy\" decoding=\"async\" width=\"470\" height=\"150\" src=\"https:\/\/erlebnis-parkplatz.net\/wp-content\/uploads\/2023\/11\/grafik-1.png\" alt=\"\" class=\"wp-image-8617\" srcset=\"https:\/\/erlebnis-parkplatz.net\/wp-content\/uploads\/2023\/11\/grafik-1.png 470w, https:\/\/erlebnis-parkplatz.net\/wp-content\/uploads\/2023\/11\/grafik-1-300x96.png 300w\" sizes=\"auto, (max-width: 470px) 100vw, 470px\" \/><\/a><\/figure>\n\n\n\n<p>Meldung von Fehlern sehr willkommen. <\/p>\n\n\n\n<p><strong>Quellen<\/strong>:<br><a rel=\"noreferrer noopener\" href=\"https:\/\/www.haag-hausruck.at\/Entwicklungsausschuss\" target=\"_blank\">Informationen zum Entwicklungsausschuss auf der Website der Marktgemeinde Haag am Hausruck<\/a>, abgerufen am 07.07.2023<\/p>\n\n\n\n<p><a href=\"https:\/\/ausliebezuhaag.at\/wp-content\/uploads\/2021\/11\/2021-09-ortspoest.pdf\" target=\"_blank\" rel=\"noreferrer noopener\">Ortsp\u00f6st SP\u00d6 Haag am Hausruck, September 2021<\/a><\/p>\n\n\n\n<p>Hallo Haag, \u00d6VP Haag am Hausruck, August 2021<\/p>\n\n\n\n<p><a href=\"https:\/\/www.biogena-art-forum.com\/kuenstler\/thomas-waldenberger\" target=\"_blank\" rel=\"noreferrer noopener\">Biogena Art Forum<\/a>, abgerufen am 26.11.2021<\/p>\n\n\n\n<p><a href=\"https:\/\/www.facebook.com\/gruenehaagamhausruck\/posts\/pfbid02PL3TrKFgMh33k5r8iFAJFJWPGX9WyGMxqLtc3S1z2eKHMidGaj2p9ESB9BrMsa8dl\" target=\"_blank\" rel=\"noreferrer noopener\">Die Gr\u00fcnen Haag am Hausruck, Facebookseite<\/a>, Post zu Thomas Waldenberger vom 23.08.2021, abgerufen am 05.11.2023<\/p>\n\n\n\n<p>Protokoll Gemeinderatssitzung 28.1.2021 sowie diverse Protokolle Gemeinderatssitzungen 2013-2021<\/p>\n","protected":false},"excerpt":{"rendered":"<p>(Stand: 21.09.2023) Am 8.11.2021 wurde der derzeitige Gemeinderat von Haag am Hausruck angelobt &#8211; und damit auch der &#8222;Entwicklungsausschuss f\u00fcr \u00f6rtliche Raumplanung, Ortsentwicklung und Allgemeine Umweltfragen&#8220;. Das ist der Ausschuss, der die Vorentscheidungen dar\u00fcber trifft, wie Haag in Zukunft aussieht. Umso wichtiger ist es, die K\u00f6pfe dieses Ausschusses zu kennen. Der Haager Ortsentwicklungsausschuss hat 5&hellip; <a class=\"more-link\" href=\"https:\/\/erlebnis-parkplatz.net\/?page_id=6976\"><span class=\"screen-reader-text\">Die K\u00f6pfe hinter der Haager Orts-entwicklung<\/span> weiterlesen<\/a><\/p>\n","protected":false},"author":2,"featured_media":6977,"parent":6918,"menu_order":0,"comment_status":"closed","ping_status":"closed","template":"","meta":{"footnotes":""},"class_list":["post-6976","page","type-page","status-publish","has-post-thumbnail","hentry","entry"],"_links":{"self":[{"href":"https:\/\/erlebnis-parkplatz.net\/index.php?rest_route=\/wp\/v2\/pages\/6976","targetHints":{"allow":["GET"]}}],"collection":[{"href":"https:\/\/erlebnis-parkplatz.net\/index.php?rest_route=\/wp\/v2\/pages"}],"about":[{"href":"https:\/\/erlebnis-parkplatz.net\/index.php?rest_route=\/wp\/v2\/types\/page"}],"author":[{"embeddable":true,"href":"https:\/\/erlebnis-parkplatz.net\/index.php?rest_route=\/wp\/v2\/users\/2"}],"replies":[{"embeddable":true,"href":"https:\/\/erlebnis-parkplatz.net\/index.php?rest_route=%2Fwp%2Fv2%2Fcomments&post=6976"}],"version-history":[{"count":7,"href":"https:\/\/erlebnis-parkplatz.net\/index.php?rest_route=\/wp\/v2\/pages\/6976\/revisions"}],"predecessor-version":[{"id":13292,"href":"https:\/\/erlebnis-parkplatz.net\/index.php?rest_route=\/wp\/v2\/pages\/6976\/revisions\/13292"}],"up":[{"embeddable":true,"href":"https:\/\/erlebnis-parkplatz.net\/index.php?rest_route=\/wp\/v2\/pages\/6918"}],"wp:featuredmedia":[{"embeddable":true,"href":"https:\/\/erlebnis-parkplatz.net\/index.php?rest_route=\/wp\/v2\/media\/6977"}],"wp:attachment":[{"href":"https:\/\/erlebnis-parkplatz.net\/index.php?rest_route=%2Fwp%2Fv2%2Fmedia&parent=6976"}],"curies":[{"name":"wp","href":"https:\/\/api.w.org\/{rel}","templated":true}]}}