{"id":6964,"date":"2023-07-07T19:23:34","date_gmt":"2023-07-07T18:23:34","guid":{"rendered":"https:\/\/erlebnis-parkplatz.net\/?page_id=6964"},"modified":"2024-07-05T13:03:57","modified_gmt":"2024-07-05T12:03:57","slug":"haag-sein-boden","status":"publish","type":"page","link":"https:\/\/erlebnis-parkplatz.net\/?page_id=6964","title":{"rendered":"Boden-Schatz"},"content":{"rendered":"\n<p><strong>In der 2. H\u00e4lfte des 20. Jahrhunderts wurden in Haag gro\u00dfe Fl\u00e4chen in Bauland umgewidmet. Viele von ihnen liegen im Ortszentrum und sind immer noch unverbaut. Gleichzeitig werden immer noch Fl\u00e4chen au\u00dferhalb der derzeitigen Siedlungsgrenzen als Bauland gewidmet. Diese Fl\u00e4chen gehen der Landwirtschaft verloren. Auch werden Wiesen &amp; \u00c4cker f\u00fcr Gewerbebetriebe verbaut, w\u00e4hrend es gleichzeitig Leerst\u00e4nde gibt. Ist das f\u00fcr die Allgemeinheit sinnvoll? Oder dient es den Privatinteressen einzelner Grundbesitzer:innen? <\/strong><\/p>\n\n\n\n<p>Diese und verwandte Fragen werden &#8211; auch \u00fcber Haag hinaus &#8211; in folgenden Beitr\u00e4gen beleuchtet:<\/p>\n\n\n\n<ul class=\"wp-block-list\">\n<li><a href=\"https:\/\/erlebnis-parkplatz.net\/?page_id=7117\" target=\"_blank\" rel=\"noreferrer noopener\">Der Boden &#8211; ein Tausendsassa<\/a><\/li>\n\n\n\n<li><a rel=\"noreferrer noopener\" href=\"https:\/\/erlebnis-parkplatz.net\/?page_id=6963\" target=\"_blank\">B\u00e4uerliche Solidarit\u00e4t, ade?<\/a> <\/li>\n\n\n\n<li><a href=\"https:\/\/erlebnis-parkplatz.net\/?page_id=7010\" target=\"_blank\" rel=\"noreferrer noopener\">Junge Familien f\u00fcr Haag &#8211; Perspektive Landwirtschaft<\/a><\/li>\n\n\n\n<li><a rel=\"noreferrer noopener\" href=\"https:\/\/erlebnis-parkplatz.net\/?page_id=6981\" target=\"_blank\">O\u00d6: &#8222;F\u00fchrend&#8220; im Bodenverbrauch<\/a><\/li>\n\n\n\n<li><a rel=\"noreferrer noopener\" href=\"https:\/\/erlebnis-parkplatz.net\/?page_id=7004\" target=\"_blank\">Niedernhaag = Steinpoint = Umfahrung?<\/a><\/li>\n\n\n\n<li><a rel=\"noreferrer noopener\" href=\"https:\/\/erlebnis-parkplatz.net\/?page_id=7015\" target=\"_blank\">Steiermark ade?<\/a><\/li>\n\n\n\n<li><a href=\"https:\/\/erlebnis-parkplatz.net\/?page_id=7088\" target=\"_blank\" rel=\"noreferrer noopener\">Warum Boden kein Joghurt ist<\/a><\/li>\n\n\n\n<li><a rel=\"noreferrer noopener\" href=\"https:\/\/erlebnis-parkplatz.net\/?page_id=7055\" target=\"_blank\">Biomin &amp; die doppelte Befangenheit<\/a><\/li>\n\n\n\n<li><a href=\"https:\/\/erlebnis-parkplatz.net\/?page_id=7142\" target=\"_blank\" rel=\"noreferrer noopener\">Bodengold in Niedernhaag<\/a><\/li>\n\n\n\n<li><a href=\"https:\/\/erlebnis-parkplatz.net\/?page_id=7108\" target=\"_blank\" rel=\"noreferrer noopener\">Hausruck-B\u00f6den trotzen Klimawandel<\/a><\/li>\n\n\n\n<li><a href=\"https:\/\/erlebnis-parkplatz.net\/?page_id=7082\" target=\"_blank\" rel=\"noreferrer noopener\">Weniger Boden, mehr Hagel<\/a><\/li>\n\n\n\n<li><a href=\"https:\/\/erlebnis-parkplatz.net\/?page_id=7058\" target=\"_blank\" rel=\"noreferrer noopener\">Bodenfreiheit<\/a><\/li>\n\n\n\n<li><a rel=\"noreferrer noopener\" href=\"https:\/\/erlebnis-parkplatz.net\/?page_id=7068\" target=\"_blank\">Munus &#8211; Boden f\u00fcr ein gutes Leben<\/a><\/li>\n\n\n\n<li><a href=\"https:\/\/erlebnis-parkplatz.net\/?page_id=7120\" target=\"_blank\" rel=\"noreferrer noopener\">Insekten sch\u00fctzen &#8211; es braucht B\u00f6den<\/a><\/li>\n\n\n\n<li><a rel=\"noreferrer noopener\" href=\"https:\/\/erlebnis-parkplatz.net\/?page_id=7079\" target=\"_blank\">Entsiegeln &#8211; das dauert<\/a><\/li>\n\n\n\n<li><a href=\"https:\/\/erlebnis-parkplatz.net\/?page_id=7136\" target=\"_blank\" rel=\"noreferrer noopener\">\u00d61: Der Boden und die Badewanne<\/a><\/li>\n\n\n\n<li><a href=\"https:\/\/erlebnis-parkplatz.net\/?page_id=7128\" target=\"_blank\" rel=\"noreferrer noopener\">Platz &#8222;sparen&#8220;: Unterrichtsideen<\/a>.<\/li>\n<\/ul>\n\n\n\n<p>Einen guten Gesamt\u00fcberblick \u00fcber die Situation bez\u00fcglich Bodenschutz in \u00d6sterreich bietet der Artikel <a rel=\"noreferrer noopener\" href=\"https:\/\/www.tagblatt-wienerzeitung.at\/nachrichten\/chronik\/oesterreich\/2050903-Flaechenverbrauch-Mangelware-Boden.html\" target=\"_blank\">&#8222;Fl\u00e4chenverbrauch: Mangelware Boden&#8220;<\/a> der Wiener Zeitung. Er stammt aus dem Jahr 2020, mit Update am 15.02.2022 und ist &#8211; leider &#8211; immer noch aktuell. <\/p>\n","protected":false},"excerpt":{"rendered":"<p>In der 2. H\u00e4lfte des 20. Jahrhunderts wurden in Haag gro\u00dfe Fl\u00e4chen in Bauland umgewidmet. Viele von ihnen liegen im Ortszentrum und sind immer noch unverbaut. Gleichzeitig werden immer noch Fl\u00e4chen au\u00dferhalb der derzeitigen Siedlungsgrenzen als Bauland gewidmet. Diese Fl\u00e4chen gehen der Landwirtschaft verloren. Auch werden Wiesen &amp; \u00c4cker f\u00fcr Gewerbebetriebe verbaut, w\u00e4hrend es gleichzeitig&hellip; <a class=\"more-link\" href=\"https:\/\/erlebnis-parkplatz.net\/?page_id=6964\"><span class=\"screen-reader-text\">Boden-Schatz<\/span> weiterlesen<\/a><\/p>\n","protected":false},"author":2,"featured_media":6907,"parent":0,"menu_order":0,"comment_status":"closed","ping_status":"closed","template":"","meta":{"footnotes":""},"class_list":["post-6964","page","type-page","status-publish","has-post-thumbnail","hentry","entry"],"_links":{"self":[{"href":"https:\/\/erlebnis-parkplatz.net\/index.php?rest_route=\/wp\/v2\/pages\/6964","targetHints":{"allow":["GET"]}}],"collection":[{"href":"https:\/\/erlebnis-parkplatz.net\/index.php?rest_route=\/wp\/v2\/pages"}],"about":[{"href":"https:\/\/erlebnis-parkplatz.net\/index.php?rest_route=\/wp\/v2\/types\/page"}],"author":[{"embeddable":true,"href":"https:\/\/erlebnis-parkplatz.net\/index.php?rest_route=\/wp\/v2\/users\/2"}],"replies":[{"embeddable":true,"href":"https:\/\/erlebnis-parkplatz.net\/index.php?rest_route=%2Fwp%2Fv2%2Fcomments&post=6964"}],"version-history":[{"count":14,"href":"https:\/\/erlebnis-parkplatz.net\/index.php?rest_route=\/wp\/v2\/pages\/6964\/revisions"}],"predecessor-version":[{"id":7920,"href":"https:\/\/erlebnis-parkplatz.net\/index.php?rest_route=\/wp\/v2\/pages\/6964\/revisions\/7920"}],"wp:featuredmedia":[{"embeddable":true,"href":"https:\/\/erlebnis-parkplatz.net\/index.php?rest_route=\/wp\/v2\/media\/6907"}],"wp:attachment":[{"href":"https:\/\/erlebnis-parkplatz.net\/index.php?rest_route=%2Fwp%2Fv2%2Fmedia&parent=6964"}],"curies":[{"name":"wp","href":"https:\/\/api.w.org\/{rel}","templated":true}]}}