{"id":6963,"date":"2023-07-07T19:32:14","date_gmt":"2023-07-07T18:32:14","guid":{"rendered":"https:\/\/erlebnis-parkplatz.net\/?page_id=6963"},"modified":"2024-07-05T13:03:57","modified_gmt":"2024-07-05T12:03:57","slug":"baeuerliche-solidaritaet-ade","status":"publish","type":"page","link":"https:\/\/erlebnis-parkplatz.net\/?page_id=6963","title":{"rendered":"B\u00e4uerliche Solidarit\u00e4t &#8211; ad\u00e9?"},"content":{"rendered":"\n<p><strong>Dieser Tage ist viel von Solidarit\u00e4t die Rede \u2013 ein ganz wichtiger Wert f\u00fcr den gesellschaftlichen Zusammenhalt. Darum m\u00f6chte ich heute einen Aspekt beleuchten, der in Bezug auf den Bodenschutz von zentraler Bedeutung ist: die b\u00e4uerliche Solidarit\u00e4t. Oder etwas konkreter ausgedr\u00fcckt: Wie solidarisch \u2013 gegen\u00fcber Landwirt*innen \u2013 ist es eigentlich, wenn jemand, der landwirtschaftlichen Boden besitzt, diesen an ein Wirtschaftsunternehmen verkauft statt an Landwirt*innen? Wie solidarisch \u2013 gegen\u00fcber Landwirt*innen \u2013 ist es eigentlich, wenn ein Gemeinderat landwirtschaftliche B\u00f6den grossfl\u00e4chig als Betriebsfl\u00e4chen ausweist? Ist das gerechtfertigt oder anders gefragt: Wie viel z\u00e4hlt in Haag am Hausruck (und dar\u00fcber hinaus) Geld \u2013 und wie viel Solidarit\u00e4t?<\/strong><\/p>\n\n\n\n<p>Es geht mir in diesem Beitrag um die Entscheidung: Verwende ich eine Fl\u00e4che, um Lebensmittel zu erzeugen \u2013 oder versiegle ich sie, um ein Wirtschaftsunternehmen anzusiedeln? Bei der Diskussion dieser Frage ist f\u00fcr mich im Zusammenhang mit der Fragestellung \u201cLandwirtschaftliche B\u00f6den oder Betriebsfl\u00e4chen\u201d folgender Punkt zentral:<\/p>\n\n\n\n<blockquote class=\"wp-block-quote is-layout-flow wp-block-quote-is-layout-flow\">\n<p>Es gibt in Ober\u00f6sterreich jede Menge leerstehende Gewerbefl\u00e4chen (siehe z.B. \u201c<a rel=\"noreferrer noopener\" href=\"https:\/\/ausliebezuhaag.at\/?p=413(\u00f6ffnet in neuem Tab)\" target=\"_blank\">\u00d61: Der Boden und die Badewanne<\/a>\u201c). Trotzdem sehen Gemeinden in ihren \u00f6rtlichen Entwicklungskonzepten grosse neue Betriebsfl\u00e4chen vor, dort wo heute noch landwirtschaftliche B\u00f6den sind \u2013 auch Haag am Hausruck.<\/p>\n<\/blockquote>\n\n\n\n<p>Gewerbebetriebe nehmen der Gemeinde landwirtschaftliche Fl\u00e4chen weg. Sie verbrauchen Fl\u00e4chen, die Landwirt*innen zum \u00dcberleben brauchen \u2013 und wir alle f\u00fcr regionale Lebensmittel. Warum \u2013 wenn es doch um unser aller \u00dcberleben geht \u2013 wird die Ansiedlung von Gewerbebetrieben so oft als etwas per se Positives dargestellt? Warum ist bei diesen Diskussionen eigentlich nie von Solidarit\u00e4t mit Landwirt*innen die Rede?<\/p>\n\n\n\n<p>Mir ist z.B. im Zusammenhang mit der Ansiedlung der Firma Biomin keine einzige Anfrage im Haager Gemeinderat bekannt, warum der B\u00fcrgermeister beantragt, dass seine landwirtschaftlichen Gr\u00fcnde in gewerbliche Fl\u00e4chen umgewidmet werden \u2013 anstatt sie Haager Landwirt*innen zu verkaufen. Auch bei der Diskussion im Gemeinderat bzgl. Verbauung des Gr\u00fcng\u00fcrtels waren derartige Fragen \u2013 <a href=\"https:\/\/ausliebezuhaag.at\/?p=544(\u00f6ffnet in neuem Tab)\" target=\"_blank\" rel=\"noreferrer noopener\">gem\u00e4ss den mir vorliegenden Infos<\/a> \u2013 kein Thema.<\/p>\n\n\n\n<blockquote class=\"wp-block-quote is-layout-flow wp-block-quote-is-layout-flow\">\n<p>Warum empfindet es der Gemeinderat als v\u00f6llig normal, dass jemand landwirtschaftliche Gr\u00fcnde umwidmen will, um sie an eine Unternehmen verkaufen zu k\u00f6nnen \u2013 anstatt dass er\/sie diese Gr\u00fcnde an einen noch aktiven Landwirtschaftsbetrieb im Ort verkauft?<\/p>\n<\/blockquote>\n\n\n\n<p>Das \u00f6rtliche Entwicklungskonzept der Marktgemeinde Haag am Hausruck weist grosse Fl\u00e4chen auf, die als zuk\u00fcnftige Betriebsfl\u00e4chen vorgesehen sind. Eine solche Entwicklung w\u00fcrde \u2013 wenn tats\u00e4chlich umgesetzt \u2013 nicht nur bedeutende Aufschlie\u00dfungskosten verursachen und das Ortsbild v\u00f6llig ver\u00e4ndern \u2013 indem so der Weg in Richtung potenziell durchgehender Betriebsfl\u00e4chen entlang der Umfahrung geebnet wird (siehe \u201c<a rel=\"noreferrer noopener\" href=\"https:\/\/ausliebezuhaag.at\/?p=774(\u00f6ffnet in neuem Tab)\" target=\"_blank\">Niedernhaag = Steinpoint = Umfahrung<\/a>\u201c). Sie w\u00fcrde auch grossfl\u00e4chig landwirtschaftliche Fl\u00e4chen vernichten.<\/p>\n\n\n\n<blockquote class=\"wp-block-quote is-layout-flow wp-block-quote-is-layout-flow\">\n<p>Die Ansiedlung von Gewerbebetrieben auf der gr\u00fcnen Wiese wird durch Menschen erm\u00f6glicht, die diese Fl\u00e4chen an Unternehmen verkaufen \u2013 statt an Landwirt*innen.<\/p>\n<\/blockquote>\n\n\n\n<p>Wie steht es also mit der gesellschaftlichen Solidarit\u00e4t in Bezug auf landwirtschaftlich genutzte Fl\u00e4chen? Im Gemeinderat? Bei den Grundbesitzer*innen? Bei den Landwirt*innen selber?<\/p>\n\n\n\n<blockquote class=\"wp-block-quote is-layout-flow wp-block-quote-is-layout-flow\">\n<p>Ist uns das eine Diskussion wert? Mir schon. Darum habe ich diesen Beitrag geschrieben. Weil ich die Arbeit der Landwirt*innen sch\u00e4tze. Weil ich dank ihnen tagt\u00e4glich zu essen habe. Ich finde, dass sie es verdient haben, dass man ihnen den Boden verkauft, den sie daf\u00fcr brauchen, dass sie auch morgen noch als Landwirt*innen \u00fcberleben k\u00f6nnen \u2013 und wir mit ihnen.<\/p>\n<\/blockquote>\n\n\n\n<p>F\u00fcr mich ist es so: Dort wo Landwirtschaft betrieben wird, kann ich dar\u00fcber diskutieren, wie sie zukunftsf\u00e4hig (f\u00fcr Mensch &amp; Umwelt) erfolgen kann. Dort wo landwirtschaftliche B\u00f6den versiegelt werden, kann ich das nicht. Ich will dar\u00fcber diskutieren k\u00f6nnen, wie meine Lebensmittel zukunftsf\u00e4hig produziert werden. Und daf\u00fcr m\u00fcssen die Fl\u00e4chen bewahrt werden, die f\u00fcr eine solche Produktion n\u00f6tig sind.<\/p>\n\n\n\n<p>Ver\u00f6ffentlicht am 13.12.2021<\/p>\n\n\n\n<p><strong>Zum Weiterlesen<\/strong>:<a rel=\"noreferrer noopener\" href=\"https:\/\/ausliebezuhaag.at\/wp-admin\/post.php?post=758&amp;action=edit\" target=\"_blank\"> Junge Familien f\u00fcr Haag: \u201cPerspektive Landwirtschaft\u201d<\/a><\/p>\n\n\n\n<p><strong>Zum Weiterh\u00f6ren<\/strong>: Podcast <a rel=\"noreferrer noopener\" href=\"https:\/\/pod.link\/landschafftleben\/episode\/1047b05d66a2089afbaf1a8f865df6db\" target=\"_blank\">\u201c#81 Landwirtschaft schafft Perspektive. Wer nichts wei\u00df, muss alles essen\u201d,<\/a> abgerufen a 24.01.2022<\/p>\n\n\n\n<p><\/p>\n","protected":false},"excerpt":{"rendered":"<p>Dieser Tage ist viel von Solidarit\u00e4t die Rede \u2013 ein ganz wichtiger Wert f\u00fcr den gesellschaftlichen Zusammenhalt. Darum m\u00f6chte ich heute einen Aspekt beleuchten, der in Bezug auf den Bodenschutz von zentraler Bedeutung ist: die b\u00e4uerliche Solidarit\u00e4t. Oder etwas konkreter ausgedr\u00fcckt: Wie solidarisch \u2013 gegen\u00fcber Landwirt*innen \u2013 ist es eigentlich, wenn jemand, der landwirtschaftlichen Boden&hellip; <a class=\"more-link\" href=\"https:\/\/erlebnis-parkplatz.net\/?page_id=6963\"><span class=\"screen-reader-text\">B\u00e4uerliche Solidarit\u00e4t &#8211; ad\u00e9?<\/span> weiterlesen<\/a><\/p>\n","protected":false},"author":2,"featured_media":6907,"parent":6964,"menu_order":0,"comment_status":"closed","ping_status":"closed","template":"","meta":{"footnotes":""},"class_list":["post-6963","page","type-page","status-publish","has-post-thumbnail","hentry","entry"],"_links":{"self":[{"href":"https:\/\/erlebnis-parkplatz.net\/index.php?rest_route=\/wp\/v2\/pages\/6963","targetHints":{"allow":["GET"]}}],"collection":[{"href":"https:\/\/erlebnis-parkplatz.net\/index.php?rest_route=\/wp\/v2\/pages"}],"about":[{"href":"https:\/\/erlebnis-parkplatz.net\/index.php?rest_route=\/wp\/v2\/types\/page"}],"author":[{"embeddable":true,"href":"https:\/\/erlebnis-parkplatz.net\/index.php?rest_route=\/wp\/v2\/users\/2"}],"replies":[{"embeddable":true,"href":"https:\/\/erlebnis-parkplatz.net\/index.php?rest_route=%2Fwp%2Fv2%2Fcomments&post=6963"}],"version-history":[{"count":1,"href":"https:\/\/erlebnis-parkplatz.net\/index.php?rest_route=\/wp\/v2\/pages\/6963\/revisions"}],"predecessor-version":[{"id":6973,"href":"https:\/\/erlebnis-parkplatz.net\/index.php?rest_route=\/wp\/v2\/pages\/6963\/revisions\/6973"}],"up":[{"embeddable":true,"href":"https:\/\/erlebnis-parkplatz.net\/index.php?rest_route=\/wp\/v2\/pages\/6964"}],"wp:featuredmedia":[{"embeddable":true,"href":"https:\/\/erlebnis-parkplatz.net\/index.php?rest_route=\/wp\/v2\/media\/6907"}],"wp:attachment":[{"href":"https:\/\/erlebnis-parkplatz.net\/index.php?rest_route=%2Fwp%2Fv2%2Fmedia&parent=6963"}],"curies":[{"name":"wp","href":"https:\/\/api.w.org\/{rel}","templated":true}]}}