{"id":6926,"date":"2023-07-06T10:49:36","date_gmt":"2023-07-06T09:49:36","guid":{"rendered":"https:\/\/erlebnis-parkplatz.net\/?page_id=6926"},"modified":"2024-07-05T13:06:02","modified_gmt":"2024-07-05T12:06:02","slug":"mehr-als-sensationell","status":"publish","type":"page","link":"https:\/\/erlebnis-parkplatz.net\/?page_id=6926","title":{"rendered":"Mehr als sensationell"},"content":{"rendered":"\n<p><strong>Im Juli 2021 bezeichnete der Haager B\u00fcrgermeister einen R\u00fccklauf von \u00fcber 200 Frageb\u00f6gen zur Kirchenplatzgestaltung als &#8222;sensationell&#8220;. Diese Zahl wurde nun mehr als getoppt: Die Petition &#8222;Gewerbepark oder Lebensraum. Ein Zukunftsplan f\u00fcr Haag am Hausruck&#8220; wurde von 333 Personen aus Haag am Hausruck unterzeichnet (Online &amp; auf Papier). Insgesamt wurde die Petition sogar von 643 Personen unterzeichnet.<\/strong> <strong>Die Initiative hat einen Nerv getroffen. <\/strong><\/p>\n\n\n\n<p>Die  B\u00fcrger:innen-Initiative &#8222;Gewerbepark oder Lebensraum. Ein Zukunftsplan f\u00fcr Haag am Hausruck&#8220; wurde am 12.01.2023 von einem sechsk\u00f6pfigen Initiativkomitee gestartet. Sie wurde in k\u00fcrzester Zeit von hunderten Personen unterzeichnet. Am 02.02.2023 beantragte das Initiativkomitee dann die Diskussion der B\u00fcrger:innen-Initiative an der Gemeinderatssitzung vom 16.02.2023. Der Gemeinderat war dann nicht so sehr am Puls der Zeit wie das Komitee. <\/p>\n\n\n\n<p>Hintergrund der B\u00fcrger:innen-Initiative ist folgende Frage:<\/p>\n\n\n\n<ul class=\"wp-block-list\">\n<li>Wie soll die Zukunft von Haag am Hausruck aussehen?<\/li>\n<\/ul>\n\n\n\n<p>Das Initiativkomitee ist beim Studium dieser Frage zum Schluss gekommen, dass das derzeitige \u00f6rtliche Entwicklungskonzept (\u00d6EK) f\u00fcr Haag\/H. nicht mehr aktuell ist und nicht dem Gemeinwohl dient. Dies insbesondere vor dem Hintergrund anstehender Pl\u00e4ne f\u00fcr Neuansiedlungen bzw. Erweiterungen von Gewerbebetrieben auf wertvollen Gr\u00fcnlandfl\u00e4chen. Deswegen forderte es vom Haager Gemeinderat eine \u00dcberarbeitung des \u00d6EK, mit einem Moratorium f\u00fcr Umwidmungen von Gewerbefl\u00e4chen von \u00fcber 1000m<sup>2<\/sup> bis zur Erlangung der Rechtskraft des neuen \u00d6EK.<\/p>\n\n\n\n<p>Die Vorstellung der Initiative an der Gemeinderatssitzung erfolgte durch den Haager B\u00fcrgermeister. Dieser erw\u00e4hnte in seinem einleitenden Bericht weder die Beweggr\u00fcnde, die das Petitionskomitee in seinem bei der Gemeinde eingereichten Antrag angef\u00fchrt hatte, noch die Anzahl der Unterschriften. Er stimmte, genauso wie die gesamten Fraktionen von \u00d6VP, FP\u00d6 &amp; SP\u00d6, gegen die Forderung der Initiative. Die Fraktion der Gr\u00fcnen stimmte geschlossen f\u00fcr die Initiative. Eine Mehrheit des Haager Gemeinderats m\u00f6chte also den Status Quo in der Ortsplanung beibehalten. <\/p>\n\n\n\n<p>Das ist nat\u00fcrlich einerseits eine Niederlage. Andererseits darf es nicht dar\u00fcber hinwegt\u00e4uschen, dass hier etwas mehr als Sensationelles passiert ist und eine Entwicklung eingeleitet wurde, die man nicht so einfach vom Tisch wischen kann: Hunderte von Menschen in Haag am Hausruck haben sich auf die F\u00fc\u00dfe gestellt. Sie haben gesagt: So wollen wir nicht weitermachen. Ich habe Jahrzehnte politischer Erfahrung hinter mir und wenn ich daraus eines gelernt habe, dann Folgendes: Ein politisches Gremium kann ein Anliegen, das innerhalb so kurzer Zeit so viel Unterst\u00fctzung erf\u00e4hrt zwar niederstimmen. Der Gemeinderat kann aber so die  zahlreichen Menschen, die geh\u00f6rt werden m\u00f6chten nicht zum Verstummen bringen &#8211; weil er ihr Problem nicht gel\u00f6st hat. Menschen die nicht geh\u00f6rt werden, melden sich wieder. Und sie melden sich meist lauter.<\/p>\n\n\n\n<p>Ver\u00f6ffentlicht am 17. Februar 2023<\/p>\n\n\n\n<p>Link zur Online-Petition mit den detaillierten Beweggr\u00fcnden: <a rel=\"noreferrer noopener\" href=\"https:\/\/www.openpetition.eu\/at\/petition\/online\/gewerbepark-oder-lebensraum-ein-zukunftsplan-fuer-haag-am-hausruck\" target=\"_blank\">Petition &#8222;Gewerbepark oder Lebensraum. Ein Zukunftsplan f\u00fcr Haag am Hausruck&#8220;<\/a> (zu den auf dieser Website online gesammelten Unterschriften kommen noch die auf Papier gesammelten Unterschriften). <\/p>\n","protected":false},"excerpt":{"rendered":"<p>Im Juli 2021 bezeichnete der Haager B\u00fcrgermeister einen R\u00fccklauf von \u00fcber 200 Frageb\u00f6gen zur Kirchenplatzgestaltung als &#8222;sensationell&#8220;. Diese Zahl wurde nun mehr als getoppt: Die Petition &#8222;Gewerbepark oder Lebensraum. Ein Zukunftsplan f\u00fcr Haag am Hausruck&#8220; wurde von 333 Personen aus Haag am Hausruck unterzeichnet (Online &amp; auf Papier). Insgesamt wurde die Petition sogar von 643&hellip; <a class=\"more-link\" href=\"https:\/\/erlebnis-parkplatz.net\/?page_id=6926\"><span class=\"screen-reader-text\">Mehr als sensationell<\/span> weiterlesen<\/a><\/p>\n","protected":false},"author":2,"featured_media":6927,"parent":6876,"menu_order":0,"comment_status":"closed","ping_status":"closed","template":"","meta":{"footnotes":""},"class_list":["post-6926","page","type-page","status-publish","has-post-thumbnail","hentry","entry"],"_links":{"self":[{"href":"https:\/\/erlebnis-parkplatz.net\/index.php?rest_route=\/wp\/v2\/pages\/6926","targetHints":{"allow":["GET"]}}],"collection":[{"href":"https:\/\/erlebnis-parkplatz.net\/index.php?rest_route=\/wp\/v2\/pages"}],"about":[{"href":"https:\/\/erlebnis-parkplatz.net\/index.php?rest_route=\/wp\/v2\/types\/page"}],"author":[{"embeddable":true,"href":"https:\/\/erlebnis-parkplatz.net\/index.php?rest_route=\/wp\/v2\/users\/2"}],"replies":[{"embeddable":true,"href":"https:\/\/erlebnis-parkplatz.net\/index.php?rest_route=%2Fwp%2Fv2%2Fcomments&post=6926"}],"version-history":[{"count":1,"href":"https:\/\/erlebnis-parkplatz.net\/index.php?rest_route=\/wp\/v2\/pages\/6926\/revisions"}],"predecessor-version":[{"id":6928,"href":"https:\/\/erlebnis-parkplatz.net\/index.php?rest_route=\/wp\/v2\/pages\/6926\/revisions\/6928"}],"up":[{"embeddable":true,"href":"https:\/\/erlebnis-parkplatz.net\/index.php?rest_route=\/wp\/v2\/pages\/6876"}],"wp:featuredmedia":[{"embeddable":true,"href":"https:\/\/erlebnis-parkplatz.net\/index.php?rest_route=\/wp\/v2\/media\/6927"}],"wp:attachment":[{"href":"https:\/\/erlebnis-parkplatz.net\/index.php?rest_route=%2Fwp%2Fv2%2Fmedia&parent=6926"}],"curies":[{"name":"wp","href":"https:\/\/api.w.org\/{rel}","templated":true}]}}