{"id":6904,"date":"2023-07-06T09:50:15","date_gmt":"2023-07-06T08:50:15","guid":{"rendered":"https:\/\/erlebnis-parkplatz.net\/?page_id=6904"},"modified":"2024-07-05T14:35:58","modified_gmt":"2024-07-05T13:35:58","slug":"pramwald-reischau-quo-vadis","status":"publish","type":"page","link":"https:\/\/erlebnis-parkplatz.net\/?page_id=6904","title":{"rendered":"Pramwald-Reischau: Quo vadis?"},"content":{"rendered":"\n<p><strong>Der Pramwald und seine Umgebung sind eine sehr wichtiges Natur- und Naherholungsgebiet. Auch die Wiesen bei der Kreuzung Steinpoint bieten viel wertvolle Natur, fruchtbarste B\u00f6den inklusive \u2013 und eine einladende Ankunft in Haag. Dazwischen liegt das Gewerbegebiet Reischau. Das ist weniger attraktiv. Nun bestehen Pl\u00e4ne, dass das Gewerbegebiet Reischau in Richtung Pramwald auszuweiten UND ein neues Gewerbegebiet bei Steinpoint zu errichten. Es g\u00e4be dann schon 3(!) Gewerbegebiete entlang der Autobahn allein in Haag (Niedernhaag, Steinpoint &amp; Reischau) \u2013 was dann wahrscheinlich in der Zukunft die Ansiedlung weiterer Gewerbebetriebe dazwischen nach sich zieht, mit <a rel=\"noreferrer noopener\" href=\"https:\/\/ausliebezuhaag.at\/?p=774\" target=\"_blank\">m\u00f6glichem Endstadium durchgehendes Gewerbegebiet<\/a>. Wir stehen also vor einer Weichenstellung f\u00fcr ganz Haag. Der Ball liegt in n\u00e4chster Zukunft beim Gemeinderat. Dessen Aufgabe ist es, das Allgemeinwohl zu vertreten.<\/strong><\/p>\n\n\n\n<figure class=\"wp-block-image size-large\"><a href=\"https:\/\/erlebnis-parkplatz.net\/wp-content\/uploads\/2023\/07\/IMG_20230315_143654-scaled.jpg\"><img loading=\"lazy\" decoding=\"async\" width=\"1024\" height=\"576\" src=\"https:\/\/erlebnis-parkplatz.net\/wp-content\/uploads\/2023\/07\/IMG_20230315_143654-1024x576.jpg\" alt=\"\" class=\"wp-image-6908\" srcset=\"https:\/\/erlebnis-parkplatz.net\/wp-content\/uploads\/2023\/07\/IMG_20230315_143654-1024x576.jpg 1024w, https:\/\/erlebnis-parkplatz.net\/wp-content\/uploads\/2023\/07\/IMG_20230315_143654-300x169.jpg 300w, https:\/\/erlebnis-parkplatz.net\/wp-content\/uploads\/2023\/07\/IMG_20230315_143654-768x432.jpg 768w, https:\/\/erlebnis-parkplatz.net\/wp-content\/uploads\/2023\/07\/IMG_20230315_143654-1536x864.jpg 1536w, https:\/\/erlebnis-parkplatz.net\/wp-content\/uploads\/2023\/07\/IMG_20230315_143654-2048x1152.jpg 2048w, https:\/\/erlebnis-parkplatz.net\/wp-content\/uploads\/2023\/07\/IMG_20230315_143654-1568x882.jpg 1568w\" sizes=\"auto, (max-width: 1024px) 100vw, 1024px\" \/><\/a><figcaption class=\"wp-element-caption\">In welche Richtung m\u00f6chte Haag sich entwickeln?<\/figcaption><\/figure>\n\n\n\n<p>Fast scheint es, als ob in Haag \u00fcber das ganze Ortsgebiet versprenkelt Gewerbenutzungen beantragt werden: In der Gemeinderatssitzung vom 15. Dezember wurde ein Umwidmungsantrag f\u00fcr eine derzeitige Holzlagerfl\u00e4che beim Pramwald diskutiert, die die Grundbesitzerin auch f\u00fcr die Lagerung von gewerblichen Produkten nutzen wollte. Das stufte der Haager Gemeinderat dann als nicht w\u00fcnschenswert ein. Nach einer eingehenden Debatte, in der u.a. gut fundiert auf den Erholungscharakter des Pramwalds hingewiesen wurde, beschloss eine Mehrheit des Gemeinderates, das Umwidmungsgesuch abzulehnen.<\/p>\n\n\n\n<figure class=\"wp-block-image size-large\"><a href=\"https:\/\/erlebnis-parkplatz.net\/wp-content\/uploads\/2023\/07\/IMG_20230315_151605-scaled.jpg\"><img loading=\"lazy\" decoding=\"async\" width=\"1024\" height=\"576\" src=\"https:\/\/erlebnis-parkplatz.net\/wp-content\/uploads\/2023\/07\/IMG_20230315_151605-1024x576.jpg\" alt=\"\" class=\"wp-image-6909\" srcset=\"https:\/\/erlebnis-parkplatz.net\/wp-content\/uploads\/2023\/07\/IMG_20230315_151605-1024x576.jpg 1024w, https:\/\/erlebnis-parkplatz.net\/wp-content\/uploads\/2023\/07\/IMG_20230315_151605-300x169.jpg 300w, https:\/\/erlebnis-parkplatz.net\/wp-content\/uploads\/2023\/07\/IMG_20230315_151605-768x432.jpg 768w, https:\/\/erlebnis-parkplatz.net\/wp-content\/uploads\/2023\/07\/IMG_20230315_151605-1536x864.jpg 1536w, https:\/\/erlebnis-parkplatz.net\/wp-content\/uploads\/2023\/07\/IMG_20230315_151605-2048x1152.jpg 2048w, https:\/\/erlebnis-parkplatz.net\/wp-content\/uploads\/2023\/07\/IMG_20230315_151605-1568x882.jpg 1568w\" sizes=\"auto, (max-width: 1024px) 100vw, 1024px\" \/><\/a><figcaption class=\"wp-element-caption\">Eine Mehrheit der Haager Gemeinderatsmitglieder hat abgewendet, dass dieser Holzlagerplatzes \u2013 im wertvollen Natur- und Naherholungsgebiet Pramwald \u2013 f\u00fcr die Lagerung von gewerblichen Produkten genutzt wird.<\/figcaption><\/figure>\n\n\n\n<p>Diese Positionierung der Volksvertreter:innen zum Schutz der Haager Natur- und Wohnqualit\u00e4t war dringend n\u00f6tig. Zu Beginn derselben Sitzung hatte der Haager B\u00fcrgermeister n\u00e4mlich informiert, dass in Pramwald-Steinpoint <strong>zwei weitere Umwidmungsw\u00fcnsche <\/strong>im Raum stehen:<\/p>\n\n\n\n<ul class=\"wp-block-list\">\n<li>Im Ortsteil <strong>Pramwald<\/strong> hat ein Grundbesitzer einen Antrag auf die (f\u00fcr ihn mit einer deutlichen Wertsteigerung verbundene) <strong>Umwidmung einer derzeitigen Gr\u00fcnland-Fl\u00e4che in Betriebsbaugebiet<\/strong> eingereicht. Die Fl\u00e4che liegt auf der noch weitgehend naturbelassenen Pramwald-Seite der Gotthaminger Stra\u00dfe, gegen\u00fcber dem Asphaltmischwerk der Firma Felbermayr. F\u00fcr dieses Ansinnen hatte der Entwicklungsausschuss (Unterausschuss des Gemeinderats) nach Antragstellung noch zus\u00e4tzliche Informationen eingefordert, u.a. weil zu diesem Zeitpunkt noch nicht \u00f6ffentlich kommuniziert worden war, wozu die Fl\u00e4che genau dienen soll.<\/li>\n<\/ul>\n\n\n\n<figure class=\"wp-block-image size-large is-resized\"><a href=\"https:\/\/erlebnis-parkplatz.net\/wp-content\/uploads\/2023\/07\/IMG_20230315_144137-scaled.jpg\"><img loading=\"lazy\" decoding=\"async\" src=\"https:\/\/erlebnis-parkplatz.net\/wp-content\/uploads\/2023\/07\/IMG_20230315_144137-1024x576.jpg\" alt=\"\" class=\"wp-image-6910\" width=\"610\" height=\"343\" srcset=\"https:\/\/erlebnis-parkplatz.net\/wp-content\/uploads\/2023\/07\/IMG_20230315_144137-1024x576.jpg 1024w, https:\/\/erlebnis-parkplatz.net\/wp-content\/uploads\/2023\/07\/IMG_20230315_144137-300x169.jpg 300w, https:\/\/erlebnis-parkplatz.net\/wp-content\/uploads\/2023\/07\/IMG_20230315_144137-768x432.jpg 768w, https:\/\/erlebnis-parkplatz.net\/wp-content\/uploads\/2023\/07\/IMG_20230315_144137-1536x864.jpg 1536w, https:\/\/erlebnis-parkplatz.net\/wp-content\/uploads\/2023\/07\/IMG_20230315_144137-2048x1152.jpg 2048w, https:\/\/erlebnis-parkplatz.net\/wp-content\/uploads\/2023\/07\/IMG_20230315_144137-1568x882.jpg 1568w\" sizes=\"auto, (max-width: 610px) 100vw, 610px\" \/><\/a><figcaption class=\"wp-element-caption\">F\u00fcr die Wiese im vorderen Teil des Fotos \u2013 auf der Pramwaldseite der Gotthaminger Strasse \u2013 hat der Grundsbesitzer eine Umwidmung in Betriebsbaugebiet beantragt.<\/figcaption><\/figure>\n\n\n\n<ul class=\"wp-block-list\">\n<li>Die <strong>Firma Wimberger <\/strong>hatte im Entwicklungsausschuss kurz vor der Dezember-Gemeinderatssitzung Pl\u00e4ne zur <strong>Verlegung ihres Betriebs im Ortszentrum auf die gr\u00fcne Wiese,<\/strong> bei der Kreuzung <strong>Steinpoint<\/strong> (Seite Steinpoint) beworben. F\u00fcr diese Fl\u00e4chen \u2013<a href=\"https:\/\/erlebnis-parkplatz.net\/wp-content\/uploads\/2023\/07\/Datenblatt-Bodenfunktionsbewertung-Boden-Bereich-Wimberger-Ansiedlungsplaene-in-Steinpoint-abgeraufen-doris.at-am-15.03.2023.pdf\" target=\"_blank\" rel=\"noreferrer noopener\"> beste B\u00f6den <\/a>\u2013 lag zum Zeitpunkt der Sitzung vom 15.12.2022 noch kein offizieller Antrag vor.<\/li>\n<\/ul>\n\n\n\n<figure class=\"wp-block-image size-large\"><a href=\"https:\/\/erlebnis-parkplatz.net\/wp-content\/uploads\/2023\/07\/IMG_20230315_142010-scaled.jpg\"><img loading=\"lazy\" decoding=\"async\" width=\"1024\" height=\"576\" src=\"https:\/\/erlebnis-parkplatz.net\/wp-content\/uploads\/2023\/07\/IMG_20230315_142010-1024x576.jpg\" alt=\"\" class=\"wp-image-6911\" srcset=\"https:\/\/erlebnis-parkplatz.net\/wp-content\/uploads\/2023\/07\/IMG_20230315_142010-1024x576.jpg 1024w, https:\/\/erlebnis-parkplatz.net\/wp-content\/uploads\/2023\/07\/IMG_20230315_142010-300x169.jpg 300w, https:\/\/erlebnis-parkplatz.net\/wp-content\/uploads\/2023\/07\/IMG_20230315_142010-768x432.jpg 768w, https:\/\/erlebnis-parkplatz.net\/wp-content\/uploads\/2023\/07\/IMG_20230315_142010-1536x864.jpg 1536w, https:\/\/erlebnis-parkplatz.net\/wp-content\/uploads\/2023\/07\/IMG_20230315_142010-2048x1152.jpg 2048w, https:\/\/erlebnis-parkplatz.net\/wp-content\/uploads\/2023\/07\/IMG_20230315_142010-1568x882.jpg 1568w\" sizes=\"auto, (max-width: 1024px) 100vw, 1024px\" \/><\/a><figcaption class=\"wp-element-caption\">Die Firma Wimberger m\u00f6chte in Steinpoint Fl\u00e4chen zu Betriebsbaugebiet machen, die sowohl sehr fruchtbar, als auch \u00f6kologischer Sicht und aus Sicht des Landschaftsbildes von gro\u00dfem Wert sind.<\/figcaption><\/figure>\n\n\n\n<p>Am 16. Februar 2023 wurde dann im Gemeinderat die <strong>B\u00fcrger:innen-Initiative <em>\u00ab<\/em>Gewerbepark oder Lebensraum. Ein Zukunftsplan f\u00fcr Haag am Hausruck\u00bb<\/strong> diskutiert. Sie war vor dem Hintergrund der anstehenden Pl\u00e4ne f\u00fcr Betriebsneubauten und -erweiterungen in Haag entstanden und <strong>wurde von \u00fcber 600 Menschen unterzeichnet <\/strong>(darunter der Gro\u00dfteil aus der n\u00e4heren Umgebung und <a rel=\"noreferrer noopener\" href=\"https:\/\/ausliebezuhaag.at\/?p=1746\" target=\"_blank\">mehr als sensationellen 333 aus Haag<\/a>).<\/p>\n\n\n\n<figure class=\"wp-block-image size-large\"><a href=\"https:\/\/erlebnis-parkplatz.net\/wp-content\/uploads\/2023\/07\/IMG_20230315_142359-scaled.jpg\"><img loading=\"lazy\" decoding=\"async\" width=\"1024\" height=\"576\" src=\"https:\/\/erlebnis-parkplatz.net\/wp-content\/uploads\/2023\/07\/IMG_20230315_142359-1024x576.jpg\" alt=\"\" class=\"wp-image-6912\" srcset=\"https:\/\/erlebnis-parkplatz.net\/wp-content\/uploads\/2023\/07\/IMG_20230315_142359-1024x576.jpg 1024w, https:\/\/erlebnis-parkplatz.net\/wp-content\/uploads\/2023\/07\/IMG_20230315_142359-300x169.jpg 300w, https:\/\/erlebnis-parkplatz.net\/wp-content\/uploads\/2023\/07\/IMG_20230315_142359-768x432.jpg 768w, https:\/\/erlebnis-parkplatz.net\/wp-content\/uploads\/2023\/07\/IMG_20230315_142359-1536x864.jpg 1536w, https:\/\/erlebnis-parkplatz.net\/wp-content\/uploads\/2023\/07\/IMG_20230315_142359-2048x1152.jpg 2048w, https:\/\/erlebnis-parkplatz.net\/wp-content\/uploads\/2023\/07\/IMG_20230315_142359-1568x882.jpg 1568w\" sizes=\"auto, (max-width: 1024px) 100vw, 1024px\" \/><\/a><figcaption class=\"wp-element-caption\">Braucht es in Haag wirklich noch mehr Gewerbegebiete? Und: Ist das denn mit dem Ziel eines Tourismusortes vereinbar?<\/figcaption><\/figure>\n\n\n\n<p>Die Idee hinter der B\u00fcrger:innen-Initiative war folgende \u00dcberlegung: Wir brauchen einen Zukunftsplan f\u00fcr Haag, mit dem wir entscheiden: <strong>Was wollen wir sein? Ein Ort, in dem es sich gut wohnt? Ein Ort, der f\u00fcr den Tourismus attraktiv ist? Ein Industriestandort? <\/strong>Um eine solch durchdachte Ortsentwicklung zu erreichen, forderte die Initiative, dass das nicht mehr zeitgem\u00e4\u00dfe \u00d6rtliche Entwicklungskonzept \u00d6EK unverz\u00fcglich fachlich fundiert unter geeigneter B\u00fcrgerbeteiligung grundlegend \u00fcberarbeitet wird und bis zur neuerlichen Erlangung seiner Rechtskraft keine Umwidmungen zu Gewerbebaufl\u00e4chen und Mischbaufl\u00e4chen vom Ausma\u00df 1.000&nbsp;m\u00b2 und dar\u00fcber eingeleitet werden. In anderen Worten: <strong>Es ging darum sich zu \u00fcberlegen, wohin wir wollen, <em>bevor<\/em> wir alles zubauen \u2013 und es eh nichts mehr zu entscheiden gibt.<\/strong><\/p>\n\n\n\n<figure class=\"wp-block-image size-large\"><a href=\"https:\/\/erlebnis-parkplatz.net\/wp-content\/uploads\/2023\/06\/iphone-666-scaled.jpg\"><img loading=\"lazy\" decoding=\"async\" width=\"1024\" height=\"768\" src=\"https:\/\/erlebnis-parkplatz.net\/wp-content\/uploads\/2023\/06\/iphone-666-1024x768.jpg\" alt=\"\" class=\"wp-image-6799\" srcset=\"https:\/\/erlebnis-parkplatz.net\/wp-content\/uploads\/2023\/06\/iphone-666-1024x768.jpg 1024w, https:\/\/erlebnis-parkplatz.net\/wp-content\/uploads\/2023\/06\/iphone-666-300x225.jpg 300w, https:\/\/erlebnis-parkplatz.net\/wp-content\/uploads\/2023\/06\/iphone-666-768x576.jpg 768w, https:\/\/erlebnis-parkplatz.net\/wp-content\/uploads\/2023\/06\/iphone-666-1536x1152.jpg 1536w, https:\/\/erlebnis-parkplatz.net\/wp-content\/uploads\/2023\/06\/iphone-666-2048x1536.jpg 2048w, https:\/\/erlebnis-parkplatz.net\/wp-content\/uploads\/2023\/06\/iphone-666-1568x1176.jpg 1568w\" sizes=\"auto, (max-width: 1024px) 100vw, 1024px\" \/><\/a><figcaption class=\"wp-element-caption\">Das derzeitig g\u00fcltige \u2013 nicht mehr zeitgem\u00e4\u00dfe \u2013 \u00f6rtliche Entwicklungskonzept (\u00d6EK) aus dem Jahr 2011 zielt auf die Vernichtung wertvoller Gr\u00fcnlandfl\u00e4chen f\u00fcr Betriebsbaugebiete ab (violett und violett schraffiert). Die damals geplante, gro\u00dffl\u00e4chige Gr\u00fcnland-Verbauung ist nunmehr auf bedeutenden Fl\u00e4chen bereits Realit\u00e4t). Handelt der Gemeinderat da im Sinne der Bev\u00f6lkerung?<\/figcaption><\/figure>\n\n\n\n<p><strong>Die Mehrheit des Gemeinderats lehnte einen solchen vorausschauenden Zugang ab. <\/strong>Die Fraktionen \u00d6VP, SP\u00d6 und FP\u00d6 stimmten gegen die Forderungen der Petition. Die Fraktion der Gr\u00fcnen stimmte daf\u00fcr. Die Ortsplanung erfolgt somit weiter auf Grundlage des <a rel=\"noreferrer noopener\" href=\"https:\/\/ausliebezuhaag.at\/?page_id=1720\" target=\"_blank\">\u00f6rtlichen Entwicklungskonzeptes \u00d6EK aus dem Jahr 2011<\/a>, in dem gro\u00dffl\u00e4chige Umwidmungen von Gr\u00fcnfl\u00e4chen in Gewerbegebiete vorgesehen sind \u2013 bei gleichzeitiger Mitgliedschaft der Gemeinde im <a rel=\"noreferrer noopener\" href=\"https:\/\/bodenbuendnis.or.at\/\" target=\"_blank\">Bodenb\u00fcndnis<\/a>, dessen Ziel ein sorgsamer Umgang mit Boden ist. Logisch ist das nicht.<\/p>\n\n\n\n<figure class=\"wp-block-image size-large\"><a href=\"https:\/\/erlebnis-parkplatz.net\/wp-content\/uploads\/2023\/07\/2023-02-18-Einladung-Felbermayr-Infoveranstaltung-neue-Mischanlage-scaled.jpg\"><img loading=\"lazy\" decoding=\"async\" width=\"1024\" height=\"768\" src=\"https:\/\/erlebnis-parkplatz.net\/wp-content\/uploads\/2023\/07\/2023-02-18-Einladung-Felbermayr-Infoveranstaltung-neue-Mischanlage-1024x768.jpg\" alt=\"\" class=\"wp-image-6913\" srcset=\"https:\/\/erlebnis-parkplatz.net\/wp-content\/uploads\/2023\/07\/2023-02-18-Einladung-Felbermayr-Infoveranstaltung-neue-Mischanlage-1024x768.jpg 1024w, https:\/\/erlebnis-parkplatz.net\/wp-content\/uploads\/2023\/07\/2023-02-18-Einladung-Felbermayr-Infoveranstaltung-neue-Mischanlage-300x225.jpg 300w, https:\/\/erlebnis-parkplatz.net\/wp-content\/uploads\/2023\/07\/2023-02-18-Einladung-Felbermayr-Infoveranstaltung-neue-Mischanlage-768x576.jpg 768w, https:\/\/erlebnis-parkplatz.net\/wp-content\/uploads\/2023\/07\/2023-02-18-Einladung-Felbermayr-Infoveranstaltung-neue-Mischanlage-1536x1152.jpg 1536w, https:\/\/erlebnis-parkplatz.net\/wp-content\/uploads\/2023\/07\/2023-02-18-Einladung-Felbermayr-Infoveranstaltung-neue-Mischanlage-2048x1536.jpg 2048w, https:\/\/erlebnis-parkplatz.net\/wp-content\/uploads\/2023\/07\/2023-02-18-Einladung-Felbermayr-Infoveranstaltung-neue-Mischanlage-1568x1176.jpg 1568w\" sizes=\"auto, (max-width: 1024px) 100vw, 1024px\" \/><\/a><figcaption class=\"wp-element-caption\">Die Firma Felbermayr hat am 1. M\u00e4rz \u00f6ffentlich bekannt gegeben, dass sie die Fl\u00e4che in Pramwald, f\u00fcr die der Grundbesitzer Ende 2022 eine Umwidmung in Betriebsbaugebiet beantragt hat, f\u00fcr eine fl\u00e4chenm\u00e4\u00dfige Ausweitung ihres Asphaltmischwerkes nutzen m\u00f6chte.<\/figcaption><\/figure>\n\n\n\n<p>Am 1. M\u00e4rz 2023 fand schlie\u00dflich eine Informationsveranstaltung der <strong>Firma Felbermayr<\/strong> statt, bei der \u00fcber den <strong>geplanten Bau einer neuen (Asphalt-)Mischanlage<\/strong> informiert wurde. An dieser Veranstaltung wurde informiert, dass die Fl\u00e4che auf der weitgehend naturbelassenen Pramwald-Seite der Gotthaminger Stra\u00dfe, f\u00fcr die vom Grundbesitzer eine Umwidmung von Gr\u00fcnland in Betriebsbaugebiet beantragt worden war (siehe oben), Teil der Neubaupl\u00e4ne ist. Es sei geplant, sie f\u00fcr die Lagerung &amp; Sortierung von Recycling-Asphalt zu nutzen. Die Firmenvertreter k\u00fcndigten an, etwa Anfang Mai einen offiziellen Antrag f\u00fcr die neue Mischanlage einzureichen.<\/p>\n\n\n\n<figure class=\"wp-block-image size-large\"><a href=\"https:\/\/erlebnis-parkplatz.net\/wp-content\/uploads\/2023\/07\/IMG_20230315_152713-scaled.jpg\"><img loading=\"lazy\" decoding=\"async\" width=\"1024\" height=\"768\" src=\"https:\/\/erlebnis-parkplatz.net\/wp-content\/uploads\/2023\/07\/IMG_20230315_152713-1024x768.jpg\" alt=\"\" class=\"wp-image-6914\" srcset=\"https:\/\/erlebnis-parkplatz.net\/wp-content\/uploads\/2023\/07\/IMG_20230315_152713-1024x768.jpg 1024w, https:\/\/erlebnis-parkplatz.net\/wp-content\/uploads\/2023\/07\/IMG_20230315_152713-300x225.jpg 300w, https:\/\/erlebnis-parkplatz.net\/wp-content\/uploads\/2023\/07\/IMG_20230315_152713-768x576.jpg 768w, https:\/\/erlebnis-parkplatz.net\/wp-content\/uploads\/2023\/07\/IMG_20230315_152713-1536x1152.jpg 1536w, https:\/\/erlebnis-parkplatz.net\/wp-content\/uploads\/2023\/07\/IMG_20230315_152713-2048x1536.jpg 2048w, https:\/\/erlebnis-parkplatz.net\/wp-content\/uploads\/2023\/07\/IMG_20230315_152713-1568x1176.jpg 1568w\" sizes=\"auto, (max-width: 1024px) 100vw, 1024px\" \/><\/a><figcaption class=\"wp-element-caption\">Die Firma Felbermayr m\u00f6chte sich auf die naturbelassene Seite der Gotthaminger Stra\u00dfe ausdehnen. Der Gemeinderat hat es in der Hand, diese wertvolle Landschaft zu erhalten.<\/figcaption><\/figure>\n\n\n\n<p><strong>Der Gemeinderat steht nun in n\u00e4chster Zukunft vor der Entscheidung, ob er einer fl\u00e4chenm\u00e4\u00dfigen Vergr\u00f6\u00dferung des Asphaltwerks auf der weitgehend naturbelassenen Pramwald-Seite der Gotthaminger Stra\u00dfe durch Umwidmung einer derzeitigen Gr\u00fcnlandfl\u00e4che entweder zustimmt oder nicht. Er kann dies frei entscheiden und hat damit Einfluss darauf, in welche Richtung er die Orts- und Emissionsentwicklung im Gebiet Pramwald lenken will. Derselbe Entscheidungsspielraum gilt auch f\u00fcr die Betriebsbauw\u00fcnsche der Firma Wimberger auf besten B\u00f6den bei der Steinpoint-Kreuzung.<\/strong><\/p>\n\n\n\n<p>P.S.: Der Gemeinderat kann nicht nur entscheiden, ob er Umwidmungsantr\u00e4ge annimmt oder ablehnt. Er kann auch das Zepter selber in die Hand nehmen \u2013 und aktiv lenken, wie der Ort zuk\u00fcnftig aussehen soll. Er k\u00f6nnte z.B. eine \u00dcbersicht der leerstehenden Gewerbefl\u00e4che in Haag &amp; Umgebung (Zusammenhalt mit Nachbargemeinden) erarbeiten und aktiv kommunizieren. Er k\u00f6nnte einen Umwidmungsstopp auf der gr\u00fcnen Wiese bis zur vollst\u00e4ndigen Nutzung bereits bestehender Gewerbefl\u00e4chen erlassen. Er k\u00f6nnte\u2026 die M\u00f6glichkeiten sind unendlich. Wo ein Wille, da ein Weg. Oder vielleicht treffender: Wo Mut und neue Ideen, da ein Weg.<\/p>\n\n\n\n<p>Ver\u00f6ffentlicht am 15. M\u00e4rz 2023<\/p>\n","protected":false},"excerpt":{"rendered":"<p>Der Pramwald und seine Umgebung sind eine sehr wichtiges Natur- und Naherholungsgebiet. Auch die Wiesen bei der Kreuzung Steinpoint bieten viel wertvolle Natur, fruchtbarste B\u00f6den inklusive \u2013 und eine einladende Ankunft in Haag. Dazwischen liegt das Gewerbegebiet Reischau. Das ist weniger attraktiv. Nun bestehen Pl\u00e4ne, dass das Gewerbegebiet Reischau in Richtung Pramwald auszuweiten UND ein&hellip; <a class=\"more-link\" href=\"https:\/\/erlebnis-parkplatz.net\/?page_id=6904\"><span class=\"screen-reader-text\">Pramwald-Reischau: Quo vadis?<\/span> weiterlesen<\/a><\/p>\n","protected":false},"author":2,"featured_media":6907,"parent":0,"menu_order":0,"comment_status":"closed","ping_status":"closed","template":"","meta":{"footnotes":""},"class_list":["post-6904","page","type-page","status-publish","has-post-thumbnail","hentry","entry"],"_links":{"self":[{"href":"https:\/\/erlebnis-parkplatz.net\/index.php?rest_route=\/wp\/v2\/pages\/6904","targetHints":{"allow":["GET"]}}],"collection":[{"href":"https:\/\/erlebnis-parkplatz.net\/index.php?rest_route=\/wp\/v2\/pages"}],"about":[{"href":"https:\/\/erlebnis-parkplatz.net\/index.php?rest_route=\/wp\/v2\/types\/page"}],"author":[{"embeddable":true,"href":"https:\/\/erlebnis-parkplatz.net\/index.php?rest_route=\/wp\/v2\/users\/2"}],"replies":[{"embeddable":true,"href":"https:\/\/erlebnis-parkplatz.net\/index.php?rest_route=%2Fwp%2Fv2%2Fcomments&post=6904"}],"version-history":[{"count":4,"href":"https:\/\/erlebnis-parkplatz.net\/index.php?rest_route=\/wp\/v2\/pages\/6904\/revisions"}],"predecessor-version":[{"id":7522,"href":"https:\/\/erlebnis-parkplatz.net\/index.php?rest_route=\/wp\/v2\/pages\/6904\/revisions\/7522"}],"wp:featuredmedia":[{"embeddable":true,"href":"https:\/\/erlebnis-parkplatz.net\/index.php?rest_route=\/wp\/v2\/media\/6907"}],"wp:attachment":[{"href":"https:\/\/erlebnis-parkplatz.net\/index.php?rest_route=%2Fwp%2Fv2%2Fmedia&parent=6904"}],"curies":[{"name":"wp","href":"https:\/\/api.w.org\/{rel}","templated":true}]}}