{"id":6781,"date":"2023-06-28T13:00:22","date_gmt":"2023-06-28T12:00:22","guid":{"rendered":"https:\/\/erlebnis-parkplatz.net\/?page_id=6781"},"modified":"2024-08-10T14:15:04","modified_gmt":"2024-08-10T13:15:04","slug":"oeek-fuer-alle","status":"publish","type":"page","link":"https:\/\/erlebnis-parkplatz.net\/?page_id=6781","title":{"rendered":"\u00d6EK &#8211; f\u00fcr alle"},"content":{"rendered":"\n<p>Das \u00f6rtliche Entwicklungskonzept \u00d6EK betrifft alle die in einem Ort wohnen. Es stellt die mittelfristig geplante Entwicklung des Ortes dar. Auf der Gemeindewebsite gibt es bis dato keinen Link zu diesem wichtigen Plan. Dasselbe gilt f\u00fcr die Baulandbilanz &#8211; also die Karte des bereits gewidmeten Baulands, das derzeit nocn unbebaut ist. Darum werden das derzeit g\u00fcltige <strong><em>\u00f6rtliche Entwicklungskonzept \u00d6EK von Haag am Hausruck aus dem Jahr 2011 und die Baulandbilanz per 31.12.2023 <\/em><\/strong>hier f\u00fcr alle zur Verf\u00fcgung gestellt:<\/p>\n\n\n\n<ul class=\"wp-block-list\">\n<li><a href=\"https:\/\/erlebnis-parkplatz.net\/wp-content\/uploads\/2023\/06\/OeEK_2_081111.pdf\" target=\"_blank\" rel=\"noreferrer noopener\">\u00d6EK-Karte<\/a>,<\/li>\n\n\n\n<li><a href=\"https:\/\/erlebnis-parkplatz.net\/wp-content\/uploads\/2023\/06\/Flaewi_Nr7-OeEK-Nr-2-Textteil.pdf\" target=\"_blank\" rel=\"noreferrer noopener\">\u00d6EK-Textteil<\/a>,<\/li>\n\n\n\n<li><a href=\"https:\/\/erlebnis-parkplatz.net\/wp-content\/uploads\/2024\/08\/Baulandbilanz_N-per-31.12.2023.pdf\" data-type=\"link\" data-id=\"https:\/\/erlebnis-parkplatz.net\/wp-content\/uploads\/2024\/08\/Baulandbilanz_N-per-31.12.2023.pdf\" target=\"_blank\" rel=\"noreferrer noopener\">Baulandbilanz per 31.12.2023 &#8211; Teil Nord<\/a>,<\/li>\n\n\n\n<li><a href=\"https:\/\/erlebnis-parkplatz.net\/wp-content\/uploads\/2024\/08\/Baulandbilanz-S-per-31.12.2023.pdf\" target=\"_blank\" rel=\"noreferrer noopener\">Baulandbilanz per 31.12.2023 &#8211; Teil S\u00fcd<\/a>.<\/li>\n<\/ul>\n\n\n\n<p>ACHTUNG: Nur die Baulandbilanz stimmt mit der realen Situation Ende 2023 \u00fcberein. Das \u00d6EK aus dem Jahr 2011 tut dies nicht. Es gibt z.B. einerseits Fl\u00e4chen wo im \u00d6EK nur Betriebe <em>geplant<\/em> waren, jetzt aber schon welche <em>gebaut wurden<\/em>. Es gibt andererseits Fl\u00e4chen wo bereits gewidmet ist, z.B. als Mischbaugebiet (also da kommt ein Betrieb drauf), aber in Wirklichkeit noch kein Betrieb steht. Dasselbe gilt f\u00fcr Wohnfl\u00e4chen.<br>Grunds\u00e4tzlich ist das \u00d6EK ein Plan daf\u00fcr, wie sich der Ort entwickeln will. Man kann es sich also anschauen und sich \u00fcberlegen: Entspricht die da drauf dargestellte Entwicklungsrichtung der Entwicklung, die ich mir f\u00fcr Haag w\u00fcnsche?<\/p>\n\n\n\n<p>An der Haager Gemeinderatssitzung vom 30.03.2022 wurde auf Frage einer B\u00fcrgerin die \u00dcberarbeitung des \u00d6EK in Aussicht gestellt, mit Beteiligung der Bev\u00f6lkerung.<\/p>\n\n\n\n<figure class=\"wp-block-image size-full\"><a href=\"https:\/\/erlebnis-parkplatz.net\/wp-content\/uploads\/2023\/06\/grafik-6.png\"><img loading=\"lazy\" decoding=\"async\" width=\"585\" height=\"813\" src=\"https:\/\/erlebnis-parkplatz.net\/wp-content\/uploads\/2023\/06\/grafik-6.png\" alt=\"\" class=\"wp-image-6782\" srcset=\"https:\/\/erlebnis-parkplatz.net\/wp-content\/uploads\/2023\/06\/grafik-6.png 585w, https:\/\/erlebnis-parkplatz.net\/wp-content\/uploads\/2023\/06\/grafik-6-216x300.png 216w\" sizes=\"auto, (max-width: 585px) 100vw, 585px\" \/><\/a><\/figure>\n\n\n\n<p>Einige Monate sp\u00e4ter entschied sich der Gemeinderat <em>gegen<\/em> eine \u00dcberarbeitung: Der \u00d6VP-Obmann des Entwicklungsausschuss kommunizierte in der Parteizeitung, dass das \u00d6EK aus dem Jahr 2011 f\u00fcr die Mehrheit des Entwicklungsausschusses das \u00d6EK nach wie vor ein sehr gutes Planungsinstrument sei und eine \u00dcberarbeitung darum nicht erforderlich sei. Kurz danach wurde im Gemeinderat die n\u00e4chste Umwidmung beantragt &#8211; die eine \u00c4nderung des \u00d6EK erfordert. Es wird also kommuniziert, dass man mit der geltenden Version gut planen kann &#8211; aber dann im Alltag eine Raumordnung gelebt, die dauernde \u00c4nderung der geltenden Version erfordert.<\/p>\n\n\n\n<p>Fotos der aktuellen, realen Situation finden sich auf den <strong><em>Online-Karten von <a rel=\"noreferrer noopener\" href=\"https:\/\/doris.at\/\" target=\"_blank\">DORIS<\/a><\/em><\/strong>.<\/p>\n\n\n\n<p><strong>Letzte Aktualisierung:<\/strong><\/p>\n\n\n<div class=\"wp-block-post-date__modified-date wp-block-post-date\"><time datetime=\"2024-08-10T14:15:04+01:00\">10. August 2024<\/time><\/div>\n\n\n<p><br><\/p>\n","protected":false},"excerpt":{"rendered":"<p>Das \u00f6rtliche Entwicklungskonzept \u00d6EK betrifft alle die in einem Ort wohnen. Es stellt die mittelfristig geplante Entwicklung des Ortes dar. Auf der Gemeindewebsite gibt es bis dato keinen Link zu diesem wichtigen Plan. Dasselbe gilt f\u00fcr die Baulandbilanz &#8211; also die Karte des bereits gewidmeten Baulands, das derzeit nocn unbebaut ist. Darum werden das derzeit&hellip; <a class=\"more-link\" href=\"https:\/\/erlebnis-parkplatz.net\/?page_id=6781\"><span class=\"screen-reader-text\">\u00d6EK &#8211; f\u00fcr alle<\/span> weiterlesen<\/a><\/p>\n","protected":false},"author":2,"featured_media":6799,"parent":0,"menu_order":0,"comment_status":"closed","ping_status":"closed","template":"","meta":{"footnotes":""},"class_list":["post-6781","page","type-page","status-publish","has-post-thumbnail","hentry","entry"],"_links":{"self":[{"href":"https:\/\/erlebnis-parkplatz.net\/index.php?rest_route=\/wp\/v2\/pages\/6781","targetHints":{"allow":["GET"]}}],"collection":[{"href":"https:\/\/erlebnis-parkplatz.net\/index.php?rest_route=\/wp\/v2\/pages"}],"about":[{"href":"https:\/\/erlebnis-parkplatz.net\/index.php?rest_route=\/wp\/v2\/types\/page"}],"author":[{"embeddable":true,"href":"https:\/\/erlebnis-parkplatz.net\/index.php?rest_route=\/wp\/v2\/users\/2"}],"replies":[{"embeddable":true,"href":"https:\/\/erlebnis-parkplatz.net\/index.php?rest_route=%2Fwp%2Fv2%2Fcomments&post=6781"}],"version-history":[{"count":4,"href":"https:\/\/erlebnis-parkplatz.net\/index.php?rest_route=\/wp\/v2\/pages\/6781\/revisions"}],"predecessor-version":[{"id":10196,"href":"https:\/\/erlebnis-parkplatz.net\/index.php?rest_route=\/wp\/v2\/pages\/6781\/revisions\/10196"}],"wp:featuredmedia":[{"embeddable":true,"href":"https:\/\/erlebnis-parkplatz.net\/index.php?rest_route=\/wp\/v2\/media\/6799"}],"wp:attachment":[{"href":"https:\/\/erlebnis-parkplatz.net\/index.php?rest_route=%2Fwp%2Fv2%2Fmedia&parent=6781"}],"curies":[{"name":"wp","href":"https:\/\/api.w.org\/{rel}","templated":true}]}}