{"id":6754,"date":"2023-06-28T13:30:12","date_gmt":"2023-06-28T12:30:12","guid":{"rendered":"https:\/\/erlebnis-parkplatz.net\/?page_id=6754"},"modified":"2024-07-05T14:33:43","modified_gmt":"2024-07-05T13:33:43","slug":"orts-zukunft","status":"publish","type":"page","link":"https:\/\/erlebnis-parkplatz.net\/?page_id=6754","title":{"rendered":"Mitsprache"},"content":{"rendered":"\n\n\n<p><strong>Die Zukunft geht uns alle an &#8211; und darum ist es auch wichtig, dass transparent \u00fcber sie informiert wird und wir alle mitreden d\u00fcrfen. Kleine K\u00f6nigreiche am Gemeindeamt haben f\u00fcr mich im 21. Jahrhundert ausgedient. <\/strong><\/p>\n\n\n\n<p><strong><em>Wohin geht die Reise &#8211; und wer bestimmt das?<\/em><\/strong><\/p>\n\n\n\n<p><a rel=\"noreferrer noopener\" href=\"https:\/\/erlebnis-parkplatz.net\/?page_id=6781\" target=\"_blank\">\u00d6EK &#8211; f\u00fcr alle da<\/a> &#8211; Infos zum \u00f6rtlichen Entwicklungskonzept.<\/p>\n\n\n\n<p><a rel=\"noreferrer noopener\" href=\"https:\/\/erlebnis-parkplatz.net\/?page_id=6876\" target=\"_blank\">Offene T\u00fcren<\/a> &#8211; Infos rund um die Beteiligung der Bev\u00f6lkerung an Entscheidungen, die sie betreffen.<\/p>\n","protected":false},"excerpt":{"rendered":"<p>Die Zukunft geht uns alle an &#8211; und darum ist es auch wichtig, dass transparent \u00fcber sie informiert wird und wir alle mitreden d\u00fcrfen. Kleine K\u00f6nigreiche am Gemeindeamt haben f\u00fcr mich im 21. Jahrhundert ausgedient. Wohin geht die Reise &#8211; und wer bestimmt das? \u00d6EK &#8211; f\u00fcr alle da &#8211; Infos zum \u00f6rtlichen Entwicklungskonzept. Offene&hellip; <a class=\"more-link\" href=\"https:\/\/erlebnis-parkplatz.net\/?page_id=6754\"><span class=\"screen-reader-text\">Mitsprache<\/span> weiterlesen<\/a><\/p>\n","protected":false},"author":2,"featured_media":6165,"parent":0,"menu_order":0,"comment_status":"closed","ping_status":"closed","template":"","meta":{"footnotes":""},"class_list":["post-6754","page","type-page","status-publish","has-post-thumbnail","hentry","entry"],"_links":{"self":[{"href":"https:\/\/erlebnis-parkplatz.net\/index.php?rest_route=\/wp\/v2\/pages\/6754","targetHints":{"allow":["GET"]}}],"collection":[{"href":"https:\/\/erlebnis-parkplatz.net\/index.php?rest_route=\/wp\/v2\/pages"}],"about":[{"href":"https:\/\/erlebnis-parkplatz.net\/index.php?rest_route=\/wp\/v2\/types\/page"}],"author":[{"embeddable":true,"href":"https:\/\/erlebnis-parkplatz.net\/index.php?rest_route=\/wp\/v2\/users\/2"}],"replies":[{"embeddable":true,"href":"https:\/\/erlebnis-parkplatz.net\/index.php?rest_route=%2Fwp%2Fv2%2Fcomments&post=6754"}],"version-history":[{"count":12,"href":"https:\/\/erlebnis-parkplatz.net\/index.php?rest_route=\/wp\/v2\/pages\/6754\/revisions"}],"predecessor-version":[{"id":9855,"href":"https:\/\/erlebnis-parkplatz.net\/index.php?rest_route=\/wp\/v2\/pages\/6754\/revisions\/9855"}],"wp:featuredmedia":[{"embeddable":true,"href":"https:\/\/erlebnis-parkplatz.net\/index.php?rest_route=\/wp\/v2\/media\/6165"}],"wp:attachment":[{"href":"https:\/\/erlebnis-parkplatz.net\/index.php?rest_route=%2Fwp%2Fv2%2Fmedia&parent=6754"}],"curies":[{"name":"wp","href":"https:\/\/api.w.org\/{rel}","templated":true}]}}