{"id":6747,"date":"2023-06-25T22:30:49","date_gmt":"2023-06-25T21:30:49","guid":{"rendered":"https:\/\/erlebnis-parkplatz.net\/?page_id=6747"},"modified":"2026-04-03T12:22:42","modified_gmt":"2026-04-03T11:22:42","slug":"wild-tier-weg","status":"publish","type":"page","link":"https:\/\/erlebnis-parkplatz.net\/?page_id=6747","title":{"rendered":"Wildtierweg Haag &#8211; B\u00f6hmerwald"},"content":{"rendered":"\n<p><strong>Vom Hausruck \u00fcber Eidenedt &#8211; Hinteregg &#8211; Pramwald verl\u00e4uft ein europ\u00e4isch bedeutender Wildtierkorridor. Der Haager Ortsplanung steht vor der spannenden Aufgabe, daran mitzuwirken, dass dieser Korridor seine Funktion in Zukunft weiter bzw. wieder erf\u00fcllen kann. Es gibt einiges zu tun &#8211; und  einiges zu unterlassen. Betroffen sind u.a. gewerbliche Nutzungen im Einzugsbereich Pramwald.<\/strong> <strong> <\/strong><\/p>\n\n\n\n<p>\u00d6kologische Raumplanung ist ein Gebot der Stunde. Was lag also n\u00e4her, als einer Fachperson den Auftrag zu geben, alle verf\u00fcgbaren Fakten zu Wildtierlebensr\u00e4umen und \u00f6kologischer Raumplanung in Haag am Hausruck zu sammeln. Genau eine solcher Auftrag f\u00fcr ein <a href=\"https:\/\/dl-7.immerda.ch\/c6lzdcne36giktceecy2-xrwwh4yjo76i6hb5\" target=\"_blank\" rel=\"noreferrer noopener\">Gutachten<\/a> erging drum Anfang Jahr von mir an eine Wildbiologin.<\/p>\n\n\n\n<p>Dabei ging es u.a. darum, mal zu schauen: Haben die verschiedenen betrieblichen Erweiterungspl\u00e4ne im derzeitigen \u00f6rtlichen Entwicklungskonzept (\u00d6EK) Auswirkungen auf die Wildtierlebensr\u00e4ume in Haag bzw. <strong>sind<\/strong> diese <strong>Wildtier-Lebensr\u00e4ume ein bedeutendes Thema<\/strong> <strong>in Bezug auf die Raumordnung in Haag? <\/strong> Das Ergebnis: <strong>Ja, und ob!<\/strong><\/p>\n\n\n\n<figure class=\"wp-block-image size-large\"><img loading=\"lazy\" decoding=\"async\" width=\"1024\" height=\"683\" src=\"https:\/\/erlebnis-parkplatz.net\/wp-content\/uploads\/2023\/06\/Cervus_elaphus_Luc_Viatour_6-1024x683.jpg\" alt=\"\" class=\"wp-image-6810\" srcset=\"https:\/\/erlebnis-parkplatz.net\/wp-content\/uploads\/2023\/06\/Cervus_elaphus_Luc_Viatour_6-1024x683.jpg 1024w, https:\/\/erlebnis-parkplatz.net\/wp-content\/uploads\/2023\/06\/Cervus_elaphus_Luc_Viatour_6-300x200.jpg 300w, https:\/\/erlebnis-parkplatz.net\/wp-content\/uploads\/2023\/06\/Cervus_elaphus_Luc_Viatour_6-768x512.jpg 768w, https:\/\/erlebnis-parkplatz.net\/wp-content\/uploads\/2023\/06\/Cervus_elaphus_Luc_Viatour_6-1536x1024.jpg 1536w, https:\/\/erlebnis-parkplatz.net\/wp-content\/uploads\/2023\/06\/Cervus_elaphus_Luc_Viatour_6-2048x1365.jpg 2048w, https:\/\/erlebnis-parkplatz.net\/wp-content\/uploads\/2023\/06\/Cervus_elaphus_Luc_Viatour_6-1568x1045.jpg 1568w\" sizes=\"auto, (max-width: 1024px) 100vw, 1024px\" \/><figcaption class=\"wp-element-caption\">Der Rothirsch &#8211; eine Leittierart des europ\u00e4ischen Wildtierkorridors, der durch Haag f\u00fchrt (Urheberrecht Foto: Luc Viatour \/ https:\/\/Lucnix.be)<\/figcaption><\/figure>\n\n\n\n<p>In der \u00f6kologischen Raumplanung werden h\u00e4ufig sogenannte &#8222;<strong>Leitarten<\/strong>&#8220; oder &#8222;<strong>Schirmarten<\/strong>&#8220; herangezogen, um aufzuzeigen, welche Entwicklung es braucht, damit uns unsere Tier- und Pflanzenwelt in ihrer f\u00fcr uns alle wichtigen Vielfalt erhalten bleibt. Grob gesagt kann man sich das so vorstellen: Wenn man einen Regenschirm (= Lebensraum) hat, der das gr\u00f6\u00dfte Tier trocken h\u00e4lt, dann haben auch die ganzen kleinen Tiere unter dem Regenschirm Platz (= in dem Lebensraum) und werden sozusagen automatisch mitgesch\u00fctzt. <\/p>\n\n\n\n<figure class=\"wp-block-image size-full\"><img loading=\"lazy\" decoding=\"async\" width=\"389\" height=\"259\" src=\"https:\/\/erlebnis-parkplatz.net\/wp-content\/uploads\/2023\/06\/2022-08-15-Wildwechsel-am-Parkplatz-Luisenhoehe-10_cr-Rehe.jpg\" alt=\"\" class=\"wp-image-6812\" srcset=\"https:\/\/erlebnis-parkplatz.net\/wp-content\/uploads\/2023\/06\/2022-08-15-Wildwechsel-am-Parkplatz-Luisenhoehe-10_cr-Rehe.jpg 389w, https:\/\/erlebnis-parkplatz.net\/wp-content\/uploads\/2023\/06\/2022-08-15-Wildwechsel-am-Parkplatz-Luisenhoehe-10_cr-Rehe-300x200.jpg 300w\" sizes=\"auto, (max-width: 389px) 100vw, 389px\" \/><figcaption class=\"wp-element-caption\">Eine gut durchdachte Raumordnung sch\u00fctzt ganz viele Tier- und Pflanzenarten, h\u00e4ufige Tierarten, wie z.B. die hier abgebildeten Rehe (in der N\u00e4he des Hohen Kreuzes), aber auch seltenere Tiere wie z.B. Luchse. <\/figcaption><\/figure>\n\n\n\n<p>F\u00fcr den <strong>Hausruck- und Kobernau\u00dferwald hei\u00dft das: Wenn es gelingt, die Hirsche im Kobernau\u00dferwald zu erhalten, dann ist auch das \u00dcberleben vieler anderer Tierarten gesichert.<\/strong> Auch Pflanzenarten profitieren &#8211; durch den Transport von Samen oder Fr\u00fcchten im Fell oder Verdauungstrakt. Aus Sicht von Haag: Wenn der Wildtierkorridor f\u00fcr den Hirsch funktioniert, geht es ganz vielen Tieren in Haag automatisch gut &#8211; sozusagen als Nebeneffekt. <\/p>\n\n\n\n<figure class=\"wp-block-image size-full\"><img loading=\"lazy\" decoding=\"async\" width=\"731\" height=\"727\" src=\"https:\/\/erlebnis-parkplatz.net\/wp-content\/uploads\/2023\/06\/Wildtierkorridore-Oberoesterreich-Haag-Boehmerwald.png\" alt=\"\" class=\"wp-image-6751\" srcset=\"https:\/\/erlebnis-parkplatz.net\/wp-content\/uploads\/2023\/06\/Wildtierkorridore-Oberoesterreich-Haag-Boehmerwald.png 731w, https:\/\/erlebnis-parkplatz.net\/wp-content\/uploads\/2023\/06\/Wildtierkorridore-Oberoesterreich-Haag-Boehmerwald-300x298.png 300w, https:\/\/erlebnis-parkplatz.net\/wp-content\/uploads\/2023\/06\/Wildtierkorridore-Oberoesterreich-Haag-Boehmerwald-150x150.png 150w\" sizes=\"auto, (max-width: 731px) 100vw, 731px\" \/><figcaption class=\"wp-element-caption\">Durch Haag verl\u00e4uft ein bedeutender \u00fcberregionaler Wildtierkorridor<\/figcaption><\/figure>\n\n\n\n<p><strong>Der Haager Hausruck- und Pramwald sind Teil eines \u00fcberregionalen Wildtierkorridors, der den B\u00f6hmerwald mit dem Alpenraum verbindet. Es wird vermutet, dass es sich bei diesem Korridor um die aktuell wichtigste Nord-S\u00fcd-Verbindung durch Ober\u00f6sterreich handelt<\/strong> (siehe &#8222;<a rel=\"noreferrer noopener\" href=\"http:\/\/www.ooe-umweltanwaltschaft.at\/xbcr\/SID-B49D7CBE- 852A8EF6\/wildtierkorridore_ooe_2012.pdf\" target=\"_blank\">Wildtierkorridore in Ober\u00f6sterreich<\/a>&#8222;). Aus tier\u00f6kologischer Sicht ist die Vernetzung der gro\u00dfen Wald- und Gebirgsregionen unverzichtbar. <\/p>\n\n\n\n<p>Der Schutz des Wildtierkorridors ist auch eine gesetzliche Notwendigkeit : Die Waldkomplexe des Kobernau\u00dfer- und Hausruckwaldes stellen gem\u00e4\u00df dem in Auftrag gegeben Gutachten faktische <a rel=\"noreferrer noopener\" href=\"https:\/\/www.umweltbundesamt.at\/umweltthemen\/naturschutz\/schutzgebiete\/natura2000\" target=\"_blank\">Natura2000-Gebiete <\/a>dar, zu deren Schutz die Bundesrepublik \u00d6sterreich als EU-Mitgliedsstaat, bzw. das Bundesland Ober\u00f6sterreich entsprechende Schutzma\u00dfnahmen ergreifen m\u00fcsste, um eine Verschlechterung des Zustandes der betroffenen Schutzg\u00fcter (Lebensraumtypen und Arten von gemeinschaftlicher Bedeutung) zu verhindern.<\/p>\n\n\n\n<p>Auf Haag heruntergebrochen hei\u00dft das: bei der \u00f6rtlichen Raumplanung verdient die Erhaltung und Wiederherstellung der Lebensraumqualit\u00e4t und Durchg\u00e4ngigkeit dieses Korridors h\u00f6chste Priorit\u00e4t.<\/p>\n\n\n\n<figure class=\"wp-block-image size-full\"><img loading=\"lazy\" decoding=\"async\" width=\"749\" height=\"450\" src=\"https:\/\/erlebnis-parkplatz.net\/wp-content\/uploads\/2023\/06\/Strassennetz-und-Wanderkorridore-im-Gebiet-der-Marktgemeinde-Haag-am-Hausruck.png\" alt=\"\" class=\"wp-image-6813\" srcset=\"https:\/\/erlebnis-parkplatz.net\/wp-content\/uploads\/2023\/06\/Strassennetz-und-Wanderkorridore-im-Gebiet-der-Marktgemeinde-Haag-am-Hausruck.png 749w, https:\/\/erlebnis-parkplatz.net\/wp-content\/uploads\/2023\/06\/Strassennetz-und-Wanderkorridore-im-Gebiet-der-Marktgemeinde-Haag-am-Hausruck-300x180.png 300w\" sizes=\"auto, (max-width: 749px) 100vw, 749px\" \/><figcaption class=\"wp-element-caption\">Stra\u00dfennetz und Wanderkorridore im Gebiet der Marktgemeinde Haag\/H.<\/figcaption><\/figure>\n\n\n\n<p>Die Durchl\u00e4ssigkeit des Wildtierkorridors wird u.a. durch das \u00fcberregionale Stra\u00dfennetz beeintr\u00e4chtigt. In der <a rel=\"noreferrer noopener\" href=\"https:\/\/www.ooe-umweltanwaltschaft.at\/Mediendateien\/wildtierkorridore_ooe_2012.pdf\" target=\"_blank\">Wildtierkorridorstudie das Landes Ober\u00f6sterreich <\/a>wird darum auch festgehalten, dass mittelfristig, die Errichtung einer Wildtierpassage \u00fcber die B141 (Rieder Stra\u00dfe) erforderlich ist. <\/p>\n\n\n\n<p>Von ihrer Lager her, kommt den beiden Gemeinden Haag und Geboltskirchen jeweils eine Schl\u00fcsselstellung zu, um die Wanderkorridore und den \u00fcberregionalen Biotopverbund sicherzustellen.<\/p>\n\n\n\n<figure class=\"wp-block-image size-full\"><img loading=\"lazy\" decoding=\"async\" width=\"748\" height=\"511\" src=\"https:\/\/erlebnis-parkplatz.net\/wp-content\/uploads\/2023\/06\/Wanderkorridore-im-Gemeindegebiet-Haag-und-Funktionalitaet.png\" alt=\"\" class=\"wp-image-6814\" srcset=\"https:\/\/erlebnis-parkplatz.net\/wp-content\/uploads\/2023\/06\/Wanderkorridore-im-Gemeindegebiet-Haag-und-Funktionalitaet.png 748w, https:\/\/erlebnis-parkplatz.net\/wp-content\/uploads\/2023\/06\/Wanderkorridore-im-Gemeindegebiet-Haag-und-Funktionalitaet-300x205.png 300w\" sizes=\"auto, (max-width: 748px) 100vw, 748px\" \/><figcaption class=\"wp-element-caption\">Wanderkorridore im Gemeindegebiet Haag mit bereits fehlender (rot) oder beeintr\u00e4chtigter\nFunktionalit\u00e4t (gelb) (Quelle: www.doris.at).<\/figcaption><\/figure>\n\n\n\n<p>Die Funktionsf\u00e4higkeit der Wanderkorridore ist im Gemeindegebiet von Haag bereits teilweise beeintr\u00e4chtigt oder fehlt. Es ist daher ein wichtiges Ziel f\u00fcr die \u00f6rtliche und \u00fcber\u00f6rtliche Raumplanung, diese Funktionsf\u00e4higkeit wiederherzustellen und zus\u00e4tzliche Beeintr\u00e4chtigungen unbedingt zu vermeiden. <\/p>\n\n\n\n<figure class=\"wp-block-image size-full\"><img loading=\"lazy\" decoding=\"async\" width=\"765\" height=\"407\" src=\"https:\/\/erlebnis-parkplatz.net\/wp-content\/uploads\/2023\/06\/Kartierter-Wanderkorridor-auf-dem-Gemeindegebiet-von-Haag-am-Hausruck-Betriebsbaugebiete-violett.png\" alt=\"\" class=\"wp-image-6815\" srcset=\"https:\/\/erlebnis-parkplatz.net\/wp-content\/uploads\/2023\/06\/Kartierter-Wanderkorridor-auf-dem-Gemeindegebiet-von-Haag-am-Hausruck-Betriebsbaugebiete-violett.png 765w, https:\/\/erlebnis-parkplatz.net\/wp-content\/uploads\/2023\/06\/Kartierter-Wanderkorridor-auf-dem-Gemeindegebiet-von-Haag-am-Hausruck-Betriebsbaugebiete-violett-300x160.png 300w\" sizes=\"auto, (max-width: 765px) 100vw, 765px\" \/><figcaption class=\"wp-element-caption\">Kartierter Wanderkorridor auf dem Gemeindegebiet von Haag\/H. (Betriebsbaugebiete: violett)<\/figcaption><\/figure>\n\n\n\n<p><strong>Das betrifft nicht nur den unmittelbaren Korridor.<\/strong> Im Gutachten zur Lebensraumsituation und \u00f6kologischen Raumplanung in Haag am Hausruck wird in Bezug auf <strong>Baut\u00e4tigkeiten<\/strong> festgehalten:<em> &#8222;Bei der Umsetzung des erforderlichen Biotopverbundsystems im Rahmen \u00f6rtlicher Entwicklungskonzepte und Planungen d\u00fcrfen nicht nur die  definierten Korridorareale nicht bebaut werden. Es ist auch auf die Erschlie\u00dfung von Bebauungs- und Gewerbegebieten zu ber\u00fccksichtigen, dass diese durch  Erschlie\u00dfungsstrukturen (Zuwege etc.) eine weitreichende Wirkung auf die Korridorsysteme haben. Ver\u00e4ndertes Verkehrsaufkommen, unterschiedliche tageszeitliche Nutzungen (z.B. Abend-, Nachtbetrieb) k\u00f6nnen Barrierewirkungen aufbauen.&#8220;<\/em>  <\/p>\n\n\n\n<figure class=\"wp-block-image size-full\"><img loading=\"lazy\" decoding=\"async\" width=\"772\" height=\"415\" src=\"https:\/\/erlebnis-parkplatz.net\/wp-content\/uploads\/2023\/06\/grafik-4-1.png\" alt=\"\" class=\"wp-image-6816\" srcset=\"https:\/\/erlebnis-parkplatz.net\/wp-content\/uploads\/2023\/06\/grafik-4-1.png 772w, https:\/\/erlebnis-parkplatz.net\/wp-content\/uploads\/2023\/06\/grafik-4-1-300x161.png 300w, https:\/\/erlebnis-parkplatz.net\/wp-content\/uploads\/2023\/06\/grafik-4-1-768x413.png 768w\" sizes=\"auto, (max-width: 772px) 100vw, 772px\" \/><\/figure>\n\n\n\n<p>In Haag betrifft das in Bezug auf <strong>Betriebsbaugebiete<\/strong> v.a. die im derzeitigen \u00d6EK vorgesehene Erweiterung des Betriebsbaugebietes Reischau in Richtung Pramwald.<\/p>\n\n\n\n<figure class=\"wp-block-image size-full\"><img loading=\"lazy\" decoding=\"async\" width=\"768\" height=\"418\" src=\"https:\/\/erlebnis-parkplatz.net\/wp-content\/uploads\/2023\/06\/grafik-5-1.png\" alt=\"\" class=\"wp-image-6817\" srcset=\"https:\/\/erlebnis-parkplatz.net\/wp-content\/uploads\/2023\/06\/grafik-5-1.png 768w, https:\/\/erlebnis-parkplatz.net\/wp-content\/uploads\/2023\/06\/grafik-5-1-300x163.png 300w\" sizes=\"auto, (max-width: 768px) 100vw, 768px\" \/><\/figure>\n\n\n\n<p>Bzgl. <strong>Siedlungsgebieten<\/strong> wird in der Wildtierkorridorstudie des Landes O\u00d6 aus dem Jahr 2012 folgender Handlungsbedarf festgehalten: <em>\u201eKeine Siedlungsausweitung im Bereich Hinteregg, Leiten und Eidenedt. Abschirmung der  Siedlungen, Entwicklung wirksamer Vernetzungsstrukturen.&#8220;<\/em><\/p>\n\n\n\n<p>Im Bereich des <strong>Tourismus und Freizeit<\/strong> liegt die Luisenh\u00f6he unmittelbar am Korridor. Auch hier gilt es also, bei Diskussionen \u00fcber deren zuk\u00fcnftige Nutzung, den Auswirkungen auf die Wildtierlebensr\u00e4ume achtsam Augenmerk zu schenken. Das betrifft auch Pl\u00e4ne f\u00fcr Nutzungen des Hausruckwalds f\u00fcr Mountainbikestrecken.<\/p>\n\n\n\n<p>Als <strong>Leitlinie<\/strong> ist im Gutachten zusammenfassend festgehalten: <em>&#8222;Vor allem in den vorgesehenen Korridor-Lebensr\u00e4umen und potentiellen Gr\u00fcnbr\u00fccken-Standorten im angrenzenden Pramwald sowie n\u00f6rdlich und s\u00fcdlich davon sollten bereits jetzt vorsorglich ruhige  \u00c4sungsfl\u00e4chen und Ruhezonen eingerichtet werden. Dies ist vor allem bei der Planung und Trassierung von weiteren Erschlie\u00dfungen und Freizeit-Infrastruktur (z.B. Mountainbike-Strecken) zu beachten.&#8220;<\/em><\/p>\n\n\n\n<p><strong>Das Alles sind sowohl herausfordernde, als auch tolle News: Die \u00f6rtliche Raumplanung in Haag bietet die Gelegenheit, an der Erhaltung, Verbesserung und Wiederherstellung der bedeutendsten Nord-S\u00fcd-Verbindung f\u00fcr Wildtiere in Ober\u00f6sterreich mitzuwirken. In dem Sinn k\u00f6nnen die Gemeinderatsmitglieder bei der geplanten \u00dcberarbeitung des \u00f6rtlichen Entwicklungskonzeptes \u00d6EK Geschichte etwas ganz Gro\u00dfes bewirken &#8211; das  nicht nur Haag lebenswerter macht, sondern weit \u00fcber die Grenzen von Haag ausstrahlt.   <\/strong><\/p>\n\n\n\n<p>Ver\u00f6ffentlicht am 10. Juni 2023<\/p>\n\n\n\n<p><strong>Zum Weiterlesen und Nachschlagen<\/strong><\/p>\n\n\n\n<p><a href=\"https:\/\/dl-7.immerda.ch\/c6lzdcne36giktceecy2-xrwwh4yjo76i6hb5\" data-type=\"link\" data-id=\"https:\/\/dl-7.immerda.ch\/vjbi3ehysv7oqzryahhs-5z5hj7sh7aumwgt5\" target=\"_blank\" rel=\"noreferrer noopener\">Gutachten zur Lebensraumsituation und zur \u00f6kologischen Raumplanung in Haag am Hausruck<\/a><a href=\"https:\/\/dl-12.immerda.ch\/4sikzmfkpnnmydwah2fa-hu7wpvmmzrqltpiy\" target=\"_blank\" rel=\"noreferrer noopener\">.<\/a> B\u00fcro f\u00fcr Wildbiologie \u00d6sterreich, Dr. Christine Miller, Juni 2023<\/p>\n\n\n\n<p><a rel=\"noreferrer noopener\" href=\"http:\/\/www.ooe-umweltanwaltschaft.at\/xbcr\/SID-B49D7CBE- 852A8EF6\/wildtierkorridore_ooe_2012.pdf\" target=\"_blank\">Wildtierkorridore in Ober\u00f6sterreich<\/a>. Land Ober\u00f6sterreich. O\u00f6. Umweltanwaltschaft, 2012<\/p>\n\n\n\n<p><a href=\"https:\/\/erlebnis-parkplatz.net\/wp-content\/uploads\/2023\/07\/astra_88012_funktionskontrolle_von_wildtierpassagen_2019_V1.00-1.pdf\" target=\"_blank\" rel=\"noreferrer noopener\">Dokumentation Funktionskontrolle von Wildtierpassagen<\/a>. Schweizer Bundesamt f\u00fcr Strassen ASTRA. 2019<\/p>\n\n\n\n<p><br><strong>Quelle der Abbildungen ohne zus\u00e4tzliche Quellenangaben: <\/strong><\/p>\n\n\n\n<p><a href=\"https:\/\/dl-7.immerda.ch\/c6lzdcne36giktceecy2-xrwwh4yjo76i6hb5\" target=\"_blank\" rel=\"noreferrer noopener\">Gutachten zur Lebensraumsituation und zur \u00f6kologischen Raumplanung in Haag am Hausruck.<\/a> B\u00fcro f\u00fcr Wildbiologie \u00d6sterreich, Dr. Christine Miller, Juni 2023<\/p>\n\n\n\n<p><\/p>\n","protected":false},"excerpt":{"rendered":"<p>Vom Hausruck \u00fcber Eidenedt &#8211; Hinteregg &#8211; Pramwald verl\u00e4uft ein europ\u00e4isch bedeutender Wildtierkorridor. Der Haager Ortsplanung steht vor der spannenden Aufgabe, daran mitzuwirken, dass dieser Korridor seine Funktion in Zukunft weiter bzw. wieder erf\u00fcllen kann. Es gibt einiges zu tun &#8211; und einiges zu unterlassen. Betroffen sind u.a. gewerbliche Nutzungen im Einzugsbereich Pramwald. \u00d6kologische Raumplanung&hellip; <a class=\"more-link\" href=\"https:\/\/erlebnis-parkplatz.net\/?page_id=6747\"><span class=\"screen-reader-text\">Wildtierweg Haag &#8211; B\u00f6hmerwald<\/span> weiterlesen<\/a><\/p>\n","protected":false},"author":2,"featured_media":6751,"parent":5728,"menu_order":0,"comment_status":"closed","ping_status":"closed","template":"","meta":{"footnotes":""},"class_list":["post-6747","page","type-page","status-publish","has-post-thumbnail","hentry","entry"],"_links":{"self":[{"href":"https:\/\/erlebnis-parkplatz.net\/index.php?rest_route=\/wp\/v2\/pages\/6747","targetHints":{"allow":["GET"]}}],"collection":[{"href":"https:\/\/erlebnis-parkplatz.net\/index.php?rest_route=\/wp\/v2\/pages"}],"about":[{"href":"https:\/\/erlebnis-parkplatz.net\/index.php?rest_route=\/wp\/v2\/types\/page"}],"author":[{"embeddable":true,"href":"https:\/\/erlebnis-parkplatz.net\/index.php?rest_route=\/wp\/v2\/users\/2"}],"replies":[{"embeddable":true,"href":"https:\/\/erlebnis-parkplatz.net\/index.php?rest_route=%2Fwp%2Fv2%2Fcomments&post=6747"}],"version-history":[{"count":45,"href":"https:\/\/erlebnis-parkplatz.net\/index.php?rest_route=\/wp\/v2\/pages\/6747\/revisions"}],"predecessor-version":[{"id":12998,"href":"https:\/\/erlebnis-parkplatz.net\/index.php?rest_route=\/wp\/v2\/pages\/6747\/revisions\/12998"}],"up":[{"embeddable":true,"href":"https:\/\/erlebnis-parkplatz.net\/index.php?rest_route=\/wp\/v2\/pages\/5728"}],"wp:featuredmedia":[{"embeddable":true,"href":"https:\/\/erlebnis-parkplatz.net\/index.php?rest_route=\/wp\/v2\/media\/6751"}],"wp:attachment":[{"href":"https:\/\/erlebnis-parkplatz.net\/index.php?rest_route=%2Fwp%2Fv2%2Fmedia&parent=6747"}],"curies":[{"name":"wp","href":"https:\/\/api.w.org\/{rel}","templated":true}]}}