{"id":6633,"date":"2023-06-23T00:07:02","date_gmt":"2023-06-22T23:07:02","guid":{"rendered":"https:\/\/erlebnis-parkplatz.net\/?page_id=6633"},"modified":"2026-01-06T22:10:33","modified_gmt":"2026-01-06T21:10:33","slug":"lebens-splitter","status":"publish","type":"page","link":"https:\/\/erlebnis-parkplatz.net\/?page_id=6633","title":{"rendered":"Lebenssplitter"},"content":{"rendered":"\n<p><strong><em>wohnorte<\/em><\/strong><br>Ich heisse Renate Zauner, bin 1970 in Haag am Hausruck in \u00d6sterreich geboren und dort aufgewachsen und habe danach im Laufe meines Lebens in verschiedenen L\u00e4ndern gelebt, in der Stadt und auf dem Land. <\/p>\n\n\n\n<p><em><strong>haltung<\/strong><\/em><br>Ich lebe mein Leben in Einklang mit meinem Gewissen und m\u00f6chte die Erde besser hinterlassen, als ich sie vorgefunden habe.<br>Ich setze mich f\u00fcr eine starke Demokratie und ein Zusammenleben ein, in dem wir so aufeinander achten, dass alle einen wertgesch\u00e4tzten Platz haben. Menschen, Tiere, Pflanzen und auch die unbelebte Natur.<\/p>\n\n\n\n<p><strong><em>ausbildung<\/em><\/strong><br>Ich bin ausgebildete \u00dcbersetzerin, Konferenzdolmetscherin, Landschaftsplanerin und habe mich als Pflegehelferin SRK und Klassenassistentin weitergebildet.<\/p>\n\n\n\n<p><strong><em>berufserfahrung<\/em><\/strong><br>W\u00e4hrend 9 Sommern habe ich gemeinsam mit unserem Team eine Alm gef\u00fchrt, also ganz praktische Umweltarbeit geleistet. Zuvor habe ich einige Jahre in Umweltorganisationen gearbeitet. Ich verf\u00fcge \u00fcber vielf\u00e4ltige Betreuungserfahrungen &#8211; von der Assistenz von Menschen mit geistigen und k\u00f6rperlichen Beeintr\u00e4chtigungen, \u00fcber die Betreuung von Menschen mit Demenz, bis zur Arbeit als Aufseherin\/Betreuerin in einem Gef\u00e4ngnis und in der Schule. <br>Am L\u00e4ngsten begleitet mich meine T\u00e4tigkeit als selbst\u00e4ndige \u00dcbersetzerin und Konferenzdolmetscherin. Ich \u00fcber sie seit 2001 aus &#8211; lange Zeit hauptberuflich und seit mehreren Jahren nebenberuflich.<\/p>\n\n\n\n<p><strong><em>gewaltfreiheit<\/em><\/strong><br>In meiner Freizeit widme ich mich der der F\u00f6rderung einer Welt in der alle Lebewesen einen wertgesch\u00e4tzten Platz haben. <\/p>\n\n\n\n<p>Einen Au\u00dfenblick-Splitter zu mir gibt&#8217;s <a rel=\"noreferrer noopener\" href=\"https:\/\/menschen.alpeninitiative.ch\/renate-zauner\/\" target=\"_blank\">hier<\/a> (Brosch\u00fcre der Alpenintiative, bei der ich mal gearbeitet hat).<\/p>\n","protected":false},"excerpt":{"rendered":"<p>wohnorteIch heisse Renate Zauner, bin 1970 in Haag am Hausruck in \u00d6sterreich geboren und dort aufgewachsen und habe danach im Laufe meines Lebens in verschiedenen L\u00e4ndern gelebt, in der Stadt und auf dem Land. haltungIch lebe mein Leben in Einklang mit meinem Gewissen und m\u00f6chte die Erde besser hinterlassen, als ich sie vorgefunden habe.Ich setze&hellip; <a class=\"more-link\" href=\"https:\/\/erlebnis-parkplatz.net\/?page_id=6633\"><span class=\"screen-reader-text\">Lebenssplitter<\/span> weiterlesen<\/a><\/p>\n","protected":false},"author":2,"featured_media":0,"parent":0,"menu_order":0,"comment_status":"closed","ping_status":"closed","template":"","meta":{"footnotes":""},"class_list":["post-6633","page","type-page","status-publish","hentry","entry"],"_links":{"self":[{"href":"https:\/\/erlebnis-parkplatz.net\/index.php?rest_route=\/wp\/v2\/pages\/6633","targetHints":{"allow":["GET"]}}],"collection":[{"href":"https:\/\/erlebnis-parkplatz.net\/index.php?rest_route=\/wp\/v2\/pages"}],"about":[{"href":"https:\/\/erlebnis-parkplatz.net\/index.php?rest_route=\/wp\/v2\/types\/page"}],"author":[{"embeddable":true,"href":"https:\/\/erlebnis-parkplatz.net\/index.php?rest_route=\/wp\/v2\/users\/2"}],"replies":[{"embeddable":true,"href":"https:\/\/erlebnis-parkplatz.net\/index.php?rest_route=%2Fwp%2Fv2%2Fcomments&post=6633"}],"version-history":[{"count":8,"href":"https:\/\/erlebnis-parkplatz.net\/index.php?rest_route=\/wp\/v2\/pages\/6633\/revisions"}],"predecessor-version":[{"id":12831,"href":"https:\/\/erlebnis-parkplatz.net\/index.php?rest_route=\/wp\/v2\/pages\/6633\/revisions\/12831"}],"wp:attachment":[{"href":"https:\/\/erlebnis-parkplatz.net\/index.php?rest_route=%2Fwp%2Fv2%2Fmedia&parent=6633"}],"curies":[{"name":"wp","href":"https:\/\/api.w.org\/{rel}","templated":true}]}}