{"id":5705,"date":"2021-11-18T13:37:22","date_gmt":"2021-11-18T12:37:22","guid":{"rendered":"https:\/\/erlebnis-parkplatz.net\/?page_id=5705"},"modified":"2024-07-05T13:06:02","modified_gmt":"2024-07-05T12:06:02","slug":"nach-ruf","status":"publish","type":"page","link":"https:\/\/erlebnis-parkplatz.net\/?page_id=5705","title":{"rendered":"nach.ruf"},"content":{"rendered":"\n<p>Hermann Zauner<br>28. J\u00e4nner 1968 &#8211; August 2021<\/p>\n\n\n\n<figure class=\"wp-block-image size-large is-style-rounded\"><a href=\"https:\/\/erlebnis-parkplatz.net\/wp-content\/uploads\/2021\/11\/IMG_20211031_150739-scaled.jpg\"><img loading=\"lazy\" decoding=\"async\" width=\"768\" height=\"1024\" src=\"https:\/\/erlebnis-parkplatz.net\/wp-content\/uploads\/2021\/11\/IMG_20211031_150739-768x1024.jpg\" alt=\"\" class=\"wp-image-5707\" srcset=\"https:\/\/erlebnis-parkplatz.net\/wp-content\/uploads\/2021\/11\/IMG_20211031_150739-768x1024.jpg 768w, https:\/\/erlebnis-parkplatz.net\/wp-content\/uploads\/2021\/11\/IMG_20211031_150739-225x300.jpg 225w, https:\/\/erlebnis-parkplatz.net\/wp-content\/uploads\/2021\/11\/IMG_20211031_150739-1152x1536.jpg 1152w, https:\/\/erlebnis-parkplatz.net\/wp-content\/uploads\/2021\/11\/IMG_20211031_150739-1536x2048.jpg 1536w, https:\/\/erlebnis-parkplatz.net\/wp-content\/uploads\/2021\/11\/IMG_20211031_150739-900x1200.jpg 900w, https:\/\/erlebnis-parkplatz.net\/wp-content\/uploads\/2021\/11\/IMG_20211031_150739-1280x1707.jpg 1280w, https:\/\/erlebnis-parkplatz.net\/wp-content\/uploads\/2021\/11\/IMG_20211031_150739-scaled.jpg 1920w\" sizes=\"auto, (max-width: 768px) 100vw, 768px\" \/><\/a><\/figure>\n\n\n\n<p><em><strong>Bevor ich sterbe<\/strong><\/em><\/p>\n\n\n\n<p><em>von Erich Fried<\/em><\/p>\n\n\n\n<p>Noch einmal sprechen<br>von der W\u00e4rme des Lebens<br>damit doch einige wissen:<br>Es ist nicht warm<br>aber es k\u00f6nnte warm sein<\/p>\n\n\n\n<p>Bevor ich sterbe<br>noch einmal sprechen<br>von Liebe<br>damit doch einige sagen:<br>Das gab es<br>das muss es geben<\/p>\n\n\n\n<p>Noch einmal sprechen<br>vom Gl\u00fcck der Hoffnung auf Gl\u00fcck<br>damit doch einige fragen:<br>Was war das<br>wann kommt es wieder?<\/p>\n\n\n\n<p>Das ist ein Gedicht, von dem ich wei\u00df, dass mein Bruder Hermann es gelesen hat. Hermann ist tot und kann nichts mehr erz\u00e4hlen \u00fcber sein Leben \u2013 \u00fcber das, was ihn besonders machte, \u00fcber das, was f\u00fcr ihn sch\u00f6n war \u2013 W\u00e4rme, Liebe und Gl\u00fcck war \u2013 und \u00fcber das, was f\u00fcr ihn schwierig war. Darum m\u00f6chte ich dies an seiner Stelle versuchen. Ich werde aus der Sicht seiner zwei Jahre j\u00fcngeren Schwester erz\u00e4hlen \u2013 und versuchen, ihm dabei bestm\u00f6glich gerecht werden.<\/p>\n\n\n\n<p><strong>DIE SINNFRAGE<\/strong><\/p>\n\n\n\n<p>Hermann hat sein Leben mit sehr viel Sinn erf\u00fcllt. Er hat alles aus seinem Leben herausgeholt, was unter den gegebenen Umst\u00e4nden herauszuholen war. Er hat einen Weg gefunden, dies zu tun \u2013 bis es keinen Weg mehr gab.<\/p>\n\n\n\n<p>Hermann hat seinem Leben auf drei Arten Sinn gegeben:<\/p>\n\n\n\n<ul class=\"wp-block-list\"><li><strong>Er hat erstens sein Leben ganz intensiv gelebt. Er hat viele Dinge als sch\u00f6n, gut und bereichernd erfahren: <\/strong>Musik \u2013 Reisen \u2013 seine Klassengemeinschaft in Wieselburg \u2013 Feste \u2013 die Arbeit in der Landwirtschaft &#8211; den Einsatz f\u00fcr seine Familie und die Menschen, die ihm wichtig waren.<\/li><li><strong>Hermann hat zweitens seinem Leben Sinn gegeben, indem er die Welt ver\u00e4ndert hat und versucht hat, sie zum Besseren zu wenden \u2013 wo immer es ihm m\u00f6glich war. <\/strong>Hermann war grundehrlich und hatte einen \u00e4u\u00dferst hohen Gerechtigkeitssinn, gepaart mit einem gro\u00dfen Wissen und Gesp\u00fcr f\u00fcr Problemursachen. Es war ihm ein gro\u00dfes Anliegen, sich f\u00fcr den Schutz seiner Mitmenschen einzusetzen, insbesondere f\u00fcr den Schutz von Kindern. Er hat dabei nicht immer die angemessene Form gefunden, aber er ging Dingen immer auf den Grund und hat aus dieser Analyse heraus gehandelt.<\/li><li><strong>Hermann hat drittens dort, wo es n\u00f6tig war, Umst\u00e4nde zu ertragen, weil er sie nicht \u00e4ndern konnte, diese Situation nicht einfach passiv hingenommen. <\/strong>Er hat andere und auch sich selber gr\u00fcndlich hinterfragt und immer versucht, einen Umgang mit der jeweiligen Situation zu finden.<\/li><\/ul>\n\n\n\n<p>Musik spielte im Leben von Hermann eine ganz besondere Rolle. Ein ganz spezielles Erlebnis war dabei f\u00fcr ihn der Besuch des Konzerts \u00abThe Wall\u00bb von Pink Floyd nach dem Mauerfall in Berlin. Hermann fuhr mit seinem Auto dorthin. Eine so weite Reise f\u00fcr ein Konzert war damals v\u00f6llig un\u00fcblich. Er hat sich weder dann noch sonst irgendwann nach dem gerichtet, was \u00fcblich war. Er hat das gelebt, was ihn am meisten erf\u00fcllte. Auch malte er. <\/p>\n\n\n\n<p>Ganz intensiv hat Hermann das Leben auch mit seiner H\u00fcndin Sona erlebt. Als Sona von einem Autofahrer angefahren wurde und ums \u00dcberleben k\u00e4mpfte, pflegte er sie \u00fcber Wochen intensiv \u2013 bis sie eines Tages wieder aufstand. W\u00e4re <em>er<\/em> nicht gewesen, so w\u00e4re Sona damals eingeschl\u00e4fert worden. Er hat das verhindert. Er hat die Konfrontation mit den Schmerzen seiner geliebten H\u00fcndin nicht gescheut und erfahren, dass sein Da-Sein und sein Einsatz einen Unterschied machen \u2013 dass er damit sogar ein Leben retten konnte.<\/p>\n\n\n\n<p>Hermann war ehrlich und geradlinig. Er hatte den Mut zu sagen: Das passt so nicht f\u00fcr mich. Er hatte den Mut auszusprechen: Da ist ein Problem. Er tat dies zum Teil in einer Form, die \u00e4u\u00dferst herausfordernd und sehr oft auch \u00fcberfordernd war. Das \u00e4ndert aber nichts an folgender Tatsache: Er hat erkannt und ausgesprochen, was falsch l\u00e4uft. Er hat das nicht hintenrum getan, sondern geradlinig und direkt. Er hat Probleme sichtbar gemacht. Es lag nicht in seiner Macht, die von ihm erkannten Probleme zu l\u00f6sen. Dazu war das System zu stark \u2013 und er zu allein. Dazu war das System \u2013 aus meiner Sicht &#8211; auch zu krank.<\/p>\n\n\n\n<p>Hermann war sehr sensibel. Hermann war anders, als erwartet wurde. Er war ein Mensch, der sich nicht arrangierte. Damit war sein Umfeld oft \u00fcberfordert. Es war keine Menschen gewohnt, die sich nicht arrangierten. Hermann <em>konnte<\/em> sich nicht arrangieren. Dazu war sein bereits erw\u00e4hnter Gerechtigkeitssinn schlicht und einfach zu hoch. Er konnte Unrecht nicht hinnehmen. Er konnte nicht verstehen, wie andere das konnten. Es war f\u00fcr ihn von gr\u00f6\u00dfter Bedeutung, dass er seinen Anteil dazu leistete, das Unrecht, das er sah, beseitigen zu helfen.<\/p>\n\n\n\n<p>Von 14-19 Jahren besuchte er das Francisco Josephinum, die 5-j\u00e4hrige H\u00f6here Bundeslehranstalt f\u00fcr Landwirtschaft in Wieselburg, und zwar in der Fachrichtung Landtechnik. Mit 14 Jahren von zuhause wegzukommen in ein Internat war f\u00fcr ihn \u00e4u\u00dferst schwierig \u2013 und doch fand er in Wieselburg etwas, dass f\u00fcr ihn ganz wichtig war und bleiben w\u00fcrde: Eine Klassengemeinschaft, in der er Freunde hatte, und eine Schule, in der seine F\u00e4higkeiten z\u00e4hlten. Hermann war in vielen Dingen hochbegabt, v.a. in technischen Dingen und in Mathematik. Er absolvierte w\u00e4hrend seiner Schulzeit mehrere Praktika, eines davon in der Landmaschinenwerkst\u00e4tte des Lagerhauses Haag. Dieses schrieb in seinem Dienstzeugnis:<br><em>\u00abHerr Zauner hat auf Grund seiner leichten Auffassungsgabe und seines Flei\u00dfes alle ihm \u00fcbertragenen Aufgaben zur vollsten Zufriedenheit ausgef\u00fchrt. Wir haben Herrn Zauner als sehr flei\u00dfigen und freundlichen jungen Mann kennengelernt und w\u00fcnschen ihm auf seinem weiteren Lebensweg alles Gute.\u00bb<br><\/em>Ich habe diese Worte f\u00fcr diesen nach.ruf ausgew\u00e4hlt, weil sie das ausdr\u00fccken, was Hermann in seinem Leben viel zu wenig erfahren hat: Wertsch\u00e4tzung f\u00fcr das, was er war \u2013 und das, was er konnte.<\/p>\n\n\n\n<p>Im Jahr 1987 maturierte Hermann mit Auszeichnung. Es wurde ihm der Ingenieurstitel verliehen, der f\u00fcr ihn sp\u00e4ter sehr wichtig wurde. Der Titel sagte aus: Ich, Hermann Zauner, bin etwas und kann etwas. Er war f\u00fcr ihn \u2013 in meiner Wahrnehmung \u2013 ein Zeichen, dass er es verdiente, respektiert und wertgesch\u00e4tzt zu werden.<\/p>\n\n\n\n<p>Hermann blieb seinen Werten nach seinem Einstieg in die Arbeitswelt treu. Er fand in seiner zweiten Arbeitsstelle in Wien auch einen Arbeitgeber, der das, was er konnte sch\u00e4tzte und bei dem er sich wohlf\u00fchlte. Er bl\u00fchte auf. Hermann reiste, nahm am gesellschaftlichen Leben teil, ging abends fort, tanzte gerne, war Teil der Gesellschaft. Dann wechselte die Gesch\u00e4ftsf\u00fchrung seiner Firma und er stellte fest, dass er die neue Ausrichtung nicht mittragen konnte. Er k\u00fcndigte. Er hat leider nie wieder eine Firma gefunden, in der seine F\u00e4higkeiten so gesch\u00e4tzt wurden, wie in seiner ersten Zeit bei dieser Firma in Wien. <\/p>\n\n\n\n<p>Hermann sp\u00fcrte ganz klar, dass vieles falsch lief. Er erlebte, wie inkompetente Menschen F\u00fchrungspositionen einnahmen und er dagegen nichts ausrichten konnte. Er erlebte, dass Menschen, die ganz klare Verfehlungen begingen, keine Konsequenzen f\u00fcr ihre Fehler tragen mussten. Er war mit Vorgesetzten konfrontiert, denen er fachlich haushoch \u00fcberlegen war und die nicht begriffen, dass das, was sie verlangten, keinerlei fachlichen Sinn ergab. Er war mit inkompetenten Menschen in Beh\u00f6rden konfrontiert. Wenn er diese real existierenden Probleme ansprach, so war er mit einer doppelten Botschaft konfrontiert: Einerseits wurde ihm gesagt, dass er eh recht habe \u2013 und andererseits, dass man da halt nichts machen konnte und man sich da halt anpassen muss. Diese widerspr\u00fcchlichen Doppelbotschaften machten ihm sehr zu schaffen. Er suchte verzweifelt nach einem Ausweg, um die daraus resultierende Anspannung zu l\u00f6sen. Er wandte sich dabei auch an mich. Ich fand keinen Weg, ihm zu helfen. Wenn ich heute auf sein Leben zur\u00fcckblicke und die Schreiben lese, die er an verschiedene Stellen richtete, so zeigt sich mir klar: Hermann war grundehrlich und hat Dinge von Grund auf hinterfragt. Er hat die Dinge herausgesch\u00e4lt, an denen es in unserer Gesellschaft krankt. <\/p>\n\n\n\n<p>Hermann litt oft sehr stark. Er konnte &#8211; aus meiner Sicht &#8211; schlussendlich nie das aufl\u00f6sen, was ihn sein Leben lang begleitet hat: Dass er keinen wertgesch\u00e4tzten Platz in unserer Gesellschaft gefunden hat. Auch ich hatte Anteil daran, dass er diesen Platz nicht fand. Hermanns Tod best\u00e4rkt mich darin, dass alle Menschen einen wertgesch\u00e4tzten Platz verdienen und dass es in meiner &#8211; in unser aller &#8211; Verantwortung liegt, aktiv daran mitzuwirken, dass alle Menschen diesen ihnen zustehenden Platz auch bekommen: <em>Alle <\/em>Menschen, auch die  &#8211; und in meinen Augen sogar gerade insbesondere jene Menschen &#8211; die grundehrlich und hochsensibel sind. Wir brauchen solche Menschen. Wir brauchten Hermann. Jetzt ist er nicht mehr da. Ich werde ihn sehr vermissen. Er fehlt.<\/p>\n\n\n\n<p>Renate Zauner, 18.11.2021 (auf Grundlage des Nachrufs an der Verabschiedungsfeier vom 6.11.2021)<\/p>\n\n\n\n<p><\/p>\n\n\n\n<h3 class=\"wp-block-heading\"><strong>Krisenhilfe f\u00fcr Menschen mit Suizidgedanken<\/strong> <strong>und f\u00fcr Angeh\u00f6rige, die von Suizid betroffen sind<\/strong><\/h3>\n\n\n\n<h4 class=\"wp-block-heading\"><span class=\"has-inline-color has-vivid-green-cyan-color\"><\/span><span class=\"has-inline-color has-vivid-green-cyan-color\">\u00d6sterreich<\/span><\/h4>\n\n\n\n<p><strong>Krisenhilfe Ober\u00f6sterreich<\/strong>: Rat und Hilfe bei psychischen Krisen rund um die Uhr unter 0732 \/ 2177.<\/p>\n\n\n\n<p><a rel=\"noreferrer noopener\" href=\"https:\/\/www.suizidpraevention.at\/links.html\" target=\"_blank\">Links zu Hilfsangeboten f\u00fcr verschiedene Bundesl\u00e4nder und Bev\u00f6lkerungsgruppen<\/a> (\u00d6sterreichische Gesellschaft f\u00fcr Suizidpr\u00e4vention)<\/p>\n\n\n\n<h4 class=\"wp-block-heading\"><span class=\"has-inline-color has-vivid-green-cyan-color\"><\/span><span class=\"has-inline-color has-vivid-green-cyan-color\">Deutschland<\/span><\/h4>\n\n\n\n<p><a href=\"https:\/\/www.suizidprophylaxe.de\/hilfsangebote\/hilfsangebote\/\">Links Hilfsangebote<\/a> (Deutsche Gesellschaft f\u00fcr Suizidpr\u00e4vention)<\/p>\n\n\n\n<h4 class=\"wp-block-heading\"><mark style=\"background-color:rgba(0, 0, 0, 0)\" class=\"has-inline-color has-vivid-green-cyan-color\">Schweiz<\/mark><\/h4>\n\n\n\n<ul class=\"wp-block-list\"><li><strong>147<\/strong> : Beratungstelefon f\u00fcr Kinder und Jugendliche&nbsp;bis 25 Jahre<br>24 Stunden, gratis, anonym (dein Anruf erscheint nicht auf der Telefonrechnung deiner Eltern)<\/li><li><strong>143<\/strong> : Die Dargebotene Hand&nbsp;(f\u00fcr Erwachsene)<br>24 Stunden, 20 Rappen pro Anruf vom Festnetz, 70 Rappen pro Anruf aus Telefonkabine,&nbsp;anonym<\/li><li><strong>0848 800858<\/strong> : Pro Mente Sana<br>Beratungstelefon&nbsp; (Normaltarif) Mo, Di, Do 9-12, Do 14-17 Uhr<br>Beratung f\u00fcr psychisch kranke Menschen und ihre Angeh\u00f6rigen, auf Wunsch anonym<\/li><li><strong>0848 35 45 55<\/strong> : Elternnotruf<br>Hilfe f\u00fcr \u00fcberforderte Eltern&nbsp; (24h)<\/li><\/ul>\n\n\n\n<h4 class=\"wp-block-heading\">Hilfsangebote in deinem Kanton<\/h4>\n\n\n\n<ul class=\"wp-block-list\"><li><a href=\"http:\/\/www.ipsilon.ch\/de\/hilfe_finden\/kantone.cfm\">ipsilon.ch<\/a><\/li><\/ul>\n\n\n\n<hr class=\"wp-block-separator has-css-opacity\"\/>\n\n\n\n<h4 class=\"wp-block-heading\">Beratung im Internet<\/h4>\n\n\n\n<ul class=\"wp-block-list\"><li><a href=\"http:\/\/www.143.ch\">www.143.ch<\/a><br>Die Dargebotene Hand (f\u00fcr Erwachsene): Antwort innerhalb 48 Std<\/li><li><a href=\"https:\/\/www.147.ch\/de\/peerchat\/peer-chat\/\">Peer-Chat 147<\/a><br>Manchmal ist es einfacher, sich \u00fcber die eigene Situation mit Gleichaltrigen auszutauschen. Oft haben sie \u00e4hnliche Erfahrungen gemacht oder kennen zumindest das Problem. Genau das kannst du im Peer-Chat: ohne Anmeldung, vertraulich und kostenlos. F\u00fcr Jugendliche bis 25 Jahre<\/li><li><a href=\"https:\/\/www.147.ch\/de\/dein-kontakt-zu-uns\">www.147.ch\/de\/dein-kontakt-zu-uns<\/a><br>Wir sind f\u00fcr dich da. Beratung f\u00fcr Kinder und Jugendliche bis 25 Jahre: Chat, E-Mail, Telefon, SMS<\/li><li><a href=\"mailto:seelsorge@seelsorge.net\">seelsorge@seelsorge.net<\/a> oder&nbsp;<a href=\"http:\/\/www.seelsorge.net\">www.seelsorge.net<\/a><br>Pers\u00f6nliche Hilfe von Fachleuten aus verschiedenen Bereichen (Theologie, Psychologie usw.)<\/li><li><a href=\"mailto:das.goldene.ohr@kloster-einsiedeln.ch\">das.goldene.ohr@kloster-einsiedeln.ch<\/a> oder&nbsp;<a href=\"http:\/\/www.kloster-einsiedeln.ch\/?id=34\">www.kloster-einsiedeln.ch\/?id=34<\/a><br>Anlaufstelle f\u00fcr suchende Menschen, betreut von qualifiziertem Benediktinerm\u00f6nch<\/li><li><a href=\"mailto:24h@elternnotruf.ch\">24h@elternnotruf.ch<\/a> oder&nbsp;<a href=\"http:\/\/www.elternnotruf.ch\">www.elternnotruf.ch<\/a><br>Hilfe f\u00fcr \u00fcberforderte Eltern: Antwort innerhalb 2 Arbeitstagen<\/li><\/ul>\n\n\n\n<hr class=\"wp-block-separator has-css-opacity\"\/>\n\n\n\n<h4 class=\"wp-block-heading\">Hilfe per SMS<\/h4>\n\n\n\n<ul class=\"wp-block-list\"><li><strong>147<\/strong> : F\u00fcr eine Antwort ben\u00f6tigt Pro Juventute normalerweise zwischen 2 und 24 Stunden (kostenlos),&nbsp;f\u00fcr Kinder und Jugendliche bis 25 Jahre<\/li><\/ul>\n\n\n\n<hr class=\"wp-block-separator has-css-opacity\"\/>\n\n\n\n<h4 class=\"wp-block-heading\">Selbsthilfegruppen<\/h4>\n\n\n\n<ul class=\"wp-block-list\"><li><a href=\"http:\/\/www.verein-refugium.ch\/\">www.verein-refugium.ch<\/a><br>Selbsthilfegruppe f\u00fcr Hinterbliebene nach Suizid<\/li><li><a href=\"http:\/\/www.nebelmeer.net\/\">www.nebelmeer.net<\/a><br>Gruppe f\u00fcr Jugendliche, die einen Elternteil durch Suizid verloren haben<\/li><li><a href=\"http:\/\/www.lifewith.ch\">www.lifewith.ch<\/a><br>Gruppe von jungen Menschen, die eine Schwester oder einen Bruder durch Krankheit, Suizid oder Unfall verloren haben.<\/li><\/ul>\n\n\n\n<hr class=\"wp-block-separator has-css-opacity\"\/>\n\n\n\n<h4 class=\"wp-block-heading\">Psychologische Hilfe und Therapie<\/h4>\n\n\n\n<ul class=\"wp-block-list\"><li><a href=\"https:\/\/www.psychologie.ch\/members\">www.psychologie.ch<\/a><br>Suche nach Psychologinnen * Psychologen: Beratungsschwerpunkte, Ort, Sprache usw.<\/li><li><a href=\"http:\/\/www.psychotherapie.ch\">www.psychotherapie.ch<\/a><br>Kostenlose Vermittlung von Therapiepl\u00e4tzen. Schweizer Psychotherapeuten-Verband \/ SPV<\/li><\/ul>\n\n\n\n<hr class=\"wp-block-separator has-css-opacity\"\/>\n\n\n\n<h4 class=\"wp-block-heading\">Depression (Verein)<\/h4>\n\n\n\n<ul class=\"wp-block-list\"><li><a href=\"mailto:help@depression.ch\">help@depression.ch<\/a> oder&nbsp;<a href=\"http:\/\/www.depression.ch\">www.depression.ch<\/a><br>Verein zur Bew\u00e4ltigung von Depressionen<\/li><\/ul>\n","protected":false},"excerpt":{"rendered":"<p>Hermann Zauner28. J\u00e4nner 1968 &#8211; August 2021 Bevor ich sterbe von Erich Fried Noch einmal sprechenvon der W\u00e4rme des Lebensdamit doch einige wissen:Es ist nicht warmaber es k\u00f6nnte warm sein Bevor ich sterbenoch einmal sprechenvon Liebedamit doch einige sagen:Das gab esdas muss es geben Noch einmal sprechenvom Gl\u00fcck der Hoffnung auf Gl\u00fcckdamit doch einige fragen:Was&hellip; <a class=\"more-link\" href=\"https:\/\/erlebnis-parkplatz.net\/?page_id=5705\"><span class=\"screen-reader-text\">nach.ruf<\/span> weiterlesen<\/a><\/p>\n","protected":false},"author":2,"featured_media":0,"parent":0,"menu_order":0,"comment_status":"closed","ping_status":"closed","template":"","meta":{"footnotes":""},"class_list":["post-5705","page","type-page","status-publish","hentry","entry"],"_links":{"self":[{"href":"https:\/\/erlebnis-parkplatz.net\/index.php?rest_route=\/wp\/v2\/pages\/5705","targetHints":{"allow":["GET"]}}],"collection":[{"href":"https:\/\/erlebnis-parkplatz.net\/index.php?rest_route=\/wp\/v2\/pages"}],"about":[{"href":"https:\/\/erlebnis-parkplatz.net\/index.php?rest_route=\/wp\/v2\/types\/page"}],"author":[{"embeddable":true,"href":"https:\/\/erlebnis-parkplatz.net\/index.php?rest_route=\/wp\/v2\/users\/2"}],"replies":[{"embeddable":true,"href":"https:\/\/erlebnis-parkplatz.net\/index.php?rest_route=%2Fwp%2Fv2%2Fcomments&post=5705"}],"version-history":[{"count":21,"href":"https:\/\/erlebnis-parkplatz.net\/index.php?rest_route=\/wp\/v2\/pages\/5705\/revisions"}],"predecessor-version":[{"id":6212,"href":"https:\/\/erlebnis-parkplatz.net\/index.php?rest_route=\/wp\/v2\/pages\/5705\/revisions\/6212"}],"wp:attachment":[{"href":"https:\/\/erlebnis-parkplatz.net\/index.php?rest_route=%2Fwp%2Fv2%2Fmedia&parent=5705"}],"curies":[{"name":"wp","href":"https:\/\/api.w.org\/{rel}","templated":true}]}}