{"id":512,"date":"2014-04-22T21:39:44","date_gmt":"2014-04-22T21:39:44","guid":{"rendered":"http:\/\/erlebnis-parkplatz.net\/?page_id=512"},"modified":"2024-07-05T14:48:04","modified_gmt":"2024-07-05T13:48:04","slug":"ent-eig-nung","status":"publish","type":"page","link":"https:\/\/erlebnis-parkplatz.net\/?page_id=512","title":{"rendered":"Ent-EIG-nung"},"content":{"rendered":"\n<p>ein Text aus dem Jahr 2015<\/p>\n\n\n\n<p>Ich dachte, dass mein P\u00e4chter &amp; ich den &#8222;Enteignungs&#8220;-Prozess mit unseren Nutzungsvereinbarungen gestoppt h\u00e4tten. Ich habe mich get\u00e4uscht.<\/p>\n\n\n\n<p>Auch nach der Unterzeichnung der Vereinbarungen, erheben Menschen Anspruch darauf, zu bestimmen, wie ich mit meinem Eigentum umgehe &#8211; und mit meinem Leben.<\/p>\n\n\n\n<p>Darum habe ich ein &#8222;Gedicht&#8220;, das ich im April 2014 verfasst habe, aktualisiert. Und schalte es jetzt wieder online.<\/p>\n\n\n\n<h2 class=\"wp-block-heading\"><span style=\"color: #0000ff;\"><b>ICH<\/b><\/span><\/h2>\n\n\n\n<p><span style=\"color: #0000ff;\"><b>\u00a0Ich m\u00f6chte ich selbst sein, sein d\u00fcrfen \u2013 <\/b><\/span><\/p>\n\n\n\n<p><span style=\"color: #0000ff;\"><strong>sein wie ich EIGEN-tlich bin<\/strong><\/span><\/p>\n\n\n\n<ul class=\"wp-block-list\">\n<li>und auf und mit meinem EIGEN-tum nur Dinge mittragen, hinter denen ich auch stehen kann<\/li>\n\n\n\n<li>also habe ich im Sommer 2013 die Parkpl\u00e4tze an der Luisenh\u00f6he gek\u00fcndigt<\/li>\n\n\n\n<li>im November 2013 hat der Gemeinderat von Haag am Hausruck daraufhin eine Zwangsumwidmung eingeleitet<\/li>\n\n\n\n<li>die meine EIGENHEIT massiv bedrohte &#8211; den Weg zu einer Ent-EIGNUNG ebnete.<\/li>\n\n\n\n<li>Dann haben mein Vertragspartner &amp; ich im Juni 2014 unseren ganz EIGENEN (Aus-)Weg gefunden &#8211;<\/li>\n\n\n\n<li>im Juli 2014 einen Parkplatz-Raum geschaffen in dem wir beide Platz hatten &#8211; mit unser beider EIGEN-heiten.<\/li>\n\n\n\n<li>EIGENT-lich w\u00e4re damit die Ent-EIGNUNG beendet gewesen.<\/li>\n\n\n\n<li>doch dann wurde mein EIGENT-tum einfach vollgestellt.<\/li>\n\n\n\n<li>Mit Baumaterialien und Baumaschinen f\u00fcr genau das Projekt wegen dem ich gek\u00fcndigt hab<\/li>\n\n\n\n<li>EIGENT-lich h\u00e4tte man es wissen m\u00fcssen &#8211; dass ich das nicht will.<\/li>\n\n\n\n<li>Die entscheidende Frage ist n\u00e4mlich nicht, ob man EIGEN-heiten <span style=\"color: #0000ff;\">versteht&nbsp;<span style=\"color: #000000;\">&#8211; <\/span><\/span>oder nicht<\/li>\n\n\n\n<li>sondern ob man meine EIGEN-heiten <span style=\"color: #0000ff;\">akzeptiert<\/span>&nbsp;<span style=\"color: #000000;\">&#8211; egal ob man sie versteht.<\/span><\/li>\n\n\n\n<li>Wenn die GmbH meinen Parkplatz gegen meinen Willen f\u00fcr ihr Projekt nutzt, dann kann ich <span style=\"text-decoration: underline;\">nicht <\/span>sein wie ich EIGEN-tlich bin.<\/li>\n<\/ul>\n\n\n\n<p><span style=\"color: #0000ff;\"><b>Dann nimmt man mir das EIGENE weg.<\/b><\/span><\/p>\n\n\n\n<ul class=\"wp-block-list\">\n<li>Und das zieht mir den Boden unter den F\u00fcssen weg.<\/li>\n<\/ul>\n\n\n\n<p><strong><span style=\"color: #0000ff;\">Meine EIGENHEITEN werden mir genommen und in die \u00d6ffentlichkeit\/Masse eingeebnet.<\/span><\/strong><\/p>\n\n\n\n<ul class=\"wp-block-list\">\n<li>Ich habe kein Recht auf EIGEN-Tum.<\/li>\n\n\n\n<li>Ich darf nicht EIGEN sein.<\/li>\n\n\n\n<li>Ich soll so sein, wie alle anderen.<\/li>\n<\/ul>\n\n\n\n<p><span style=\"color: #0000ff;\"><strong>Ich stehe einem massiven Widerstand gegen\u00fcber meine EIGENEN Vorstellungen umzusetzen.<\/strong><\/span><\/p>\n\n\n\n<ul class=\"wp-block-list\">\n<li>&nbsp;Seit mehr als 2 Jahren.<\/li>\n<\/ul>\n\n\n\n<p><b><span style=\"color: #0000ff;\">Frau muss entschlossen sein, um sich vom <i>man <\/i>zu befreien.<\/span><\/b><\/p>\n\n\n\n<ul class=\"wp-block-list\">\n<li>Wer nicht entschlossen ist, schafft das nicht.<\/li>\n\n\n\n<li>Und lebt un-EIGEN-tlich.<\/li>\n<\/ul>\n\n\n\n<p><span style=\"color: #0000ff;\"><b>Ich m\u00f6chte EIGEN-tlich leben.<br>Darf ich das in Haag?<br><em>Wann <\/em>darf ich das in Haag?<\/b><\/span><\/p>\n","protected":false},"excerpt":{"rendered":"<p>ein Text aus dem Jahr 2015 Ich dachte, dass mein P\u00e4chter &amp; ich den &#8222;Enteignungs&#8220;-Prozess mit unseren Nutzungsvereinbarungen gestoppt h\u00e4tten. Ich habe mich get\u00e4uscht. Auch nach der Unterzeichnung der Vereinbarungen, erheben Menschen Anspruch darauf, zu bestimmen, wie ich mit meinem Eigentum umgehe &#8211; und mit meinem Leben. Darum habe ich ein &#8222;Gedicht&#8220;, das ich im&hellip; <a class=\"more-link\" href=\"https:\/\/erlebnis-parkplatz.net\/?page_id=512\"><span class=\"screen-reader-text\">Ent-EIG-nung<\/span> weiterlesen<\/a><\/p>\n","protected":false},"author":2,"featured_media":1638,"parent":5598,"menu_order":0,"comment_status":"closed","ping_status":"closed","template":"","meta":{"footnotes":""},"class_list":["post-512","page","type-page","status-publish","has-post-thumbnail","hentry","entry"],"_links":{"self":[{"href":"https:\/\/erlebnis-parkplatz.net\/index.php?rest_route=\/wp\/v2\/pages\/512","targetHints":{"allow":["GET"]}}],"collection":[{"href":"https:\/\/erlebnis-parkplatz.net\/index.php?rest_route=\/wp\/v2\/pages"}],"about":[{"href":"https:\/\/erlebnis-parkplatz.net\/index.php?rest_route=\/wp\/v2\/types\/page"}],"author":[{"embeddable":true,"href":"https:\/\/erlebnis-parkplatz.net\/index.php?rest_route=\/wp\/v2\/users\/2"}],"replies":[{"embeddable":true,"href":"https:\/\/erlebnis-parkplatz.net\/index.php?rest_route=%2Fwp%2Fv2%2Fcomments&post=512"}],"version-history":[{"count":16,"href":"https:\/\/erlebnis-parkplatz.net\/index.php?rest_route=\/wp\/v2\/pages\/512\/revisions"}],"predecessor-version":[{"id":9702,"href":"https:\/\/erlebnis-parkplatz.net\/index.php?rest_route=\/wp\/v2\/pages\/512\/revisions\/9702"}],"up":[{"embeddable":true,"href":"https:\/\/erlebnis-parkplatz.net\/index.php?rest_route=\/wp\/v2\/pages\/5598"}],"wp:featuredmedia":[{"embeddable":true,"href":"https:\/\/erlebnis-parkplatz.net\/index.php?rest_route=\/wp\/v2\/media\/1638"}],"wp:attachment":[{"href":"https:\/\/erlebnis-parkplatz.net\/index.php?rest_route=%2Fwp%2Fv2%2Fmedia&parent=512"}],"curies":[{"name":"wp","href":"https:\/\/api.w.org\/{rel}","templated":true}]}}