{"id":1315,"date":"2015-05-10T20:34:00","date_gmt":"2015-05-10T20:34:00","guid":{"rendered":"http:\/\/erlebnis-parkplatz.net\/?page_id=1315"},"modified":"2026-04-22T19:46:04","modified_gmt":"2026-04-22T18:46:04","slug":"alm-heilkraeuter","status":"publish","type":"page","link":"https:\/\/erlebnis-parkplatz.net\/?page_id=1315","title":{"rendered":"Wildbienen-Paradies Luisenh\u00f6he"},"content":{"rendered":"\n<p><span style=\"color: #3366ff;\"><em><strong>&#8222;Ich habe ein paar Blumen f\u00fcr Dich <\/strong><\/em>nicht <em><strong>gepfl\u00fcckt, um Dir Leben zu schenken&#8220;<br><\/strong><\/em><\/span><em>(angeblich: Christian Morgenstern)<\/em><\/p>\n\n\n\n<h3 class=\"wp-block-heading\">Inhaltsverzeichnis<\/h3>\n\n\n\n<p> <a href=\"#Das Wichtigste in K\u00fcrze\">Das Wichtigste in K\u00fcrze<\/a>      <\/p>\n\n\n\n<p><a href=\"#Posts zum Projektfortschritt\">Posts zum Projektfortschritt<\/a><\/p>\n\n\n\n<p><a href=\"#Ausgangslage\">Ausgangslage<\/a> <\/p>\n\n\n\n<p><a href=\"#Wieder mehr Nahrung\">Wieder mehr Natur<\/a><\/p>\n\n\n\n<p><a href=\"#2023: Start Renaturierung Parkpl\u00e4tze\">2023: Start Renaturierung Parkpl\u00e4tze<\/a><\/p>\n\n\n\n<p><a href=\"#2024: Blumenwiese und Bienenhotel\">2024: Blumenwiese und Bienenhotel<\/a><\/p>\n\n\n\n<p><a href=\"#2025: Noch mehr Futter und Lebensr\u00e4ume\">2025: Noch mehr Futter und Lebensr\u00e4ume<\/a><\/p>\n\n\n\n<h2 class=\"wp-block-heading\" id=\"Das Wichtigste in K\u00fcrze\">Das Wichtigste in K\u00fcrze<\/h2>\n\n\n<\/p>\n<p>\n\n\n<ul class=\"wp-block-list\">\n<li>Die <strong>B\u00f6schungen<\/strong> <strong>gestalte &amp; pflege ich bereits seit 2013 naturnah <\/strong><\/li>\n\n\n\n<li>Auf der <strong>gr\u00f6\u00dferen Parkplatzfl\u00e4che wurde die Spritzasphaltdecke entfernt<\/strong> und danach eine <strong>Wildblumensamenmischung<\/strong> ges\u00e4t, deren Pflanzen <strong>schon fleissig Nektar &amp; Pollen <\/strong>liefern.<\/li>\n\n\n\n<li>Die <strong>Rekultivierung der kleineren <\/strong>(vollst\u00e4ndig asphaltierten) <strong>Fl\u00e4che ist in Planung.<\/strong><\/li>\n<\/ul>\n\n\n<\/p>\n<p>\n\n\n<h2 class=\"wp-block-heading\" id=\"Posts zum Projektfortschritt\">Posts zum Projektfortschritt<\/h2>\n\n\n<\/p>\n<p>\n\n\n<ul class=\"wp-block-list\">\n<li><a href=\"https:\/\/erlebnis-parkplatz.net\/?p=13150\" target=\"_blank\" rel=\"noreferrer noopener\">Bienen &amp; Co. sind zur\u00fcck<\/a>, 22. April 2026<\/li>\n\n\n\n<li><a href=\"https:\/\/erlebnis-parkplatz.net\/?p=11910\" target=\"_blank\" rel=\"noreferrer noopener\">Bienen-Villa Kunterbunt<\/a>, 18. Oktober 2025<\/li>\n\n\n\n<li><a href=\"https:\/\/erlebnis-parkplatz.net\/?p=11870\" target=\"_blank\" rel=\"noreferrer noopener\">Sand, in neuem Gewand<\/a>, 21. September 2025<\/li>\n\n\n\n<li><a href=\"https:\/\/erlebnis-parkplatz.net\/?p=11723\" target=\"_blank\" rel=\"noreferrer noopener\">Steinreiches Paradies<\/a>, 1. Juni 2025<\/li>\n\n\n\n<li><a href=\"https:\/\/erlebnis-parkplatz.net\/?p=11693\" target=\"_blank\" rel=\"noreferrer noopener\">Tummelplatz Totholz<\/a>, 26. Mai 2025<\/li>\n\n\n\n<li><a href=\"https:\/\/erlebnis-parkplatz.net\/?p=11542\" target=\"_blank\" rel=\"noreferrer noopener\">Fr\u00fchlingserwachen im Bee Paradise<\/a>, 11. Mai 2025<\/li>\n\n\n\n<li><a href=\"https:\/\/erlebnis-parkplatz.net\/?p=11543\" target=\"_blank\" rel=\"noreferrer noopener\">Asphalthaufen Q&amp;A<\/a> &#8211; 3. und letzter Teil, 11. Mai 2025<\/li>\n\n\n\n<li><a href=\"https:\/\/erlebnis-parkplatz.net\/?p=11031\" target=\"_blank\" rel=\"noreferrer noopener\">leinkrautofrei<\/a>, 23. Januar 2025<\/li>\n\n\n\n<li><a href=\"https:\/\/erlebnis-parkplatz.net\/?p=10925\" target=\"_blank\" rel=\"noreferrer noopener\">My home is my castle<\/a>, 12. Januar 2025<\/li>\n\n\n\n<li><a href=\"https:\/\/erlebnis-parkplatz.net\/?p=10785\" target=\"_blank\" rel=\"noreferrer noopener\">Zur Weihnacht: Kornradekoration<\/a>, 26. Dezember 2024<\/li>\n\n\n\n<li><a href=\"https:\/\/erlebnis-parkplatz.net\/?p=10765\" target=\"_blank\" rel=\"noreferrer noopener\">Asphalt-Haufen: Q&amp;A Teil 2<\/a>, 23. Dezember 2024<\/li>\n\n\n\n<li><a href=\"https:\/\/erlebnis-parkplatz.net\/?p=9524\" data-type=\"link\" data-id=\"https:\/\/erlebnis-parkplatz.net\/?p=9524\" target=\"_blank\" rel=\"noreferrer noopener\">Asphalt-Haufen<\/a>: Q&amp;A, 30. Juli 2024<\/li>\n\n\n\n<li><a href=\"https:\/\/erlebnis-parkplatz.net\/?p=9990\" data-type=\"link\" data-id=\"https:\/\/erlebnis-parkplatz.net\/?p=9990\" target=\"_blank\" rel=\"noreferrer noopener\">Hummel-Getummel<\/a>, 26. Juli 2024<\/li>\n\n\n\n<li><a href=\"https:\/\/erlebnis-parkplatz.net\/?p=9957\" data-type=\"link\" data-id=\"https:\/\/erlebnis-parkplatz.net\/?p=9957\" target=\"_blank\" rel=\"noreferrer noopener\">Die erste Hummel<\/a>, 15. Juli 2024<\/li>\n\n\n\n<li><a href=\"https:\/\/erlebnis-parkplatz.net\/?p=9581\" data-type=\"link\" data-id=\"https:\/\/erlebnis-parkplatz.net\/?p=9581\" target=\"_blank\" rel=\"noreferrer noopener\">Gro\u00dfer Tag f\u00fcr kleine Tiere<\/a>, 20. Mai 2024<\/li>\n\n\n\n<li><a href=\"https:\/\/erlebnis-parkplatz.net\/?p=8114\" data-type=\"link\" data-id=\"https:\/\/erlebnis-parkplatz.net\/?p=8114\" target=\"_blank\" rel=\"noreferrer noopener\">Schwamm drunter<\/a>, 1. September 2023<\/li>\n\n\n\n<li><a href=\"https:\/\/erlebnis-parkplatz.net\/?p=6820\" data-type=\"link\" data-id=\"https:\/\/erlebnis-parkplatz.net\/?p=6820\" target=\"_blank\" rel=\"noreferrer noopener\">Hummeln oder Autos,<\/a> 2. Juli 2023<\/li>\n<\/ul>\n\n\n<\/p>\n<p>\n\n\n<h2 class=\"wp-block-heading\" id=\"Ausgangslage\">Ausgangslage<\/h2>\n\n\n<\/p>\n<p>\n\n\n<p>Das Wildbienenparadies Luisenh\u00f6he war fr\u00fcher ein Acker. Dann wurden auf dem gegen\u00fcberliegenden Hang Tourismuseinrichtungen errichtet und der Acker musste Parkplatzfl\u00e4chen weichen.<\/p>\n\n\n\n<figure class=\"wp-block-image size-large\"><a href=\"https:\/\/erlebnis-parkplatz.net\/wp-content\/uploads\/2025\/10\/2024-12-31-Lebensplatz-Haager-Purpursaemling-mit-Rauhreif-9-scaled.jpg\"><img loading=\"lazy\" decoding=\"async\" width=\"768\" height=\"1024\" src=\"https:\/\/erlebnis-parkplatz.net\/wp-content\/uploads\/2025\/10\/2024-12-31-Lebensplatz-Haager-Purpursaemling-mit-Rauhreif-9-768x1024.jpg\" alt=\"\" class=\"wp-image-11992\" srcset=\"https:\/\/erlebnis-parkplatz.net\/wp-content\/uploads\/2025\/10\/2024-12-31-Lebensplatz-Haager-Purpursaemling-mit-Rauhreif-9-768x1024.jpg 768w, https:\/\/erlebnis-parkplatz.net\/wp-content\/uploads\/2025\/10\/2024-12-31-Lebensplatz-Haager-Purpursaemling-mit-Rauhreif-9-225x300.jpg 225w, https:\/\/erlebnis-parkplatz.net\/wp-content\/uploads\/2025\/10\/2024-12-31-Lebensplatz-Haager-Purpursaemling-mit-Rauhreif-9-1152x1536.jpg 1152w, https:\/\/erlebnis-parkplatz.net\/wp-content\/uploads\/2025\/10\/2024-12-31-Lebensplatz-Haager-Purpursaemling-mit-Rauhreif-9-1536x2048.jpg 1536w, https:\/\/erlebnis-parkplatz.net\/wp-content\/uploads\/2025\/10\/2024-12-31-Lebensplatz-Haager-Purpursaemling-mit-Rauhreif-9-1568x2091.jpg 1568w, https:\/\/erlebnis-parkplatz.net\/wp-content\/uploads\/2025\/10\/2024-12-31-Lebensplatz-Haager-Purpursaemling-mit-Rauhreif-9-scaled.jpg 1920w\" sizes=\"auto, (max-width: 768px) 100vw, 768px\" \/><\/a><\/figure>\n\n\n\n<p>Doch es gab auch einen kleinen Lichtblick: Die durch die Anlage der zwei Parkplatzfl\u00e4chen geschaffene B\u00f6schung wuchs zu: Es entstand eine Baumhecke, in der auch eine leckere neue Apfelsorte entstand &#8211; der Haager Purpurs\u00e4mling.<\/p>\n\n\n<p>\n\n\n<h3 class=\"wp-block-heading\" id=\"Wieder mehr Nahrung\">Wieder mehr Nahrung<\/h3>\n\n\n\n<figure class=\"wp-block-image size-large\"><a href=\"https:\/\/erlebnis-parkplatz.net\/wp-content\/uploads\/2015\/08\/P1040588.jpg\"><img loading=\"lazy\" decoding=\"async\" width=\"1024\" height=\"576\" src=\"https:\/\/erlebnis-parkplatz.net\/wp-content\/uploads\/2015\/08\/P1040588-1024x576.jpg\" alt=\"\" class=\"wp-image-1750\" srcset=\"https:\/\/erlebnis-parkplatz.net\/wp-content\/uploads\/2015\/08\/P1040588-1024x576.jpg 1024w, https:\/\/erlebnis-parkplatz.net\/wp-content\/uploads\/2015\/08\/P1040588-300x168.jpg 300w\" sizes=\"auto, (max-width: 1024px) 100vw, 1024px\" \/><\/a><\/figure>\n\n\n<\/p>\n\n\n<p>Nachdem die Fl\u00e4chen 2013 in meinen Besitz kamen, begann ich, die Wiesenfl\u00e4chen und die Hecke wildbienenfreundlich zu gestalten: M\u00e4hen nur 1-2x pro Jahr (Blumen k\u00f6nnen absamen, Insekten haben Lebensr\u00e4ume im hohen Gras); Pflanzen von Wildblumen; Schaffung von Gr\u00fcnstreifen an der Hecke und Pflanzung von Heilkr\u00e4utern.<\/p>\n\n\n\n<p>Ich habe von 2006-2014 eine Alm in der Schweiz bewirtschaftet und hatte dort einen Heilkr\u00e4utergarten angelegt, mit dem ich Tiere und Menschen pflegte &#8211; und die Hummeln erfreute. Die allermeisten dieser Heilkr\u00e4uter habe ich im Fr\u00fchling 2015 auf der Alm ausgegraben und zu Fu\u00df je 500 H\u00f6henmeter ins Tal getragen und dann per Bus und Zug nach \u00d6sterreich gebracht.<\/p>\n\n\n\n<p>Am 8. Mai 2015 (70-j\u00e4hriger Jahrestags des Endes des 2. Weltkrieges) hab ich sie am Parkplatz eingepflanzt und gew\u00e4ssert, am n\u00e4chsten Tag hat die Natur gleich selbst\u00e4ndig nachgegossen. Einige der Almpflanzen stehen heute noch &#8211; andere haben sich in andere Welten verabschiedet. Sp\u00e4ter haben mir dann Freundinnen aus verschiedenen L\u00e4ndern Blumen und Kr\u00e4uter aus ihren G\u00e4rten geschenkt und ich hab auch selber welche gekauft oder im Garten des Hauses <a href=\"https:\/\/erlebnis-parkplatz.net\/?page_id=5705\" target=\"_blank\" rel=\"noreferrer noopener\">meines verstorbenen Bruders<\/a> ausgegraben und am Parkplatz angesiedelt.<\/p>\n\n\n\n<p>Insgesamt ist so auf den Parkplatzb\u00f6schungen neben der bereits bestehenden Hecke ein bunter Migrations-Kr\u00e4uter-Garten entstanden. Die Kr\u00e4uter verschiedener Herkunft bringen &#8211; in wechselndem Kommen und Gehen &#8211; farbige Energie an den Ort, liefern meinen geliebten Hummeln Nahrung und geben den Pflanzenelfen ein Zuhause (als Ausgleich zur Deponiewiese unterhalb vom Parkplatz&#8230;).<\/p>\n\n\n<p>\n\n\n<h2 class=\"wp-block-heading\" id=\"2023: Start Renaturierung Parkpl\u00e4tze\">2023: Start Renaturierung Parkpl\u00e4tze <\/h2>\n\n\n\n<figure class=\"wp-block-image size-large\"><a href=\"https:\/\/erlebnis-parkplatz.net\/wp-content\/uploads\/2025\/01\/2024-03-21-Wildbienenparadies-Luisenhoehe-Asphalt-klauben-Copyright-Renate-Zauner-scaled.jpg\"><img loading=\"lazy\" decoding=\"async\" width=\"768\" height=\"1024\" src=\"https:\/\/erlebnis-parkplatz.net\/wp-content\/uploads\/2025\/01\/2024-03-21-Wildbienenparadies-Luisenhoehe-Asphalt-klauben-Copyright-Renate-Zauner-768x1024.jpg\" alt=\"\" class=\"wp-image-10984\" srcset=\"https:\/\/erlebnis-parkplatz.net\/wp-content\/uploads\/2025\/01\/2024-03-21-Wildbienenparadies-Luisenhoehe-Asphalt-klauben-Copyright-Renate-Zauner-768x1024.jpg 768w, https:\/\/erlebnis-parkplatz.net\/wp-content\/uploads\/2025\/01\/2024-03-21-Wildbienenparadies-Luisenhoehe-Asphalt-klauben-Copyright-Renate-Zauner-225x300.jpg 225w, https:\/\/erlebnis-parkplatz.net\/wp-content\/uploads\/2025\/01\/2024-03-21-Wildbienenparadies-Luisenhoehe-Asphalt-klauben-Copyright-Renate-Zauner-1152x1536.jpg 1152w, https:\/\/erlebnis-parkplatz.net\/wp-content\/uploads\/2025\/01\/2024-03-21-Wildbienenparadies-Luisenhoehe-Asphalt-klauben-Copyright-Renate-Zauner-1536x2048.jpg 1536w, https:\/\/erlebnis-parkplatz.net\/wp-content\/uploads\/2025\/01\/2024-03-21-Wildbienenparadies-Luisenhoehe-Asphalt-klauben-Copyright-Renate-Zauner-1568x2091.jpg 1568w, https:\/\/erlebnis-parkplatz.net\/wp-content\/uploads\/2025\/01\/2024-03-21-Wildbienenparadies-Luisenhoehe-Asphalt-klauben-Copyright-Renate-Zauner-scaled.jpg 1920w\" sizes=\"auto, (max-width: 768px) 100vw, 768px\" \/><\/a><\/figure>\n\n\n<\/p>\n<p>\n\n\n<p>Die Vertr\u00e4ge zur Nutzung der Fl\u00e4chen wurden per 15. Mai 2023 aufgel\u00f6st (Hintergrund siehe &#8222;<a href=\"https:\/\/erlebnis-parkplatz.net\/?page_id=5598\" target=\"_blank\" rel=\"noreferrer noopener\">Luisenh\u00f6he<\/a>&#8222;). Ich beschloss, die Fl\u00e4che in ein Wildbienenparadies umzuwandeln.<\/p>\n\n\n<\/p>\n<p>\n\n\n<p>Von Sommer 2023 bis Fr\u00fchling 2024 habe ich die d\u00fcnne Spritzasphaltdecke, die Teile der unteren (gr\u00f6\u00dferen) Ex-Parkplatzfl\u00e4che bedeckte, entfernt. Das meiste per Hand. Zum Schluss kam dann bei den schwer entfernbaren dann noch mein Frontlader zum Einsatz. Diese Vorgangsweise ersparte Geld f\u00fcr Baggerkosten. Dieses habe ich in eine Bio-Wildblumensamenmischung und Wildblumenpflanzen f\u00fcr die Fl\u00e4che investiert.<\/p>\n\n\n<p>\n\n\n<h2 class=\"wp-block-heading\" id=\"2024: Blumenwiese und Bienenhotel\">2024: Blumenwiese und Bienenhotel<\/h2>\n\n\n\n<figure class=\"wp-block-image size-large\"><a href=\"https:\/\/erlebnis-parkplatz.net\/wp-content\/uploads\/2025\/01\/2024-08-07-Lebensplatz-1-Wildbienenhotel-scaled.jpg\"><img loading=\"lazy\" decoding=\"async\" width=\"768\" height=\"1024\" src=\"https:\/\/erlebnis-parkplatz.net\/wp-content\/uploads\/2025\/01\/2024-08-07-Lebensplatz-1-Wildbienenhotel-768x1024.jpg\" alt=\"\" class=\"wp-image-10926\" srcset=\"https:\/\/erlebnis-parkplatz.net\/wp-content\/uploads\/2025\/01\/2024-08-07-Lebensplatz-1-Wildbienenhotel-768x1024.jpg 768w, https:\/\/erlebnis-parkplatz.net\/wp-content\/uploads\/2025\/01\/2024-08-07-Lebensplatz-1-Wildbienenhotel-225x300.jpg 225w, https:\/\/erlebnis-parkplatz.net\/wp-content\/uploads\/2025\/01\/2024-08-07-Lebensplatz-1-Wildbienenhotel-1152x1536.jpg 1152w, https:\/\/erlebnis-parkplatz.net\/wp-content\/uploads\/2025\/01\/2024-08-07-Lebensplatz-1-Wildbienenhotel-1536x2048.jpg 1536w, https:\/\/erlebnis-parkplatz.net\/wp-content\/uploads\/2025\/01\/2024-08-07-Lebensplatz-1-Wildbienenhotel-1568x2091.jpg 1568w, https:\/\/erlebnis-parkplatz.net\/wp-content\/uploads\/2025\/01\/2024-08-07-Lebensplatz-1-Wildbienenhotel-scaled.jpg 1920w\" sizes=\"auto, (max-width: 768px) 100vw, 768px\" \/><\/a><figcaption class=\"wp-element-caption\">Wildbienenhotel im Wildbienenparadies Luisenh\u00f6he<\/figcaption><\/figure>\n\n\n<\/p>\n<p>\n\n\n<p><br>Die Fl\u00e4che wurde im Mai 2024 geeggt und Wildblumensamen anges\u00e4t (&#8222;<a href=\"https:\/\/erlebnis-parkplatz.net\/?p=9581\" target=\"_blank\" rel=\"noreferrer noopener\">Gro\u00dfer Tag f\u00fcr kleine Tiere<\/a>&#8222;). Passenderweise regnete es die zwei Wochen darauf fast t\u00e4glich, was f\u00fcr das Auflaufen der Samen ideal war.<\/p>\n\n\n\n<p>Am 20. Juli wurde auf der neu anges\u00e4ten Fl\u00e4che die erste Hummel gesichtet. Kurz sp\u00e4ter herrschte trotz des noch recht l\u00fcckigen Bestandes schon ein reges <a href=\"https:\/\/erlebnis-parkplatz.net\/?p=9990\" target=\"_blank\" rel=\"noreferrer noopener\">Hummel-Getummel.<\/a> Insgesamt war die Wiese im ersten Jahr noch recht l\u00fcckig, <a href=\"https:\/\/erlebnis-parkplatz.net\/?p=10785\" target=\"_blank\" rel=\"noreferrer noopener\">bei genauerem Hinschauen aber vielf\u00e4ltig bunt<\/a>.<\/p>\n\n\n\n<p>Im Jahr 2024 habe ich auch ein Wildbienenhotel aufgestellt und Totholzstrukturen angelegt.<\/p>\n\n\n<p>\n\n\n<h2 class=\"wp-block-heading\" id=\"2025: Noch mehr Futter und Lebensr\u00e4ume\">2025: Noch mehr Futter und Lebensr\u00e4ume<\/h2>\n\n\n\n<p>Im Jahr 2025 wurden ein Steinhaufens und eine Mini-Sandlinse angelegt. Damit ist nun folgendes Gesamtpaket f\u00fcr die Wildbienen verf\u00fcgbar:<\/p>\n\n\n\n<figure class=\"wp-block-image size-full\"><a href=\"https:\/\/erlebnis-parkplatz.net\/wp-content\/uploads\/2024\/03\/grafik.png\"><img loading=\"lazy\" decoding=\"async\" width=\"1006\" height=\"495\" src=\"https:\/\/erlebnis-parkplatz.net\/wp-content\/uploads\/2024\/03\/grafik.png\" alt=\"\" class=\"wp-image-9123\" srcset=\"https:\/\/erlebnis-parkplatz.net\/wp-content\/uploads\/2024\/03\/grafik.png 1006w, https:\/\/erlebnis-parkplatz.net\/wp-content\/uploads\/2024\/03\/grafik-300x148.png 300w, https:\/\/erlebnis-parkplatz.net\/wp-content\/uploads\/2024\/03\/grafik-768x378.png 768w\" sizes=\"auto, (max-width: 1006px) 100vw, 1006px\" \/><\/a><\/figure>\n\n\n\n<figure class=\"wp-block-image size-full\"><a href=\"https:\/\/erlebnis-parkplatz.net\/wp-content\/uploads\/2024\/03\/grafik-1.png\"><img loading=\"lazy\" decoding=\"async\" width=\"931\" height=\"408\" src=\"https:\/\/erlebnis-parkplatz.net\/wp-content\/uploads\/2024\/03\/grafik-1.png\" alt=\"\" class=\"wp-image-9124\" srcset=\"https:\/\/erlebnis-parkplatz.net\/wp-content\/uploads\/2024\/03\/grafik-1.png 931w, https:\/\/erlebnis-parkplatz.net\/wp-content\/uploads\/2024\/03\/grafik-1-300x131.png 300w, https:\/\/erlebnis-parkplatz.net\/wp-content\/uploads\/2024\/03\/grafik-1-768x337.png 768w\" sizes=\"auto, (max-width: 931px) 100vw, 931px\" \/><\/a><\/figure>\n\n\n<\/p>\n\n\n<p>Was jetzt in Bezug auf Entsiegelung noch zu tun bleibt, ist die Entsiegelung der vollst\u00e4ndig asphaltierten Fl\u00e4chen: Einfahrten der unteren, gr\u00f6sseren Fl\u00e4che und kleinere obere Fl\u00e4che. Wann das genau passiert, ist derzeit in Planung.<\/p>\n\n\n\n<p><strong>Letzte Aktualisierung<\/strong><\/p>\n\n\n<div class=\"wp-block-post-date__modified-date wp-block-post-date\"><time datetime=\"2026-04-22T19:46:04+01:00\">22. April 2026<\/time><\/div>\n\n\n<p><\/p>\n","protected":false},"excerpt":{"rendered":"<p>&#8222;Ich habe ein paar Blumen f\u00fcr Dich nicht gepfl\u00fcckt, um Dir Leben zu schenken&#8220;(angeblich: Christian Morgenstern) Inhaltsverzeichnis Das Wichtigste in K\u00fcrze Posts zum Projektfortschritt Ausgangslage Wieder mehr Natur 2023: Start Renaturierung Parkpl\u00e4tze 2024: Blumenwiese und Bienenhotel 2025: Noch mehr Futter und Lebensr\u00e4ume Das Wichtigste in K\u00fcrze Posts zum Projektfortschritt Ausgangslage Das Wildbienenparadies Luisenh\u00f6he war fr\u00fcher&hellip; <a class=\"more-link\" href=\"https:\/\/erlebnis-parkplatz.net\/?page_id=1315\"><span class=\"screen-reader-text\">Wildbienen-Paradies Luisenh\u00f6he<\/span> weiterlesen<\/a><\/p>\n","protected":false},"author":2,"featured_media":9866,"parent":5728,"menu_order":1,"comment_status":"closed","ping_status":"closed","template":"","meta":{"footnotes":""},"class_list":["post-1315","page","type-page","status-publish","has-post-thumbnail","hentry","entry"],"_links":{"self":[{"href":"https:\/\/erlebnis-parkplatz.net\/index.php?rest_route=\/wp\/v2\/pages\/1315","targetHints":{"allow":["GET"]}}],"collection":[{"href":"https:\/\/erlebnis-parkplatz.net\/index.php?rest_route=\/wp\/v2\/pages"}],"about":[{"href":"https:\/\/erlebnis-parkplatz.net\/index.php?rest_route=\/wp\/v2\/types\/page"}],"author":[{"embeddable":true,"href":"https:\/\/erlebnis-parkplatz.net\/index.php?rest_route=\/wp\/v2\/users\/2"}],"replies":[{"embeddable":true,"href":"https:\/\/erlebnis-parkplatz.net\/index.php?rest_route=%2Fwp%2Fv2%2Fcomments&post=1315"}],"version-history":[{"count":187,"href":"https:\/\/erlebnis-parkplatz.net\/index.php?rest_route=\/wp\/v2\/pages\/1315\/revisions"}],"predecessor-version":[{"id":13209,"href":"https:\/\/erlebnis-parkplatz.net\/index.php?rest_route=\/wp\/v2\/pages\/1315\/revisions\/13209"}],"up":[{"embeddable":true,"href":"https:\/\/erlebnis-parkplatz.net\/index.php?rest_route=\/wp\/v2\/pages\/5728"}],"wp:featuredmedia":[{"embeddable":true,"href":"https:\/\/erlebnis-parkplatz.net\/index.php?rest_route=\/wp\/v2\/media\/9866"}],"wp:attachment":[{"href":"https:\/\/erlebnis-parkplatz.net\/index.php?rest_route=%2Fwp%2Fv2%2Fmedia&parent=1315"}],"curies":[{"name":"wp","href":"https:\/\/api.w.org\/{rel}","templated":true}]}}